{"id":37835,"date":"2021-10-15T08:19:20","date_gmt":"2021-10-15T08:19:20","guid":{"rendered":"https:\/\/www.headshop.nl\/?post_type=product&#038;p=37835"},"modified":"2025-11-18T14:37:59","modified_gmt":"2025-11-18T14:37:59","slug":"yellow-borneo-kratom","status":"publish","type":"product","link":"https:\/\/www.headshop.nl\/fr\/yellow-borneo-kratom\/","title":{"rendered":"Yellow Borneo Kratom"},"content":{"rendered":"<h2 data-start=\"396\" data-end=\"430\">Qu'est-ce que Yellow Borneo Kratom ?<\/h2>\n<p data-start=\"431\" data-end=\"1166\">Yellow Borneo Kratom est une souche sp\u00e9cifique de l'arbre Mitragyna speciosa, connue pour ses effets stimulants. Elle tire son nom de la r\u00e9gion de Born\u00e9o, o\u00f9 la plante est principalement cultiv\u00e9e, et de sa teinte jaune caract\u00e9ristique. Le processus de s\u00e9chage unique, qui implique un s\u00e9chage rapide au soleil, est ce qui donne \u00e0 cette vari\u00e9t\u00e9 son profil de saveur distinct et ses effets puissants. Les feuilles de la Yellow Borneo Kratom sont soigneusement trait\u00e9es pour maintenir leur efficacit\u00e9 tout en minimisant l'amertume, bien qu'elle ait toujours un go\u00fbt l\u00e9g\u00e8rement amer par rapport \u00e0 d'autres vari\u00e9t\u00e9s. De nombreux utilisateurs optent pour cette Kratom dans des boissons comme les shakes, les jus de fruits ou les chocolats faits maison, et elle est largement utilis\u00e9e par les athl\u00e8tes et ceux qui recherchent un regain d'\u00e9nergie.<\/p>\n<p data-start=\"1168\" data-end=\"1607\">Yellow Borneo Kratom est \u00e9galement connue pour ses effets l\u00e9g\u00e8rement plus stimulants que les autres souches de Kratom. Cela la rend populaire pour l'am\u00e9lioration de l'\u00e9nergie physique et mentale. Bien que certains la trouvent plus am\u00e8re, elle reste tr\u00e8s appr\u00e9ci\u00e9e pour ses propri\u00e9t\u00e9s naturelles d'augmentation de l'\u00e9nergie. Pour ceux qui cherchent \u00e0 augmenter leur concentration, leur vigilance et leur bien-\u00eatre g\u00e9n\u00e9ral, la Yellow Borneo Kratom offre une alternative naturelle aux stimulants plus traditionnels.<\/p>\n<h2 data-start=\"1614\" data-end=\"1650\">Historique de Yellow Borneo Kratom<\/h2>\n<p data-start=\"1651\" data-end=\"2275\">L'histoire du Yellow Borneo Kratom remonte aux cultures indig\u00e8nes de l'Asie du Sud-Est, o\u00f9 le Kratom est utilis\u00e9 depuis des si\u00e8cles pour ses propri\u00e9t\u00e9s m\u00e9dicinales et th\u00e9rapeutiques. L'arbre Mitragyna speciosa, dont le Kratom est d\u00e9riv\u00e9, est originaire des r\u00e9gions tropicales de l'Asie du Sud-Est, en particulier de Thailand, de Malaisie et d'Indon\u00e9sie. Au fil du temps, diff\u00e9rentes souches de Kratom ont \u00e9t\u00e9 d\u00e9velopp\u00e9es et affin\u00e9es, chaque souche portant le nom de la r\u00e9gion o\u00f9 elle a \u00e9t\u00e9 cultiv\u00e9e. La souche Yellow Borneo Kratom, en particulier, est originaire de l'\u00eele de Born\u00e9o, connue pour ses conditions climatiques et p\u00e9dologiques id\u00e9ales pour la culture de la Kratom.<\/p>\n<p data-start=\"2277\" data-end=\"2907\">Alors que le Kratom est traditionnellement utilis\u00e9 pour le traitement de la douleur et comme stimulant \u00e9nerg\u00e9tique en Asie du Sud-Est, la popularit\u00e9 du Yellow Borneo Kratom s'est rapidement accrue en Occident, en particulier en Californie. Sa l\u00e9g\u00e8re amertume, son processus de s\u00e9chage unique et sa capacit\u00e9 \u00e0 produire des effets \u00e0 la fois stimulants et calmants en ont fait l'un des produits pr\u00e9f\u00e9r\u00e9s des amateurs de Kratom. En Californie, il est reconnu comme un ingr\u00e9dient polyvalent pour les smoothies, les boissons \u00e9nergisantes et m\u00eame les recettes de petit-d\u00e9jeuner soucieuses de la sant\u00e9. Cette combinaison d'histoire et d'innovation a ciment\u00e9 la place de Yellow Borneo Kratom en tant qu'\u00e9l\u00e9ment de base dans le monde des suppl\u00e9ments naturels.<\/p>\n<h2 data-start=\"2914\" data-end=\"2950\">Comment utiliser Yellow Borneo Kratom<\/h2>\n<p data-start=\"2951\" data-end=\"3350\">Pour utiliser efficacement le Yellow Borneo Kratom, on le pr\u00e9pare le plus souvent sous forme de th\u00e9. La m\u00e9thode recommand\u00e9e consiste \u00e0 dissoudre 4 \u00e0 5 grammes de poudre de Kratom dans de l'eau chaude, \u00e0 une temp\u00e9rature comprise entre 70 et 95 degr\u00e9s Celsius. Le th\u00e9 doit \u00eatre infus\u00e9 pendant environ 3 \u00e0 5 minutes pour garantir que les compos\u00e9s actifs du Kratom sont correctement extraits. Il n'est pas n\u00e9cessaire de filtrer le th\u00e9, car toutes les parties des feuilles peuvent \u00eatre consomm\u00e9es.<\/p>\n<p data-start=\"3352\" data-end=\"3876\">Certains utilisateurs pr\u00e9f\u00e8rent ajouter des fruits ou du miel au th\u00e9 pour en att\u00e9nuer l'amertume et en faire une boisson plus agr\u00e9able. En outre, le Yellow Borneo Kratom peut \u00eatre m\u00e9lang\u00e9 \u00e0 des smoothies ou \u00e0 des milk-shakes, o\u00f9 il se marie bien avec d'autres ingr\u00e9dients et fournit un regain d'\u00e9nergie qui dure toute la journ\u00e9e. Pour ceux qui recherchent un effet l\u00e9ger, il est recommand\u00e9 d'en consommer entre 3 et 5 grammes. Il est important de noter que les effets du Kratom peuvent varier en fonction du poids corporel de l'individu, de sa sensibilit\u00e9 et de la puissance du Kratom utilis\u00e9.<\/p>\n<p data-start=\"3878\" data-end=\"4083\">Comme pour tout suppl\u00e9ment \u00e0 base de plantes, il est essentiel de commencer par une petite dose afin d'\u00e9valuer la r\u00e9ponse de votre corps. Au fil du temps, certains utilisateurs peuvent constater qu'ils ont besoin d'ajuster leur dosage pour obtenir les effets souhait\u00e9s.<\/p>\n<h2 data-start=\"4090\" data-end=\"4130\">Ingr\u00e9dients de Yellow Borneo Kratom<\/h2>\n<p data-start=\"4131\" data-end=\"4659\">L'ingr\u00e9dient principal du Yellow Borneo Kratom est la poudre de feuilles s\u00e9ch\u00e9es de l'arbre Mitragyna speciosa. Les feuilles de l'arbre sont soigneusement r\u00e9colt\u00e9es, trait\u00e9es et s\u00e9ch\u00e9es selon une m\u00e9thode unique qui conf\u00e8re au Yellow Borneo ses caract\u00e9ristiques distinctes. Le processus de s\u00e9chage, qui implique un bref s\u00e9jour au soleil, am\u00e9liore le profil alcalo\u00efde du Kratom, en particulier ses compos\u00e9s actifs, la mitragynine et la 7-hydroxymitragynine. Ces compos\u00e9s sont responsables des effets stimulants et calmants g\u00e9n\u00e9ralement associ\u00e9s au Kratom.<\/p>\n<p data-start=\"4661\" data-end=\"5050\">L'arbre Mitragyna speciosa pousse dans les climats tropicaux humides de l'Asie du Sud-Est, en particulier dans les r\u00e9gions de Born\u00e9o et de Sumatra. Les feuilles de haute qualit\u00e9 r\u00e9colt\u00e9es dans ces r\u00e9gions sont broy\u00e9es en une fine poudre et conditionn\u00e9es pour la consommation. En tant que produit naturel, Yellow Borneo Kratom ne contient pas de produits chimiques ou de substances artificielles ajout\u00e9es, ce qui en fait un compl\u00e9ment pur \u00e0 base de plantes.<\/p>\n<p data-start=\"5052\" data-end=\"5361\">La teneur en alcalo\u00efdes de la Kratom peut varier en fonction de la souche et du processus de s\u00e9chage, et la Yellow Borneo est connue pour ses effets \u00e9quilibr\u00e9s, procurant aux utilisateurs \u00e0 la fois de l'\u00e9nergie et une l\u00e9g\u00e8re relaxation. La forme en poudre des feuilles permet une consommation facile et polyvalente, qu'elle soit m\u00e9lang\u00e9e \u00e0 un th\u00e9, \u00e0 un milk-shake ou \u00e0 d'autres boissons.<\/p>\n<p data-start=\"5368\" data-end=\"5700\" data-is-last-node=\"\"><strong data-start=\"5368\" data-end=\"5380\">Avertissement :<\/strong><br data-start=\"5380\" data-end=\"5383\" \/>Ce produit n'est pas destin\u00e9 \u00e0 \u00eatre vendu ou utilis\u00e9 par des personnes de moins de 18 ans. Tenir hors de port\u00e9e des enfants. Ne pas utiliser si vous souffrez d'hypertension ou d'hypotension, de probl\u00e8mes cardiaques ou pulmonaires, de diab\u00e8te, si vous \u00eates enceinte ou si vous consommez des m\u00e9dicaments, des drogues ou de l'alcool. Consultez toujours un professionnel de la sant\u00e9 avant d'utiliser un suppl\u00e9ment.<\/p>","protected":false},"excerpt":{"rendered":"<p>Yellow Borneo Kratom est une vari\u00e9t\u00e9 unique connue pour ses effets puissants, r\u00e9colt\u00e9e sur l'arbre Mitragyna speciosa. Transform\u00e9e par une br\u00e8ve m\u00e9thode de s\u00e9chage au soleil, elle est particuli\u00e8rement populaire en Californie, o\u00f9 elle est ajout\u00e9e aux milk-shakes, aux boissons aux fruits et m\u00eame aux petits-d\u00e9jeuners pour donner de l'\u00e9nergie. D'un go\u00fbt l\u00e9g\u00e8rement amer, il peut \u00eatre adouci avec des fruits ou du miel.<\/p>","protected":false},"featured_media":82195,"template":"","meta":[],"product_brand":[],"product_cat":[390,297,389,817,396,405,384],"product_tag":[],"class_list":{"0":"post-37835","1":"product","2":"type-product","3":"status-publish","4":"has-post-thumbnail","6":"product_cat-kratom","7":"product_cat-all-products","8":"product_cat-herbs","9":"product_cat-kratopia","10":"product_cat-relax","11":"product_cat-relax-herbs","12":"product_cat-smartshop","13":"product_shipping_class-group-7","15":"first","16":"instock","17":"taxable","18":"shipping-taxable","19":"purchasable","20":"product-type-variable","21":"has-default-attributes"},"_links":{"self":[{"href":"https:\/\/www.headshop.nl\/fr\/wp-json\/wp\/v2\/product\/37835","targetHints":{"allow":["GET"]}}],"collection":[{"href":"https:\/\/www.headshop.nl\/fr\/wp-json\/wp\/v2\/product"}],"about":[{"href":"https:\/\/www.headshop.nl\/fr\/wp-json\/wp\/v2\/types\/product"}],"wp:featuredmedia":[{"embeddable":true,"href":"https:\/\/www.headshop.nl\/fr\/wp-json\/wp\/v2\/media\/82195"}],"wp:attachment":[{"href":"https:\/\/www.headshop.nl\/fr\/wp-json\/wp\/v2\/media?parent=37835"}],"wp:term":[{"taxonomy":"product_brand","embeddable":true,"href":"https:\/\/www.headshop.nl\/fr\/wp-json\/wp\/v2\/product_brand?post=37835"},{"taxonomy":"product_cat","embeddable":true,"href":"https:\/\/www.headshop.nl\/fr\/wp-json\/wp\/v2\/product_cat?post=37835"},{"taxonomy":"product_tag","embeddable":true,"href":"https:\/\/www.headshop.nl\/fr\/wp-json\/wp\/v2\/product_tag?post=37835"}],"curies":[{"name":"wp","href":"https:\/\/api.w.org\/{rel}","templated":true}]}}