{"id":37830,"date":"2021-10-15T08:19:10","date_gmt":"2021-10-15T08:19:10","guid":{"rendered":"https:\/\/www.headshop.nl\/?post_type=product&#038;p=37830"},"modified":"2025-11-18T14:38:00","modified_gmt":"2025-11-18T14:38:00","slug":"white-bali-kratom","status":"publish","type":"product","link":"https:\/\/www.headshop.nl\/fr\/white-bali-kratom\/","title":{"rendered":"White Bali Kratom"},"content":{"rendered":"<h2 data-start=\"367\" data-end=\"398\">Qu'est-ce que le White Bali Kratom ?<\/h2>\n<p data-start=\"399\" data-end=\"787\">Le White Bali Kratom est une souche de Mitragyna speciosa, un arbre originaire d'Asie du Sud-Est. Comme les autres vari\u00e9t\u00e9s Kratom, la White Bali est d\u00e9riv\u00e9e des feuilles de l'arbre Kratom, mais ses effets uniques proviennent des m\u00e9thodes sp\u00e9cifiques de traitement et de r\u00e9colte utilis\u00e9es. La White Bali est connue pour procurer une sensation d'\u00e9nergie et d'euphorie, ce qui en fait l'une des vari\u00e9t\u00e9s de Kratom les plus populaires au monde.<\/p>\n<p data-start=\"789\" data-end=\"1260\">Le principal avantage du White Bali Kratom est sa capacit\u00e9 \u00e0 stimuler l'\u00e9nergie et \u00e0 am\u00e9liorer l'humeur. Il est souvent utilis\u00e9 pour combattre la fatigue, am\u00e9liorer la concentration et promouvoir un sentiment de bien-\u00eatre. Les utilisateurs rapportent avoir ressenti une plus grande concentration, une clart\u00e9 mentale et une motivation accrue apr\u00e8s avoir consomm\u00e9 de la White Bali Kratom. Cette vari\u00e9t\u00e9 est particuli\u00e8rement appr\u00e9ci\u00e9e par les personnes qui ont besoin d'un regain d'\u00e9nergie mentale et physique, que ce soit pour la productivit\u00e9 ou simplement pour commencer la journ\u00e9e en se sentant revigor\u00e9.<\/p>\n<p data-start=\"1262\" data-end=\"1544\">La composition chimique unique du White Bali Kratom, r\u00e9sultant de la combinaison des feuilles de diff\u00e9rents arbres Kratom, contribue \u00e0 ses effets distinctifs. Elle est g\u00e9n\u00e9ralement s\u00e9ch\u00e9e \u00e0 l'endroit o\u00f9 se trouve l'arbre, que ce soit \u00e0 Born\u00e9o, \u00e0 Sumatra ou \u00e0 Bali, afin de pr\u00e9server ses puissants alcalo\u00efdes.<\/p>\n<h2 data-start=\"1551\" data-end=\"1584\">Histoire du blanc Bali Kratom<\/h2>\n<p data-start=\"1585\" data-end=\"2006\">L'histoire du White Bali Kratom est li\u00e9e \u00e0 l'utilisation traditionnelle du Kratom en Asie du Sud-Est. Pendant des si\u00e8cles, les populations indig\u00e8nes de cette r\u00e9gion ont utilis\u00e9 le Kratom pour ses propri\u00e9t\u00e9s m\u00e9dicinales, notamment le soulagement de la douleur, l'am\u00e9lioration de l'humeur et l'augmentation de l'\u00e9nergie. Cependant, le White Bali Kratom a gagn\u00e9 en popularit\u00e9 gr\u00e2ce \u00e0 ses propri\u00e9t\u00e9s uniques, en particulier sa capacit\u00e9 \u00e0 procurer une exp\u00e9rience \u00e9nergisante et euphorique.<\/p>\n<p data-start=\"2008\" data-end=\"2427\">Le White Bali Kratom est un m\u00e9lange de feuilles provenant de diff\u00e9rents arbres Kratom que l'on trouve \u00e0 Born\u00e9o, Sumatra et Bali. Ces arbres sont soigneusement s\u00e9lectionn\u00e9s pour leur teneur en alcalo\u00efdes, qui varie en fonction de la r\u00e9gion et des conditions de culture. Le processus de s\u00e9chage joue un r\u00f4le essentiel dans le maintien de la puissance des alcalo\u00efdes, les feuilles \u00e9tant s\u00e9ch\u00e9es sur place, \u00e0 l'emplacement de l'arbre, ce qui permet de pr\u00e9server leurs effets naturels.<\/p>\n<p data-start=\"2429\" data-end=\"2725\">Au fil des ans, la White Bali Kratom a gagn\u00e9 en popularit\u00e9, en particulier dans les pays occidentaux, en raison de sa remarquable capacit\u00e9 \u00e0 stimuler et \u00e0 \u00e9nergiser les utilisateurs. Elle est devenue le choix pr\u00e9f\u00e9r\u00e9 de ceux qui recherchent un stimulant naturel qui ne comporte pas les risques associ\u00e9s aux alternatives synth\u00e9tiques.<\/p>\n<h2 data-start=\"2732\" data-end=\"2765\">Comment utiliser White Bali Kratom<\/h2>\n<p data-start=\"2766\" data-end=\"3098\">La fa\u00e7on la plus courante de consommer le White Bali Kratom est de l'infuser sous forme de th\u00e9. Pour pr\u00e9parer le th\u00e9, il suffit de dissoudre 4 \u00e0 5 grammes de poudre de White Bali Kratom dans de l'eau chaude (entre 70 et 95 \u00b0C) et de l'infuser pendant 3 \u00e0 5 minutes. Cette m\u00e9thode permet de profiter pleinement des effets du Kratom tout en procurant une exp\u00e9rience apaisante et agr\u00e9able.<\/p>\n<p data-start=\"3100\" data-end=\"3441\">Pour des r\u00e9sultats optimaux, il est recommand\u00e9 de commencer par une faible dose et de l'augmenter progressivement en fonction de la r\u00e9ponse de l'organisme. Les effets \u00e9nergisants du White Bali Kratom commencent g\u00e9n\u00e9ralement \u00e0 se faire sentir au bout de 15 minutes et peuvent durer plusieurs heures, en fonction du dosage et de facteurs individuels tels que le poids et le m\u00e9tabolisme.<\/p>\n<p data-start=\"3443\" data-end=\"3774\">Il est \u00e9galement courant que les utilisateurs m\u00e9langent le White Bali Kratom \u00e0 des jus de fruits ou \u00e0 d'autres boissons pour en am\u00e9liorer la saveur et les effets. Bien que le th\u00e9 soit la m\u00e9thode pr\u00e9f\u00e9r\u00e9e, la White Bali Kratom peut \u00e9galement \u00eatre ing\u00e9r\u00e9e sous forme de g\u00e9lules ou ajout\u00e9e \u00e0 des smoothies. Comme pour toutes les souches Kratom, il est important de la consommer de mani\u00e8re responsable et d'\u00e9viter un usage excessif.<\/p>\n<h2 data-start=\"3781\" data-end=\"3818\">Ingr\u00e9dients de White Bali Kratom<\/h2>\n<p data-start=\"3819\" data-end=\"4292\">L'ingr\u00e9dient principal du White Bali Kratom est la feuille en poudre de l'arbre Mitragyna speciosa, en particulier les feuilles r\u00e9colt\u00e9es sur les arbres Kratom dans des r\u00e9gions comme Born\u00e9o, Sumatra et Bali. Ces arbres sont s\u00e9lectionn\u00e9s pour leur teneur en alcalo\u00efdes, qui conf\u00e8rent au White Bali Kratom ses effets \u00e9nergisants et euphorisants. Les principaux compos\u00e9s actifs du White Bali Kratom sont la mitragynine et la 7-hydroxymitragynine, qui sont responsables de ses propri\u00e9t\u00e9s stimulantes et euphorisantes.<\/p>\n<p data-start=\"4294\" data-end=\"4726\">Une fois r\u00e9colt\u00e9es, les feuilles subissent un processus de s\u00e9chage afin de pr\u00e9server la puissance de ces alcalo\u00efdes. Le processus de s\u00e9chage varie en fonction de l'endroit, mais il a g\u00e9n\u00e9ralement lieu dans l'environnement naturel o\u00f9 poussent les arbres, ce qui contribue \u00e0 pr\u00e9server la puret\u00e9 de la plante. En s\u00e9lectionnant et en traitant soigneusement les feuilles, le White Bali Kratom conserve ses effets distinctifs, procurant aux utilisateurs un regain d'\u00e9nergie naturel et une meilleure concentration.<\/p>\n<p data-start=\"4728\" data-end=\"4992\">En tant que produit pur et naturel, le White Bali Kratom ne contient pas de produits chimiques artificiels ni d'additifs, ce qui en fait un moyen propre et efficace d'exp\u00e9rimenter les bienfaits du Kratom. Il est exempt de toute substance synth\u00e9tique et offre une alternative v\u00e9g\u00e9tale aux autres stimulants.<\/p>\n<p data-start=\"4999\" data-end=\"5340\" data-is-last-node=\"\"><strong data-start=\"4999\" data-end=\"5011\">Avertissement :<\/strong><br data-start=\"5011\" data-end=\"5014\" \/>Ce produit n'est pas destin\u00e9 \u00e0 \u00eatre utilis\u00e9 par des personnes de moins de 18 ans. Tenir hors de port\u00e9e des enfants. Ne pas utiliser si vous souffrez d'hypertension ou d'hypotension, de probl\u00e8mes cardiaques ou pulmonaires, de diab\u00e8te, si vous \u00eates enceinte ou si vous consommez des m\u00e9dicaments, des drogues ou de l'alcool. Consultez toujours un professionnel de la sant\u00e9 avant d'utiliser un suppl\u00e9ment.<\/p>","protected":false},"excerpt":{"rendered":"<p>La White Bali Kratom est une vari\u00e9t\u00e9 populaire connue pour ses effets stimulants et \u00e9nergisants. R\u00e9put\u00e9e pour ses propri\u00e9t\u00e9s euphorisantes, cette vari\u00e9t\u00e9 est recherch\u00e9e par ceux qui souhaitent am\u00e9liorer leur humeur, leur \u00e9nergie et leur concentration. La White Bali Kratom peut \u00eatre consomm\u00e9e sous forme de th\u00e9, offrant une mani\u00e8re naturelle et rafra\u00eechissante d'exp\u00e9rimenter ses effets stimulants.<\/p>","protected":false},"featured_media":82204,"template":"","meta":[],"product_brand":[],"product_cat":[390,297,389,817,396,405,384],"product_tag":[],"class_list":{"0":"post-37830","1":"product","2":"type-product","3":"status-publish","4":"has-post-thumbnail","6":"product_cat-kratom","7":"product_cat-all-products","8":"product_cat-herbs","9":"product_cat-kratopia","10":"product_cat-relax","11":"product_cat-relax-herbs","12":"product_cat-smartshop","13":"product_shipping_class-group-7","15":"first","16":"instock","17":"taxable","18":"shipping-taxable","19":"purchasable","20":"product-type-variable","21":"has-default-attributes"},"_links":{"self":[{"href":"https:\/\/www.headshop.nl\/fr\/wp-json\/wp\/v2\/product\/37830","targetHints":{"allow":["GET"]}}],"collection":[{"href":"https:\/\/www.headshop.nl\/fr\/wp-json\/wp\/v2\/product"}],"about":[{"href":"https:\/\/www.headshop.nl\/fr\/wp-json\/wp\/v2\/types\/product"}],"wp:featuredmedia":[{"embeddable":true,"href":"https:\/\/www.headshop.nl\/fr\/wp-json\/wp\/v2\/media\/82204"}],"wp:attachment":[{"href":"https:\/\/www.headshop.nl\/fr\/wp-json\/wp\/v2\/media?parent=37830"}],"wp:term":[{"taxonomy":"product_brand","embeddable":true,"href":"https:\/\/www.headshop.nl\/fr\/wp-json\/wp\/v2\/product_brand?post=37830"},{"taxonomy":"product_cat","embeddable":true,"href":"https:\/\/www.headshop.nl\/fr\/wp-json\/wp\/v2\/product_cat?post=37830"},{"taxonomy":"product_tag","embeddable":true,"href":"https:\/\/www.headshop.nl\/fr\/wp-json\/wp\/v2\/product_tag?post=37830"}],"curies":[{"name":"wp","href":"https:\/\/api.w.org\/{rel}","templated":true}]}}