{"id":37828,"date":"2021-10-15T08:19:08","date_gmt":"2021-10-15T08:19:08","guid":{"rendered":"https:\/\/www.headshop.nl\/?post_type=product&#038;p=37828"},"modified":"2025-11-18T14:38:01","modified_gmt":"2025-11-18T14:38:01","slug":"super-bali-gold-kratom","status":"publish","type":"product","link":"https:\/\/www.headshop.nl\/fr\/super-bali-gold-kratom\/","title":{"rendered":"Super Bali Gold Kratom"},"content":{"rendered":"<h2 data-start=\"328\" data-end=\"371\">Qu'est-ce que Kratopia Super Bali Gold Kratom ?<\/h2>\n<p data-start=\"373\" data-end=\"1311\">Kratopia Super Bali Gold Kratom est un m\u00e9lange sp\u00e9cialement con\u00e7u pour cibler des effets sp\u00e9cifiques, tels que l'am\u00e9lioration de l'humeur et le soulagement de la douleur. Connue pour ses propri\u00e9t\u00e9s relaxantes, cette vari\u00e9t\u00e9 de kratom est la plus am\u00e8re des vari\u00e9t\u00e9s, c'est pourquoi elle est souvent consomm\u00e9e avec un \u00e9dulcorant, comme le miel, pour en masquer le go\u00fbt. Le m\u00e9lange est issu d'un assemblage de feuilles de kratom provenant de diff\u00e9rentes r\u00e9gions, offrant une combinaison unique d'effets calmants et th\u00e9rapeutiques. Super Bali Gold Kratom n'est pas seulement utilis\u00e9 pour ses effets physiques, mais aussi pour sa capacit\u00e9 \u00e0 am\u00e9liorer le bien-\u00eatre mental, en aidant les individus \u00e0 trouver un soulagement au stress, \u00e0 l'anxi\u00e9t\u00e9 et \u00e0 l'inconfort. Bien qu'il soit originaire de Bali, o\u00f9 les arbres \u00e0 kratom ne sont pas natifs, le nom est conserv\u00e9 pour refl\u00e9ter ses racines historiques dans la r\u00e9gion. Aujourd'hui, la plupart du kratom est export\u00e9 de Kalimantan, en Indon\u00e9sie, mais le Super Bali Gold Kratom reste un choix populaire pour ceux qui recherchent une exp\u00e9rience \u00e9quilibr\u00e9e et relaxante.<\/p>\n<h2 data-start=\"1313\" data-end=\"1358\">Historique de Kratopia Super Bali Gold Kratom<\/h2>\n<p data-start=\"1360\" data-end=\"2329\">Kratopia Super Bali Gold Kratom a une riche histoire qui remonte \u00e0 Bali, o\u00f9 elle \u00e9tait autrefois un important exportateur de produits de kratom. Cependant, Bali ne poss\u00e8de pas d'arbres \u00e0 kratom indig\u00e8nes. Au lieu de cela, les commer\u00e7ants locaux m\u00e9langeaient des feuilles de kratom provenant de diff\u00e9rents pays et r\u00e9gions pour cr\u00e9er des m\u00e9langes qui se concentraient sur des effets sp\u00e9cifiques. Ces m\u00e9langes, dont le Super Bali Gold, sont devenus c\u00e9l\u00e8bres pour leur capacit\u00e9 \u00e0 r\u00e9pondre \u00e0 des besoins particuliers, tels que la relaxation et le soulagement de la douleur. Au fil du temps, le nom \"Bali\" est devenu synonyme de kratom de haute qualit\u00e9, m\u00eame si l'exportation de kratom provient maintenant principalement de Kalimantan, en Indon\u00e9sie, o\u00f9 les arbres \u00e0 kratom sont abondants. Le processus de s\u00e9lection des feuilles et de fabrication de ces m\u00e9langes uniques a permis \u00e0 Bali de maintenir sa r\u00e9putation dans le commerce du kratom pendant de nombreuses ann\u00e9es. Aujourd'hui, le Super Bali Gold Kratom continue d'\u00eatre v\u00e9n\u00e9r\u00e9 pour ses effets calmants, et de nombreux utilisateurs se tournent vers lui pour sa capacit\u00e9 \u00e0 r\u00e9duire le stress et \u00e0 promouvoir un sentiment de bien-\u00eatre.<\/p>\n<h2 data-start=\"2331\" data-end=\"2376\">Comment utiliser Kratopia Super Bali Gold Kratom<\/h2>\n<p data-start=\"2378\" data-end=\"3263\">L'utilisation de Kratopia Super Bali Gold Kratom est simple et directe. Pour pr\u00e9parer ce suppl\u00e9ment \u00e0 base de plantes, il est recommand\u00e9 de pr\u00e9parer une tasse de th\u00e9 en dissolvant 4 \u00e0 5 grammes de poudre de kratom dans de l'eau chaude, \u00e0 une temp\u00e9rature comprise entre 70 et 95 degr\u00e9s Celsius. Pour un r\u00e9sultat optimal, laissez le th\u00e9 infuser pendant 3 \u00e0 5 minutes. Il n'est pas n\u00e9cessaire de filtrer le th\u00e9, car tout le contenu peut \u00eatre consomm\u00e9. Comme pour tout produit \u00e0 base de kratom, il est important de commencer par une dose plus faible afin d'\u00e9valuer la r\u00e9action de votre corps avant d'ajuster le dosage. Alors que le dosage typique pour les nouveaux utilisateurs est de 3 \u00e0 5 grammes de poudre, les utilisateurs plus exp\u00e9riment\u00e9s peuvent trouver qu'ils ont besoin d'un dosage l\u00e9g\u00e8rement plus \u00e9lev\u00e9 pour atteindre les effets d\u00e9sir\u00e9s. Le Super Bali Gold Kratom doit \u00eatre consomm\u00e9 de mani\u00e8re responsable et avec mod\u00e9ration, car des doses plus \u00e9lev\u00e9es peuvent entra\u00eener des effets plus s\u00e9datifs. Veillez toujours \u00e0 respecter le dosage recommand\u00e9 en fonction de vos besoins personnels et de votre poids corporel.<\/p>\n<h2 data-start=\"3265\" data-end=\"3314\">Ingr\u00e9dients de Kratopia Super Bali Gold Kratom<\/h2>\n<p data-start=\"3316\" data-end=\"4288\">L'ingr\u00e9dient principal du Kratopia Super Bali Gold Kratom est le suivant <strong data-start=\"3377\" data-end=\"3399\">Mitragyna speciosa<\/strong>Le kratom est un arbre tropical originaire d'Asie du Sud-Est. Les feuilles de cet arbre sont r\u00e9colt\u00e9es et transform\u00e9es en poudre de kratom. Les diff\u00e9rentes vari\u00e9t\u00e9s de kratom sont connues pour leur profil alcalo\u00efde unique, qui contribue \u00e0 leurs effets. Dans le cas de Super Bali Gold, la combinaison de feuilles provenant de diff\u00e9rentes r\u00e9gions permet d'obtenir un m\u00e9lange \u00e9quilibr\u00e9 avec des propri\u00e9t\u00e9s am\u00e9lior\u00e9es pour l'humeur et le soulagement de la douleur. Cette vari\u00e9t\u00e9 de kratom est connue pour son go\u00fbt fort et amer, c'est pourquoi de nombreux utilisateurs la m\u00e9langent avec du miel ou d'autres \u00e9dulcorants. Bien que le m\u00e9lange exact de feuilles utilis\u00e9 dans Super Bali Gold soit exclusif, l'ingr\u00e9dient est toujours Mitragyna speciosa, qui est utilis\u00e9 depuis des si\u00e8cles pour ses bienfaits m\u00e9dicinaux. Il est important de noter que Kratopia Super Bali Gold est un suppl\u00e9ment \u00e0 base de plantes et doit \u00eatre utilis\u00e9 avec prudence, surtout si vous \u00eates novice en mati\u00e8re de kratom ou si vous avez d\u00e9j\u00e0 des probl\u00e8mes de sant\u00e9.<\/p>\n<p data-start=\"4290\" data-end=\"4302\"><strong data-start=\"4290\" data-end=\"4302\">Avertissement :<\/strong><\/p>\n<p data-start=\"4304\" data-end=\"4631\">La vente et l'utilisation de Kratopia Super Bali Gold Kratom sont interdites aux personnes de moins de 18 ans. Tenir hors de port\u00e9e des enfants. Ne pas utiliser si vous souffrez d'hypertension ou d'hypotension, de probl\u00e8mes cardiaques ou pulmonaires, de diab\u00e8te, si vous \u00eates enceinte ou si vous prenez des m\u00e9dicaments, des drogues ou de l'alcool. Consultez toujours un professionnel de la sant\u00e9 avant d'utiliser ce produit.<\/p>","protected":false},"excerpt":{"rendered":"<p>Kratopia Super Bali Gold Kratom est un m\u00e9lange unique et puissant, connu pour ses propri\u00e9t\u00e9s d'am\u00e9lioration de l'humeur et de soulagement de la douleur. Ce kratom a des effets relaxants, ce qui le rend id\u00e9al pour ceux qui cherchent \u00e0 se d\u00e9tendre. En raison de son amertume, il est souvent m\u00e9lang\u00e9 avec du miel ou un autre \u00e9dulcorant pour un meilleur go\u00fbt.<\/p>","protected":false},"featured_media":82207,"template":"","meta":[],"product_brand":[],"product_cat":[390,297,389,817,396,405,384],"product_tag":[],"class_list":{"0":"post-37828","1":"product","2":"type-product","3":"status-publish","4":"has-post-thumbnail","6":"product_cat-kratom","7":"product_cat-all-products","8":"product_cat-herbs","9":"product_cat-kratopia","10":"product_cat-relax","11":"product_cat-relax-herbs","12":"product_cat-smartshop","13":"product_shipping_class-group-7","15":"first","16":"instock","17":"taxable","18":"shipping-taxable","19":"purchasable","20":"product-type-variable","21":"has-default-attributes"},"_links":{"self":[{"href":"https:\/\/www.headshop.nl\/fr\/wp-json\/wp\/v2\/product\/37828","targetHints":{"allow":["GET"]}}],"collection":[{"href":"https:\/\/www.headshop.nl\/fr\/wp-json\/wp\/v2\/product"}],"about":[{"href":"https:\/\/www.headshop.nl\/fr\/wp-json\/wp\/v2\/types\/product"}],"wp:featuredmedia":[{"embeddable":true,"href":"https:\/\/www.headshop.nl\/fr\/wp-json\/wp\/v2\/media\/82207"}],"wp:attachment":[{"href":"https:\/\/www.headshop.nl\/fr\/wp-json\/wp\/v2\/media?parent=37828"}],"wp:term":[{"taxonomy":"product_brand","embeddable":true,"href":"https:\/\/www.headshop.nl\/fr\/wp-json\/wp\/v2\/product_brand?post=37828"},{"taxonomy":"product_cat","embeddable":true,"href":"https:\/\/www.headshop.nl\/fr\/wp-json\/wp\/v2\/product_cat?post=37828"},{"taxonomy":"product_tag","embeddable":true,"href":"https:\/\/www.headshop.nl\/fr\/wp-json\/wp\/v2\/product_tag?post=37828"}],"curies":[{"name":"wp","href":"https:\/\/api.w.org\/{rel}","templated":true}]}}