{"id":37826,"date":"2021-10-15T08:19:03","date_gmt":"2021-10-15T08:19:03","guid":{"rendered":"https:\/\/www.headshop.nl\/?post_type=product&#038;p=37826"},"modified":"2026-02-11T13:26:17","modified_gmt":"2026-02-11T13:26:17","slug":"red-maeng-da-kratom","status":"publish","type":"product","link":"https:\/\/www.headshop.nl\/fr\/red-maeng-da-kratom\/","title":{"rendered":"Red Maeng Da Kratom"},"content":{"rendered":"<h2 data-start=\"469\" data-end=\"500\">Qu'est-ce que le Red Maeng Da Kratom ?<\/h2>\n<p data-start=\"502\" data-end=\"1441\">Red Maeng Da Kratom est une vari\u00e9t\u00e9 de kratom qui se distingue par ses effets puissants, \u00e0 la fois stimulants et calmants. Connu pour ses propri\u00e9t\u00e9s \u00e9nergisantes, Red Maeng Da est souvent utilis\u00e9 pour am\u00e9liorer l'humeur, augmenter la concentration et soulager la douleur. Les feuilles sont g\u00e9n\u00e9ralement r\u00e9colt\u00e9es puis ferment\u00e9es pour obtenir leur couleur rouge caract\u00e9ristique, qui renforce les alcalo\u00efdes qu'elles contiennent. Ce processus fait de Red Maeng Da l'une des souches de kratom les plus puissantes disponibles. Original D\u00e9velopp\u00e9e en Thailand par la greffe de diff\u00e9rents arbres \u00e0 kratom, la Red Maeng Da a \u00e9t\u00e9 sp\u00e9cialement s\u00e9lectionn\u00e9e pour prosp\u00e9rer dans l'environnement chaud et humide de l'Asie du Sud-Est. Il est depuis devenu un choix populaire pour les utilisateurs de kratom du monde entier qui recherchent un moyen naturel d'am\u00e9liorer leur \u00e9nergie et leur bien-\u00eatre. Bien qu'il existe depuis des si\u00e8cles en Asie du Sud-Est, le Red Maeng Da Kratom a gagn\u00e9 en popularit\u00e9 en Occident au cours des derni\u00e8res d\u00e9cennies en raison de ses effets puissants.<\/p>\n<h2 data-start=\"1443\" data-end=\"1476\">Histoire de Red Maeng Da Kratom<\/h2>\n<p data-start=\"1478\" data-end=\"2508\">L'histoire du Red Maeng Da Kratom remonte \u00e0 la fin du 19\u00e8me si\u00e8cle en Thailand. Les fermiers de Thai, \u00e0 la recherche d'un arbre \u00e0 kratom plus r\u00e9sistant, capable de supporter le climat chaud et humide du pays, ont commenc\u00e9 \u00e0 exp\u00e9rimenter la greffe de diff\u00e9rentes souches de kratom. Gr\u00e2ce \u00e0 cette m\u00e9thode innovante, ils ont cr\u00e9\u00e9 la vari\u00e9t\u00e9 Maeng Da, sp\u00e9cialement con\u00e7ue pour r\u00e9sister aux d\u00e9fis environnementaux de l'Asie du Sud-Est. Contrairement aux arbres de kratom traditionnels, qui sont sensibles aux conditions difficiles de la r\u00e9gion, les arbres Maeng Da sont s\u00e9lectionn\u00e9s pour \u00eatre plus robustes et plus r\u00e9sistants. Le nom \"Maeng Da\", qui se traduit par \"pimp-grade\" en Thai, refl\u00e8te la puissance \u00e9lev\u00e9e et la qualit\u00e9 sup\u00e9rieure de cette vari\u00e9t\u00e9. La variante rouge du Maeng Da, connue sous le nom de Red Maeng Da, est obtenue gr\u00e2ce \u00e0 un processus de fermentation qui augmente la teneur en alcalo\u00efdes des feuilles, ce qui accro\u00eet encore sa puissance et son efficacit\u00e9. Au fil du temps, le Red Maeng Da Kratom a \u00e9t\u00e9 reconnu au-del\u00e0 du pays Thai, devenant un produit tr\u00e8s recherch\u00e9 dans le monde entier pour ses effets \u00e9quilibr\u00e9s et \u00e9nergisants.<\/p>\n<h2 data-start=\"2510\" data-end=\"2543\">Comment utiliser Red Maeng Da Kratom<\/h2>\n<p data-start=\"2545\" data-end=\"3547\">Le Red Maeng Da Kratom est g\u00e9n\u00e9ralement consomm\u00e9 sous forme de th\u00e9, ce qui le rend facile \u00e0 pr\u00e9parer et \u00e0 d\u00e9guster. Pour pr\u00e9parer une tasse de th\u00e9 au kratom, il faut dissoudre 4 \u00e0 5 grammes de poudre de Red Maeng Da dans de l'eau chaude, \u00e0 une temp\u00e9rature comprise entre 70 et 95 degr\u00e9s Celsius. Laissez le th\u00e9 infuser pendant 3 \u00e0 5 minutes pour extraire efficacement les alcalo\u00efdes. Il n'est pas n\u00e9cessaire de filtrer le th\u00e9, car tous les composants peuvent \u00eatre consomm\u00e9s sans danger. Lorsque vous utilisez Red Maeng Da pour la premi\u00e8re fois, il est recommand\u00e9 de commencer par une dose plus faible et d'ajuster progressivement la quantit\u00e9 en fonction de la r\u00e9ponse de votre corps. De nombreux utilisateurs estiment que 3 \u00e0 5 grammes de poudre de kratom suffisent pour obtenir un effet l\u00e9ger, tandis que les utilisateurs plus exp\u00e9riment\u00e9s peuvent avoir besoin d'un dosage plus \u00e9lev\u00e9 pour obtenir le niveau de soulagement d\u00e9sir\u00e9. Il est important de se rappeler que les effets du kratom peuvent varier en fonction de la tol\u00e9rance individuelle, il est donc crucial de l'utiliser de mani\u00e8re responsable et avec mod\u00e9ration. Comme pour tout autre suppl\u00e9ment, il convient d'\u00e9viter toute consommation excessive afin de ne pas d\u00e9velopper de tol\u00e9rance ou de ne pas subir d'effets secondaires ind\u00e9sirables.<\/p>\n<h2 data-start=\"3549\" data-end=\"3586\">Ingr\u00e9dients de Red Maeng Da Kratom<\/h2>\n<p data-start=\"3588\" data-end=\"4651\">L'ingr\u00e9dient principal du Red Maeng Da Kratom est le suivant <strong data-start=\"3637\" data-end=\"3659\">Mitragyna speciosa<\/strong>Le kratom est un arbre tropical originaire d'Asie du Sud-Est. Les feuilles de cet arbre sont soigneusement r\u00e9colt\u00e9es et transform\u00e9es en poudre, qui est ensuite utilis\u00e9e pour cr\u00e9er le suppl\u00e9ment de kratom. Red Maeng Da se distingue des autres vari\u00e9t\u00e9s de kratom par son processus de fermentation, qui non seulement donne aux feuilles leur couleur rouge caract\u00e9ristique, mais amplifie \u00e9galement les alcalo\u00efdes responsables de ses puissants effets. Le processus de fermentation renforce les propri\u00e9t\u00e9s de la souche qui stimulent l'humeur, donnent de l'\u00e9nergie et soulagent la douleur, ce qui en fait un produit tr\u00e8s recherch\u00e9 par les utilisateurs de kratom. Comme les autres vari\u00e9t\u00e9s de kratom, Red Maeng Da contient des alcalo\u00efdes tels que la mitragynine et la 7-hydroxymitragynine, qui interagissent avec les r\u00e9cepteurs du corps pour produire leurs effets. Bien que le m\u00e9lange exact de feuilles utilis\u00e9 dans le Red Maeng Da soit exclusif, il est toujours d\u00e9riv\u00e9 de Mitragyna speciosa, qui a une longue histoire d'utilisation dans la m\u00e9decine traditionnelle en Asie du Sud-Est. Le Red Maeng Da Kratom doit \u00eatre utilis\u00e9 de mani\u00e8re responsable afin de garantir une utilisation s\u00fbre et efficace.<\/p>\n<p data-start=\"4653\" data-end=\"4665\"><strong data-start=\"4653\" data-end=\"4665\">Avertissement :<\/strong><\/p>\n<p data-start=\"4667\" data-end=\"4982\">La vente et l'utilisation du Red Maeng Da Kratom sont interdites aux personnes \u00e2g\u00e9es de moins de 18 ans. Tenir hors de port\u00e9e des enfants. Ne pas utiliser si vous souffrez d'hypertension ou d'hypotension, de probl\u00e8mes cardiaques ou pulmonaires, de diab\u00e8te, si vous \u00eates enceinte ou si vous prenez des m\u00e9dicaments, des drogues ou de l'alcool. Consultez toujours un professionnel de la sant\u00e9 avant d'utiliser ce produit.<\/p>","protected":false},"excerpt":{"rendered":"<p>On ne peut vraiment pas se tromper avec n'importe quelle vari\u00e9t\u00e9 de Maeng Da et la Red ne fait pas exception. Connue pour \u00eatre l'une des vari\u00e9t\u00e9s les plus puissantes, elle contient de nombreux alcalo\u00efdes psychoactifs qui provoquent des effets physiques et mentaux qui, lorsqu'ils sont utilis\u00e9s avec pr\u00e9caution, procurent des avantages int\u00e9ressants pour votre bien-\u00eatre.<\/p>","protected":false},"featured_media":82210,"template":"","meta":[],"product_brand":[],"product_cat":[390,297,389,817,396,405,384,625],"product_tag":[],"class_list":{"0":"post-37826","1":"product","2":"type-product","3":"status-publish","4":"has-post-thumbnail","6":"product_cat-kratom","7":"product_cat-all-products","8":"product_cat-herbs","9":"product_cat-kratopia","10":"product_cat-relax","11":"product_cat-relax-herbs","12":"product_cat-smartshop","13":"product_cat-smartshop-top-10","14":"product_shipping_class-group-7","16":"first","17":"instock","18":"taxable","19":"shipping-taxable","20":"purchasable","21":"product-type-variable","22":"has-default-attributes"},"_links":{"self":[{"href":"https:\/\/www.headshop.nl\/fr\/wp-json\/wp\/v2\/product\/37826","targetHints":{"allow":["GET"]}}],"collection":[{"href":"https:\/\/www.headshop.nl\/fr\/wp-json\/wp\/v2\/product"}],"about":[{"href":"https:\/\/www.headshop.nl\/fr\/wp-json\/wp\/v2\/types\/product"}],"wp:featuredmedia":[{"embeddable":true,"href":"https:\/\/www.headshop.nl\/fr\/wp-json\/wp\/v2\/media\/82210"}],"wp:attachment":[{"href":"https:\/\/www.headshop.nl\/fr\/wp-json\/wp\/v2\/media?parent=37826"}],"wp:term":[{"taxonomy":"product_brand","embeddable":true,"href":"https:\/\/www.headshop.nl\/fr\/wp-json\/wp\/v2\/product_brand?post=37826"},{"taxonomy":"product_cat","embeddable":true,"href":"https:\/\/www.headshop.nl\/fr\/wp-json\/wp\/v2\/product_cat?post=37826"},{"taxonomy":"product_tag","embeddable":true,"href":"https:\/\/www.headshop.nl\/fr\/wp-json\/wp\/v2\/product_tag?post=37826"}],"curies":[{"name":"wp","href":"https:\/\/api.w.org\/{rel}","templated":true}]}}