{"id":37824,"date":"2021-10-15T08:18:58","date_gmt":"2021-10-15T08:18:58","guid":{"rendered":"https:\/\/www.headshop.nl\/?post_type=product&#038;p=37824"},"modified":"2025-12-24T01:26:28","modified_gmt":"2025-12-24T01:26:28","slug":"red-borneo-kratom","status":"publish","type":"product","link":"https:\/\/www.headshop.nl\/fr\/red-borneo-kratom\/","title":{"rendered":"Red Borneo Kratom"},"content":{"rendered":"<h2 data-start=\"379\" data-end=\"408\">Qu'est-ce que Red Borneo Kratom ?<\/h2>\n<p data-start=\"410\" data-end=\"1455\">Red Borneo Kratom est une vari\u00e9t\u00e9 unique qui provient de l'\u00eele de Born\u00e9o, plus pr\u00e9cis\u00e9ment de la partie indon\u00e9sienne connue sous le nom de Kalimantan. Cette vari\u00e9t\u00e9 est profond\u00e9ment enracin\u00e9e dans la culture locale, o\u00f9 elle est v\u00e9n\u00e9r\u00e9e comme un rem\u00e8de naturel pour de nombreux probl\u00e8mes de sant\u00e9 courants. Les habitants de Kalimantan ont toujours utilis\u00e9 le kratom sous diff\u00e9rentes formes, y compris en fumant les feuilles s\u00e9ch\u00e9es. Cependant, l'utilisation moderne la plus courante est l'infusion d'un th\u00e9 relaxant et \u00e9nergisant. Les feuilles de kratom sont s\u00e9ch\u00e9es pendant une longue p\u00e9riode, suivie d'un l\u00e9ger processus de fermentation, qui renforce les alcalo\u00efdes naturels pr\u00e9sents dans la plante. Red Borneo Kratom est particuli\u00e8rement connu pour son \u00e9quilibre entre les effets \u00e9nergisants et les qualit\u00e9s d'humeur. Elle offre un regain d'\u00e9nergie plus doux et plus d\u00e9tendu que d'autres vari\u00e9t\u00e9s, ce qui en fait la pr\u00e9f\u00e9r\u00e9e de ceux qui recherchent un remontant naturel sans l'intensit\u00e9 des vari\u00e9t\u00e9s plus fortes. Que vous cherchiez \u00e0 soulager le stress, \u00e0 am\u00e9liorer votre concentration ou simplement \u00e0 obtenir un l\u00e9ger regain d'\u00e9nergie, Red Borneo Kratom est un excellent choix pour une solution naturelle \u00e0 base de plantes.<\/p>\n<h2 data-start=\"1457\" data-end=\"1488\">Historique de Red Borneo Kratom<\/h2>\n<p data-start=\"1490\" data-end=\"2583\">L'histoire du Red Borneo Kratom remonte aux indig\u00e8nes de Kalimantan, la partie indon\u00e9sienne de l'\u00eele de Born\u00e9o. Pendant des si\u00e8cles, les habitants ont utilis\u00e9 le kratom comme m\u00e9decine traditionnelle, le consid\u00e9rant comme un rem\u00e8de naturel pour une vari\u00e9t\u00e9 de maux. Ils appelaient souvent les feuilles du kratom \"feuilles c\u00e9lestes\", soulignant leur croyance dans les puissantes propri\u00e9t\u00e9s curatives de la plante. Traditionnellement, les feuilles \u00e9taient consomm\u00e9es de diff\u00e9rentes mani\u00e8res, y compris sous forme de cigarettes artisanales. Toutefois, avec le temps, les utilisateurs modernes de Kalimantan se sont largement tourn\u00e9s vers l'infusion des feuilles pour obtenir une exp\u00e9rience plus contr\u00f4l\u00e9e et plus apaisante. Les feuilles utilis\u00e9es pour fabriquer le Red Borneo Kratom sont sp\u00e9cifiquement s\u00e9lectionn\u00e9es pour leur processus de s\u00e9chage plus long et subissent une l\u00e9g\u00e8re \u00e9tape de fermentation. Cette pr\u00e9paration unique permet de renforcer la teneur en alcalo\u00efdes, ce qui conf\u00e8re \u00e0 la vari\u00e9t\u00e9 ses effets distincts. Au fil des ans, la Red Borneo Kratom a acquis une reconnaissance internationale pour ses qualit\u00e9s \u00e9quilibr\u00e9es et efficaces, et de nombreuses personnes dans le monde entier l'ont adopt\u00e9e dans le cadre de leur routine quotidienne.<\/p>\n<h2 data-start=\"2585\" data-end=\"2616\">Comment utiliser Red Borneo Kratom<\/h2>\n<p data-start=\"2618\" data-end=\"3675\">Red Borneo Kratom est mieux consomm\u00e9 sous forme de th\u00e9 apaisant, qui est facile \u00e0 pr\u00e9parer et vous permet de profiter de tous ses avantages. Pour pr\u00e9parer une tasse de th\u00e9 Red Borneo Kratom, dissoudre 4 \u00e0 5 grammes de poudre de kratom dans de l'eau chaude \u00e0 une temp\u00e9rature de 70 \u00e0 95 degr\u00e9s Celsius. Il est recommand\u00e9 de laisser infuser le th\u00e9 pendant 3 \u00e0 5 minutes pour extraire compl\u00e8tement les alcalo\u00efdes b\u00e9n\u00e9fiques des feuilles de kratom. Il n'est pas n\u00e9cessaire de filtrer le th\u00e9, car toutes les parties du kratom peuvent \u00eatre consomm\u00e9es. Lorsque vous utilisez Red Borneo Kratom pour la premi\u00e8re fois, il est conseill\u00e9 de commencer par une petite dose pour \u00e9valuer la r\u00e9action de votre corps, car les effets peuvent varier en fonction de votre tol\u00e9rance individuelle et de votre sensibilit\u00e9. De nombreux utilisateurs trouvent que 3 \u00e0 5 grammes de Red Borneo Kratom produisent un effet l\u00e9ger, tandis que les utilisateurs plus exp\u00e9riment\u00e9s peuvent avoir besoin d'une dose l\u00e9g\u00e8rement plus \u00e9lev\u00e9e. Cette vari\u00e9t\u00e9 est connue pour son \u00e9quilibre entre l'\u00e9nergie et le calme, ce qui la rend parfaite pour un usage diurne ou comme stimulant naturel de l'humeur. Utilisez toujours le kratom de mani\u00e8re responsable afin d'\u00e9viter de d\u00e9velopper une tol\u00e9rance ou de subir des effets secondaires.<\/p>\n<h2 data-start=\"3677\" data-end=\"3712\">Ingr\u00e9dients de Red Borneo Kratom<\/h2>\n<p data-start=\"3714\" data-end=\"4763\">L'ingr\u00e9dient cl\u00e9 de Red Borneo Kratom est <strong data-start=\"3757\" data-end=\"3779\">Mitragyna speciosa<\/strong>Le kratom est un arbre tropical originaire d'Asie du Sud-Est. Les feuilles de l'arbre Mitragyna speciosa sont r\u00e9colt\u00e9es, s\u00e9ch\u00e9es et transform\u00e9es en poudre de kratom. Red Borneo Kratom subit un processus sp\u00e9cifique de s\u00e9chage et de fermentation l\u00e9g\u00e8re qui lui conf\u00e8re ses qualit\u00e9s uniques. Le temps de s\u00e9chage plus long et la fermentation l\u00e9g\u00e8re augmentent la teneur en alcalo\u00efdes dans les feuilles, ce qui donne un effet plus puissant et plus \u00e9quilibr\u00e9. Les principaux alcalo\u00efdes contenus dans le Red Borneo Kratom sont la mitragynine et la 7-hydroxymitragynine, qui interagissent avec les r\u00e9cepteurs de l'organisme pour favoriser un sentiment de bien-\u00eatre, une augmentation de l'\u00e9nergie et un soulagement de l'inconfort. Alors que le processus de fermentation est essentiel pour d\u00e9velopper les effets distinctifs du Red Borneo, la qualit\u00e9 g\u00e9n\u00e9rale des feuilles est essentielle pour garantir que le kratom conserve sa puissance. Qu'il soit consomm\u00e9 sous forme de th\u00e9 ou sous d'autres formes, les ingr\u00e9dients soigneusement trait\u00e9s du Red Borneo Kratom en font une excellente option pour ceux qui recherchent un regain d'\u00e9nergie naturel avec un effet calmant.<\/p>\n<p data-start=\"4765\" data-end=\"4777\"><strong data-start=\"4765\" data-end=\"4777\">Avertissement :<\/strong><\/p>\n<p data-start=\"4779\" data-end=\"5092\">La vente et l'utilisation de Red Borneo Kratom sont interdites aux personnes de moins de 18 ans. Tenir hors de port\u00e9e des enfants. Ne pas utiliser si vous souffrez d'hypertension ou d'hypotension, de probl\u00e8mes cardiaques ou pulmonaires, de diab\u00e8te, si vous \u00eates enceinte ou si vous prenez des m\u00e9dicaments, des drogues ou de l'alcool. Consultez toujours un professionnel de la sant\u00e9 avant d'utiliser ce produit.<\/p>\n<hr data-start=\"5094\" data-end=\"5097\" \/>\n<p data-start=\"5099\" data-end=\"5250\" data-is-last-node=\"\">","protected":false},"excerpt":{"rendered":"<p>Si vous cherchez un regain d'\u00e9nergie durable, ce kratom a tout ce qu'il faut pour que vous restiez en forme. De plus, il n'a pas d'effets secondaires d\u00e9sagr\u00e9ables comme un go\u00fbt d\u00e9sagr\u00e9able ou une surstimulation qui prend trop de place dans votre journ\u00e9e. Gardez un oeil sur Red Borneo Kratom, super-\u00e9nergique extraordinaire !<\/p>","protected":false},"featured_media":82213,"template":"","meta":[],"product_brand":[],"product_cat":[390,297,389,817,396,405,384],"product_tag":[],"class_list":{"0":"post-37824","1":"product","2":"type-product","3":"status-publish","4":"has-post-thumbnail","6":"product_cat-kratom","7":"product_cat-all-products","8":"product_cat-herbs","9":"product_cat-kratopia","10":"product_cat-relax","11":"product_cat-relax-herbs","12":"product_cat-smartshop","13":"product_shipping_class-group-7","15":"first","16":"instock","17":"taxable","18":"shipping-taxable","19":"purchasable","20":"product-type-variable","21":"has-default-attributes"},"_links":{"self":[{"href":"https:\/\/www.headshop.nl\/fr\/wp-json\/wp\/v2\/product\/37824","targetHints":{"allow":["GET"]}}],"collection":[{"href":"https:\/\/www.headshop.nl\/fr\/wp-json\/wp\/v2\/product"}],"about":[{"href":"https:\/\/www.headshop.nl\/fr\/wp-json\/wp\/v2\/types\/product"}],"wp:featuredmedia":[{"embeddable":true,"href":"https:\/\/www.headshop.nl\/fr\/wp-json\/wp\/v2\/media\/82213"}],"wp:attachment":[{"href":"https:\/\/www.headshop.nl\/fr\/wp-json\/wp\/v2\/media?parent=37824"}],"wp:term":[{"taxonomy":"product_brand","embeddable":true,"href":"https:\/\/www.headshop.nl\/fr\/wp-json\/wp\/v2\/product_brand?post=37824"},{"taxonomy":"product_cat","embeddable":true,"href":"https:\/\/www.headshop.nl\/fr\/wp-json\/wp\/v2\/product_cat?post=37824"},{"taxonomy":"product_tag","embeddable":true,"href":"https:\/\/www.headshop.nl\/fr\/wp-json\/wp\/v2\/product_tag?post=37824"}],"curies":[{"name":"wp","href":"https:\/\/api.w.org\/{rel}","templated":true}]}}