{"id":37822,"date":"2021-10-15T08:18:56","date_gmt":"2021-10-15T08:18:56","guid":{"rendered":"https:\/\/www.headshop.nl\/?post_type=product&#038;p=37822"},"modified":"2025-11-18T14:38:03","modified_gmt":"2025-11-18T14:38:03","slug":"red-bali-kratom","status":"publish","type":"product","link":"https:\/\/www.headshop.nl\/fr\/red-bali-kratom\/","title":{"rendered":"Red Bali Kratom"},"content":{"rendered":"<h2 data-start=\"502\" data-end=\"538\">Qu'est-ce que Kratopia Red Bali Kratom ?<\/h2>\n<p data-start=\"540\" data-end=\"1603\">Kratopia Red Bali Kratom est une vari\u00e9t\u00e9 populaire qui est devenue la pr\u00e9f\u00e9r\u00e9e des d\u00e9butants en raison de ses effets bien \u00e9quilibr\u00e9s et de son go\u00fbt plus doux. Connue pour sa capacit\u00e9 \u00e0 am\u00e9liorer les interactions sociales, la Red Bali Kratom permet aux utilisateurs de se sentir plus empathiques et connect\u00e9s, am\u00e9liorant ainsi leurs exp\u00e9riences sociales globales. Sa composition unique en alcalo\u00efdes lui conf\u00e8re un effet \u00e9quilibr\u00e9 qui agit \u00e0 la fois sur l'humeur et sur la douleur. Cette vari\u00e9t\u00e9 est particuli\u00e8rement appr\u00e9ci\u00e9e pour son go\u00fbt doux, qui la rend plus agr\u00e9able \u00e0 consommer que d'autres vari\u00e9t\u00e9s plus am\u00e8res. Souvent, les utilisateurs trouvent que la Red Bali Kratom les aide \u00e0 se sentir plus d\u00e9tendus et \u00e0 l'aise en soci\u00e9t\u00e9, tout en les soulageant d'une g\u00eane physique. La combinaison de ses effets sociaux et apaisants en fait une option polyvalente pour ceux qui cherchent \u00e0 am\u00e9liorer leur bien-\u00eatre g\u00e9n\u00e9ral. Red Bali Kratom convient particuli\u00e8rement aux nouveaux venus, car il leur permet d'exp\u00e9rimenter les bienfaits du kratom sans effets excessifs, ce qui en fait un excellent point de d\u00e9part pour explorer cette plante puissante.<\/p>\n<h2 data-start=\"1605\" data-end=\"1643\">Historique de Kratopia Rouge Bali Kratom<\/h2>\n<p data-start=\"1645\" data-end=\"2780\">Le Red Bali Kratom, y compris la variante Kratopia, a des racines historiques profondes en Asie du Sud-Est. Elle est traditionnellement utilis\u00e9e en Indon\u00e9sie, en particulier dans la r\u00e9gion de Bali, d'o\u00f9 son nom. Bien que Bali ne cultive pas de kratom, la vari\u00e9t\u00e9 est un m\u00e9lange de feuilles de kratom trouv\u00e9es dans diff\u00e9rentes r\u00e9gions de l'Asie du Sud-Est. Historiquement, la Red Bali Kratom a \u00e9t\u00e9 v\u00e9n\u00e9r\u00e9e pour ses propri\u00e9t\u00e9s calmantes et m\u00e9dicinales, utilis\u00e9es par les locaux pour g\u00e9rer la douleur, am\u00e9liorer l'humeur et soulager le stress. En tant que vari\u00e9t\u00e9 polyvalente, le Red Bali Kratom \u00e9tait \u00e9galement utilis\u00e9 comme stimulant social, favorisant un sentiment d'aisance et de connexion entre les individus. Au fil du temps, la popularit\u00e9 du kratom s'est accrue en Occident et la Red Bali est devenue l'une des vari\u00e9t\u00e9s les plus reconnues en raison de ses effets doux et de ses effets b\u00e9n\u00e9fiques sur le bien-\u00eatre g\u00e9n\u00e9ral. Aujourd'hui, de nombreux utilisateurs se tournent vers la Red Bali Kratom pour sa capacit\u00e9 \u00e0 soulager la douleur et \u00e0 am\u00e9liorer l'humeur sans avoir recours \u00e0 des m\u00e9dicaments pharmaceutiques agressifs. Avec ses racines historiques et son attrait mondial croissant, Kratopia Red Bali Kratom continue d'\u00eatre un choix de premier ordre pour ceux qui recherchent une exp\u00e9rience \u00e9quilibr\u00e9e et agr\u00e9able du kratom.<\/p>\n<h2 data-start=\"2782\" data-end=\"2820\">Comment utiliser Kratopia Red Bali Kratom<\/h2>\n<p data-start=\"2822\" data-end=\"3892\">L'utilisation de Kratopia Red Bali Kratom est simple et peut \u00eatre consomm\u00e9e sous forme de th\u00e9. Pour le pr\u00e9parer, dissoudre 4 \u00e0 5 grammes de poudre de Kratopia Red Bali Kratom dans de l'eau chaude, en maintenant la temp\u00e9rature entre 70 et 95 degr\u00e9s Celsius. Laissez le th\u00e9 infuser pendant 3 \u00e0 5 minutes pour permettre au kratom de lib\u00e9rer ses alcalo\u00efdes b\u00e9n\u00e9fiques dans l'eau. Une fois le th\u00e9 infus\u00e9, il n'est pas n\u00e9cessaire de le filtrer, car le m\u00e9lange entier peut \u00eatre consomm\u00e9 sans danger. Pour les nouveaux utilisateurs, il est conseill\u00e9 de commencer par un petit dosage pour comprendre comment le corps r\u00e9agit \u00e0 cette vari\u00e9t\u00e9 de kratom. La Red Bali Kratom est connue pour son go\u00fbt doux, ce qui la rend plus accessible pour les nouveaux utilisateurs de kratom. Avec le temps, les utilisateurs peuvent ajuster leur dosage en fonction de leur sensibilit\u00e9 et des effets d\u00e9sir\u00e9s. Pour un effet doux, un dosage inf\u00e9rieur \u00e0 3 grammes peut suffire, tandis que ceux qui recherchent un effet plus fort peuvent augmenter le dosage jusqu'\u00e0 5-6 grammes. Quel que soit le dosage, Kratopia Red Bali Kratom offre une exp\u00e9rience sociale et d'am\u00e9lioration de l'humeur qui est douce et bien adapt\u00e9e \u00e0 ceux qui d\u00e9couvrent le kratom.<\/p>\n<h2 data-start=\"3894\" data-end=\"3936\">Ingr\u00e9dients de Kratopia Rouge Bali Kratom<\/h2>\n<p data-start=\"3938\" data-end=\"5137\">L'ingr\u00e9dient cl\u00e9 du Kratopia Red Bali Kratom est le suivant <strong data-start=\"3988\" data-end=\"4010\">Mitragyna speciosa<\/strong>Le kratom est un arbre tropical originaire d'Asie du Sud-Est. Les feuilles de l'arbre Mitragyna speciosa sont r\u00e9colt\u00e9es, s\u00e9ch\u00e9es et transform\u00e9es en poudre de kratom. Red Bali Kratom provient de feuilles soigneusement s\u00e9lectionn\u00e9es de diff\u00e9rents arbres \u00e0 kratom trouv\u00e9s dans diff\u00e9rentes r\u00e9gions d'Asie du Sud-Est. Apr\u00e8s avoir \u00e9t\u00e9 s\u00e9ch\u00e9es, les feuilles subissent un processus sp\u00e9cial de fermentation l\u00e9g\u00e8re, qui augmente la teneur en alcalo\u00efdes et donne au Red Bali ses effets caract\u00e9ristiques. Les deux principaux alcalo\u00efdes pr\u00e9sents dans le Red Bali Kratom sont la mitragynine et la 7-hydroxymitragynine. Ces compos\u00e9s interagissent avec les r\u00e9cepteurs du corps pour favoriser un sentiment de bien-\u00eatre, augmenter l'\u00e9nergie et soulager la douleur. La nature \u00e9quilibr\u00e9e de Kratopia Red Bali Kratom provient de la combinaison de ces alcalo\u00efdes, qui ensemble fournissent une exp\u00e9rience douce et lisse, id\u00e9ale pour ceux qui recherchent une alternative naturelle au soulagement de la douleur et \u00e0 la r\u00e9duction du stress. Gr\u00e2ce \u00e0 sa composition \u00e9quilibr\u00e9e, Red Bali Kratom est particuli\u00e8rement efficace pour favoriser les interactions sociales et soulager l'inconfort physique. Ses effets bien \u00e9quilibr\u00e9s en font un choix populaire parmi les utilisateurs de kratom, qu'ils soient nouveaux ou exp\u00e9riment\u00e9s.<\/p>\n<p data-start=\"5139\" data-end=\"5151\"><strong data-start=\"5139\" data-end=\"5151\">Avertissement :<\/strong><\/p>\n<p data-start=\"5153\" data-end=\"5473\">La vente et l'utilisation de Kratopia Red Bali Kratom sont interdites aux personnes de moins de 18 ans. Tenir hors de port\u00e9e des enfants. Ne pas utiliser si vous souffrez d'hypertension ou d'hypotension, de probl\u00e8mes cardiaques ou pulmonaires, de diab\u00e8te, si vous \u00eates enceinte ou si vous prenez des m\u00e9dicaments, des drogues ou de l'alcool. Consultez toujours un professionnel de la sant\u00e9 avant d'utiliser ce produit.<\/p>","protected":false},"excerpt":{"rendered":"<p>Kratopia Red Bali Kratom est une vari\u00e9t\u00e9 bien \u00e9quilibr\u00e9e connue pour ses propri\u00e9t\u00e9s sociales. Avec son go\u00fbt doux et sa force mod\u00e9r\u00e9e, elle est parfaite pour les d\u00e9butants \u00e0 la recherche d'une exp\u00e9rience stimulante. Cette Red Bali Kratom est particuli\u00e8rement reconnue pour ses effets analg\u00e9siques potentiels et est souvent utilis\u00e9e par ceux qui recherchent une alternative naturelle aux opio\u00efdes. Id\u00e9ale pour am\u00e9liorer les interactions sociales et l'humeur, la Red Bali Kratom est un excellent point d'entr\u00e9e pour les nouveaux utilisateurs.<\/p>","protected":false},"featured_media":82216,"template":"","meta":[],"product_brand":[],"product_cat":[390,297,389,817,396,405,384],"product_tag":[],"class_list":{"0":"post-37822","1":"product","2":"type-product","3":"status-publish","4":"has-post-thumbnail","6":"product_cat-kratom","7":"product_cat-all-products","8":"product_cat-herbs","9":"product_cat-kratopia","10":"product_cat-relax","11":"product_cat-relax-herbs","12":"product_cat-smartshop","13":"product_shipping_class-group-7","15":"first","16":"instock","17":"taxable","18":"shipping-taxable","19":"purchasable","20":"product-type-variable","21":"has-default-attributes"},"_links":{"self":[{"href":"https:\/\/www.headshop.nl\/fr\/wp-json\/wp\/v2\/product\/37822","targetHints":{"allow":["GET"]}}],"collection":[{"href":"https:\/\/www.headshop.nl\/fr\/wp-json\/wp\/v2\/product"}],"about":[{"href":"https:\/\/www.headshop.nl\/fr\/wp-json\/wp\/v2\/types\/product"}],"wp:featuredmedia":[{"embeddable":true,"href":"https:\/\/www.headshop.nl\/fr\/wp-json\/wp\/v2\/media\/82216"}],"wp:attachment":[{"href":"https:\/\/www.headshop.nl\/fr\/wp-json\/wp\/v2\/media?parent=37822"}],"wp:term":[{"taxonomy":"product_brand","embeddable":true,"href":"https:\/\/www.headshop.nl\/fr\/wp-json\/wp\/v2\/product_brand?post=37822"},{"taxonomy":"product_cat","embeddable":true,"href":"https:\/\/www.headshop.nl\/fr\/wp-json\/wp\/v2\/product_cat?post=37822"},{"taxonomy":"product_tag","embeddable":true,"href":"https:\/\/www.headshop.nl\/fr\/wp-json\/wp\/v2\/product_tag?post=37822"}],"curies":[{"name":"wp","href":"https:\/\/api.w.org\/{rel}","templated":true}]}}