{"id":37816,"date":"2021-10-15T08:05:42","date_gmt":"2021-10-15T08:05:42","guid":{"rendered":"https:\/\/www.headshop.nl\/?post_type=product&#038;p=37816"},"modified":"2025-11-18T14:38:04","modified_gmt":"2025-11-18T14:38:04","slug":"green-bali-kratom","status":"publish","type":"product","link":"https:\/\/www.headshop.nl\/fr\/green-bali-kratom\/","title":{"rendered":"Green Bali Kratom"},"content":{"rendered":"<h2 data-start=\"491\" data-end=\"529\">Qu'est-ce que Kratopia Green Bali Kratom ?<\/h2>\n<p data-start=\"531\" data-end=\"1679\">Kratopia Green Bali Kratom est une vari\u00e9t\u00e9 unique qui est devenue un choix populaire en raison de ses propri\u00e9t\u00e9s \u00e9quilibr\u00e9es et adaptables. Bien que le nom \"Bali\" fasse r\u00e9f\u00e9rence \u00e0 l'\u00eele indon\u00e9sienne, le kratom utilis\u00e9 dans ce m\u00e9lange ne pousse pas dans cette \u00eele. Il s'agit plut\u00f4t d'un m\u00e9lange de vari\u00e9t\u00e9s de kratom provenant principalement de Born\u00e9o et de Sumatra, combin\u00e9es par des commer\u00e7ants de Bali. Cette vari\u00e9t\u00e9 verte est g\u00e9n\u00e9ralement moins intense que ses homologues rouges, offrant un effet doux et mod\u00e9r\u00e9, parfait pour les utilisateurs qui recherchent un l\u00e9ger regain d'\u00e9nergie ou d'humeur. Le Green Bali Kratom est r\u00e9put\u00e9 pour sa capacit\u00e9 \u00e0 se m\u00e9langer avec d'autres vari\u00e9t\u00e9s de kratom, en particulier le Bali blanc, afin de cr\u00e9er une exp\u00e9rience harmonieuse. Le processus de cr\u00e9ation de ce kratom implique le triage, le lavage et le s\u00e9chage des feuilles, les gardant proches de leur \u00e9tat naturel. En cons\u00e9quence, le Green Bali Kratom conserve une grande partie de la puissance originale de la feuille, tandis que sa capacit\u00e9 \u00e0 compl\u00e9ter d'autres types de kratom en fait un choix polyvalent pour les m\u00e9langes et la personnalisation. Qu'il soit utilis\u00e9 seul ou m\u00e9lang\u00e9, le Kratopia Green Bali Kratom est connu pour sa capacit\u00e9 \u00e0 offrir \u00e0 la fois une stimulation mentale et une sensation de calme et de relaxation.<\/p>\n<h2 data-start=\"1681\" data-end=\"1721\">Historique de Kratopia Vert Bali Kratom<\/h2>\n<p data-start=\"1723\" data-end=\"2975\">L'histoire du Kratopia Green Bali Kratom est li\u00e9e \u00e0 l'ancienne tradition de l'utilisation du kratom en Asie du Sud-Est, en particulier en Indon\u00e9sie. Bien que Bali soit connu pour son importance culturelle et touristique, le kratom vendu sous le nom de \"Bali\" est en fait un m\u00e9lange de vari\u00e9t\u00e9s provenant de r\u00e9gions telles que Born\u00e9o et Sumatra. L'origine de cette variante verte sp\u00e9cifique r\u00e9side dans la s\u00e9lection minutieuse des feuilles de kratom, qui sont ensuite trait\u00e9es de mani\u00e8re \u00e0 pr\u00e9server la plupart de leurs caract\u00e9ristiques originales. Le Green Bali est appr\u00e9ci\u00e9 pour sa capacit\u00e9 \u00e0 fournir une exp\u00e9rience plus \u00e9quilibr\u00e9e que le kratom rouge de Bali, plus puissant. Historiquement, le kratom a \u00e9t\u00e9 utilis\u00e9 en Asie du Sud-Est \u00e0 des fins m\u00e9dicinales et rituelles, avec diff\u00e9rentes souches fournissant une gamme d'effets, du soulagement de la douleur \u00e0 l'augmentation de l'\u00e9nergie. Au fil des ans, le m\u00e9lange Bali est devenu populaire dans le monde entier, en particulier sur les march\u00e9s occidentaux o\u00f9 le kratom est utilis\u00e9 pour la relaxation, l'\u00e9nergie et l'am\u00e9lioration de l'humeur. La Green Bali, avec ses effets mod\u00e9r\u00e9s, a \u00e9t\u00e9 reconnue pour son adaptabilit\u00e9 et sa capacit\u00e9 \u00e0 \u00eatre utilis\u00e9e comme base pour d'autres m\u00e9langes de kratom, souvent m\u00e9lang\u00e9e avec des souches blanches pour cr\u00e9er un effet synergique. Cela fait de la Green Bali Kratom une partie importante de l'int\u00e9r\u00eat mondial croissant pour le kratom.<\/p>\n<h2 data-start=\"2977\" data-end=\"3017\">Comment utiliser Kratopia Vert Bali Kratom<\/h2>\n<p data-start=\"3019\" data-end=\"4198\">La mani\u00e8re la plus courante de consommer Kratopia Green Bali Kratom est de le pr\u00e9parer sous forme de th\u00e9. Pour pr\u00e9parer une tasse de th\u00e9 Green Bali Kratom, dissoudre 4 \u00e0 5 grammes de poudre de kratom dans de l'eau chaude (70-95 degr\u00e9s Celsius). Il est recommand\u00e9 d'infuser le kratom pendant 3 \u00e0 5 minutes pour permettre aux alcalo\u00efdes d'infuser compl\u00e8tement dans l'eau. Le th\u00e9 n'a pas besoin d'\u00eatre filtr\u00e9 ; tout peut \u00eatre consomm\u00e9, y compris la poudre, ce qui am\u00e9liore l'exp\u00e9rience. Lorsque vous utilisez Green Bali Kratom pour la premi\u00e8re fois, il est toujours pr\u00e9f\u00e9rable de commencer par un dosage plus faible et de l'ajuster progressivement pour trouver la quantit\u00e9 id\u00e9ale pour vos besoins. La plupart des utilisateurs commencent par une dose l\u00e9g\u00e8re de 4 \u00e0 5 grammes, qui procure un l\u00e9ger effet \u00e9nergisant. Lorsque les effets commencent \u00e0 s'estomper au bout d'une heure environ, certains choisissent de prendre une deuxi\u00e8me tasse. Le Green Bali Kratom est connu pour ses effets doux, ce qui le rend appropri\u00e9 pour les nouveaux venus au kratom ou pour ceux qui recherchent une exp\u00e9rience plus douce. Certains utilisateurs combinent le Green Bali avec d'autres types de kratom, comme le Bali blanc, pour \u00e9quilibrer les propri\u00e9t\u00e9s plus stimulantes d'autres vari\u00e9t\u00e9s. Quelle que soit la mani\u00e8re dont il est utilis\u00e9, le Green Bali offre une exp\u00e9rience \u00e9quilibr\u00e9e et relaxante que beaucoup trouvent agr\u00e9able.<\/p>\n<h2 data-start=\"4200\" data-end=\"4244\">Ingr\u00e9dients de Kratopia Vert Bali Kratom<\/h2>\n<p data-start=\"4246\" data-end=\"5451\">Kratopia Vert Bali Kratom est fabriqu\u00e9 \u00e0 partir des feuilles de <strong data-start=\"4300\" data-end=\"4322\">Mitragyna speciosa<\/strong>Le kratom est un arbre originaire d'Asie du Sud-Est. L'ingr\u00e9dient principal, la Mitragynine, est l'alcalo\u00efde responsable des effets \u00e9nergisants du kratom. Le Green Bali, en particulier, est connu pour sa teneur \u00e9lev\u00e9e en Mitragynine, qui contribue \u00e0 ses propri\u00e9t\u00e9s \u00e9nergisantes et calmantes. Les feuilles sont soigneusement r\u00e9colt\u00e9es, lav\u00e9es et s\u00e9ch\u00e9es, pr\u00e9servant ainsi les puissants alcalo\u00efdes qui donnent au kratom ses effets caract\u00e9ristiques. Contrairement aux souches de kratom rouge, qui subissent une fermentation, le Green Bali Kratom conserve une grande partie de l'\u00e9nergie naturelle et de la vivacit\u00e9 des feuilles d'origine. Le profil des alcalo\u00efdes de Green Bali le rend appropri\u00e9 pour une vari\u00e9t\u00e9 d'utilisations, allant de l'augmentation de l'\u00e9nergie et de la concentration \u00e0 la promotion d'un sentiment de bien-\u00eatre. En plus de la Mitragynine, le kratom contient d'autres alcalo\u00efdes, comme la 7-hydroxymitragynine, qui renforcent les effets globaux du kratom. Kratopia Green Bali Kratom se distingue par sa capacit\u00e9 \u00e0 fournir une exp\u00e9rience mod\u00e9r\u00e9e, offrant une combinaison de stimulation et de relaxation qui pla\u00eet \u00e0 un large \u00e9ventail d'utilisateurs. Qu'elle soit utilis\u00e9e seule ou m\u00e9lang\u00e9e \u00e0 d'autres vari\u00e9t\u00e9s, la Green Bali Kratom offre une exp\u00e9rience efficace et agr\u00e9able.<\/p>\n<p data-start=\"5453\" data-end=\"5465\"><strong data-start=\"5453\" data-end=\"5465\">Avertissement :<\/strong><\/p>\n<p data-start=\"5467\" data-end=\"5789\">La vente et l'utilisation de Kratopia Green Bali Kratom sont interdites aux personnes de moins de 18 ans. Tenir hors de port\u00e9e des enfants. Ne pas utiliser si vous souffrez d'hypertension ou d'hypotension, de probl\u00e8mes cardiaques ou pulmonaires, de diab\u00e8te, si vous \u00eates enceinte ou si vous prenez des m\u00e9dicaments, des drogues ou de l'alcool. Consultez toujours un professionnel de la sant\u00e9 avant d'utiliser ce produit.<\/p>","protected":false},"excerpt":{"rendered":"<p>Le vert Bali Kratom vient de l'\u00eele du vert, l'Indon\u00e9sie. Cette petite feuille en poudre est l'un de vos kratoms pr\u00e9f\u00e9r\u00e9s parmi tant d'autres ! Elle procure un high doux mais joyeux qui soulage la douleur et vous laisse d\u00e9tendu. Notre Green Bali Kratom est parfait pour les moments o\u00f9 vous avez besoin d'un petit coup de pouce !<\/p>","protected":false},"featured_media":82225,"template":"","meta":[],"product_brand":[],"product_cat":[390,297,389,817,396,405,384],"product_tag":[],"class_list":{"0":"post-37816","1":"product","2":"type-product","3":"status-publish","4":"has-post-thumbnail","6":"product_cat-kratom","7":"product_cat-all-products","8":"product_cat-herbs","9":"product_cat-kratopia","10":"product_cat-relax","11":"product_cat-relax-herbs","12":"product_cat-smartshop","13":"product_shipping_class-group-7","15":"first","16":"instock","17":"taxable","18":"shipping-taxable","19":"purchasable","20":"product-type-variable","21":"has-default-attributes"},"_links":{"self":[{"href":"https:\/\/www.headshop.nl\/fr\/wp-json\/wp\/v2\/product\/37816","targetHints":{"allow":["GET"]}}],"collection":[{"href":"https:\/\/www.headshop.nl\/fr\/wp-json\/wp\/v2\/product"}],"about":[{"href":"https:\/\/www.headshop.nl\/fr\/wp-json\/wp\/v2\/types\/product"}],"wp:featuredmedia":[{"embeddable":true,"href":"https:\/\/www.headshop.nl\/fr\/wp-json\/wp\/v2\/media\/82225"}],"wp:attachment":[{"href":"https:\/\/www.headshop.nl\/fr\/wp-json\/wp\/v2\/media?parent=37816"}],"wp:term":[{"taxonomy":"product_brand","embeddable":true,"href":"https:\/\/www.headshop.nl\/fr\/wp-json\/wp\/v2\/product_brand?post=37816"},{"taxonomy":"product_cat","embeddable":true,"href":"https:\/\/www.headshop.nl\/fr\/wp-json\/wp\/v2\/product_cat?post=37816"},{"taxonomy":"product_tag","embeddable":true,"href":"https:\/\/www.headshop.nl\/fr\/wp-json\/wp\/v2\/product_tag?post=37816"}],"curies":[{"name":"wp","href":"https:\/\/api.w.org\/{rel}","templated":true}]}}