{"id":37781,"date":"2021-10-12T07:02:14","date_gmt":"2021-10-12T07:02:14","guid":{"rendered":"https:\/\/www.headshop.nl\/?post_type=product&#038;p=37781"},"modified":"2025-02-14T08:32:33","modified_gmt":"2025-02-14T08:32:33","slug":"kanna-10x-extract","status":"publish","type":"product","link":"https:\/\/www.headshop.nl\/fr\/kanna-10x-extract\/","title":{"rendered":"Kanna 10x Extract"},"content":{"rendered":"<h2 data-pm-slice=\"1 1 []\">Qu'est-ce que le Kanna ?<\/h2>\n<p>Kanna, scientifiquement connu sous le nom de Sceletium Tortuosum, est une plante originaire d'Afrique du Sud, traditionnellement utilis\u00e9e pour ses effets calmants et \u00e9nergisants. Les tribus indig\u00e8nes m\u00e2chent depuis longtemps ses feuilles pour am\u00e9liorer leur humeur et soulager leur stress. L'extrait moderne 10x offre une version beaucoup plus concentr\u00e9e de ce rem\u00e8de naturel, fournissant un effet plus prononc\u00e9 \u00e0 des doses plus faibles.<\/p>\n<p>Le Kanna interagit avec le syst\u00e8me s\u00e9rotoninergique du cerveau, entra\u00eenant une l\u00e9g\u00e8re euphorie, une relaxation et une clart\u00e9 mentale accrue. Contrairement \u00e0 d'autres substances psychoactives, il n'induit pas d'hallucinations, ce qui en fait un choix s\u00fbr pour ceux qui cherchent \u00e0 am\u00e9liorer leur bien-\u00eatre de mani\u00e8re naturelle.<\/p>\n<div><\/div>\n<h2>L'histoire de Kanna<\/h2>\n<p>Le Kanna a une histoire profond\u00e9ment enracin\u00e9e qui remonte aux tribus indig\u00e8nes khoisan d'Afrique du Sud, qui ont d\u00e9couvert ses effets il y a des si\u00e8cles. Ils m\u00e2chaient les feuilles de la plante ou les faisaient fermenter pour obtenir une exp\u00e9rience plus puissante. Utilis\u00e9e comme plante sociale et m\u00e9dicinale, elle jouait un r\u00f4le dans la gu\u00e9rison traditionnelle et les rassemblements communautaires.<\/p>\n<p>\u00c0 la fin du XIXe si\u00e8cle, des botanistes hollandais \u00e9tudiant la r\u00e9gion ont reconnu les propri\u00e9t\u00e9s uniques de la Kanna et l'ont rapport\u00e9e en Europe. Au fil du temps, ses compos\u00e9s actifs ont \u00e9t\u00e9 extraits, ce qui a conduit \u00e0 la cr\u00e9ation de versions plus puissantes, comme l'extrait 10x. Cette avanc\u00e9e a permis une utilisation plus contr\u00f4l\u00e9e et plus efficace des bienfaits de la plante, ce qui l'a rendue de plus en plus populaire dans le monde entier.<\/p>\n<div><\/div>\n<h2>Comment utiliser Kanna<\/h2>\n<p>Le Kanna peut \u00eatre utilis\u00e9 de plusieurs fa\u00e7ons, chacune offrant des effets distincts. L'extrait 10x est significativement plus puissant que le Kanna normal, il est donc essentiel de le doser avec pr\u00e9caution.<\/p>\n<ul data-spread=\"false\">\n<li><strong>M\u00e2cher<\/strong>: La m\u00e9thode traditionnelle, o\u00f9 les utilisateurs m\u00e2chent des feuilles s\u00e9ch\u00e9es ou de la poudre et permettent l'absorption par la bouche.<\/li>\n<li><strong>Th\u00e9<\/strong>: La pr\u00e9paration du Kanna sous forme de th\u00e9 permet d'obtenir des effets plus lents et plus durables. La dose habituelle pour l'extrait 10x est de 200-300 mg.<\/li>\n<li><strong>L'\u00e9touffement<\/strong>: Certains utilisateurs pr\u00e9f\u00e8rent inhaler la poudre Kanna finement moulue pour un effet plus rapide et plus prononc\u00e9.<\/li>\n<li><strong>Utilisation sublinguale<\/strong>: Le fait de placer l'extrait sous la langue permet une absorption rapide et des effets efficaces.<\/li>\n<\/ul>\n<p>L'exp\u00e9rimentation de diff\u00e9rentes m\u00e9thodes peut aider \u00e0 d\u00e9terminer la meilleure approche pour les besoins individuels. Cet extrait \u00e9tant plus concentr\u00e9, il est recommand\u00e9 de commencer par une petite quantit\u00e9 et d'augmenter progressivement le dosage.<\/p>\n<div><\/div>\n<h2>Ingr\u00e9dients de Kanna<\/h2>\n<p>Le Kanna contient plusieurs alcalo\u00efdes actifs qui contribuent \u00e0 ses effets. Les compos\u00e9s les plus importants sont la m\u00e9sembrine, la m\u00e9sembr\u00e9none et le m\u00e9sembr\u00e9nol, qui interagissent tous avec le syst\u00e8me s\u00e9rotoninergique du cerveau pour favoriser la relaxation et la clart\u00e9 mentale.<\/p>\n<ul data-spread=\"false\">\n<li><strong>Mesembrine<\/strong>: Connu pour ses propri\u00e9t\u00e9s stimulant l'humeur et anti-anxi\u00e9t\u00e9.<\/li>\n<li><strong>Mesembrenone<\/strong>: Aide \u00e0 r\u00e9duire le stress et \u00e0 am\u00e9liorer les fonctions cognitives.<\/li>\n<li><strong>Mesembrenol<\/strong>: Contribue \u00e0 la relaxation g\u00e9n\u00e9rale et \u00e0 un sentiment de bien-\u00eatre.<\/li>\n<\/ul>\n<p>Gr\u00e2ce \u00e0 ces compos\u00e9s naturels, Kanna a un effet \u00e9quilibr\u00e9 qui favorise la relaxation sans provoquer de somnolence. L'extrait 10x garantit une concentration plus \u00e9lev\u00e9e de ces alcalo\u00efdes b\u00e9n\u00e9fiques, ce qui en fait une option puissante et naturelle pour le bien-\u00eatre \u00e9motionnel et mental.<\/p>\n<div><\/div>\n<p><strong>Avertissement<\/strong><br \/>\nLe Kanna doit \u00eatre utilis\u00e9 de mani\u00e8re responsable, en particulier sous sa forme d'extrait 10x. Il ne doit pas \u00eatre associ\u00e9 \u00e0 des antid\u00e9presseurs ou \u00e0 d'autres m\u00e9dicaments agissant sur la s\u00e9rotonine, car cela peut entra\u00eener des interactions ind\u00e9sirables. Les femmes enceintes ou qui allaitent doivent \u00e9viter d'utiliser le Kanna. Consultez toujours un professionnel de la sant\u00e9 avant d'incorporer de nouveaux suppl\u00e9ments dans votre routine.<\/p>","protected":false},"excerpt":{"rendered":"<p data-pm-slice=\"1 1 []\">Le Sceletium Tortuosum, mieux connu sous le nom de Kanna, est une plante polyvalente aux propri\u00e9t\u00e9s stimulantes pour l'humeur. Cet extrait 10x est dix fois plus puissant que le Kanna standard, ce qui en fait un choix puissant pour ceux qui recherchent la relaxation, une \u00e9nergie accrue et la paix int\u00e9rieure. Les utilisateurs font \u00e9galement \u00e9tat d'une r\u00e9duction de l'anxi\u00e9t\u00e9 et d'une am\u00e9lioration de la libido. Le Kanna peut \u00eatre utilis\u00e9 de diff\u00e9rentes mani\u00e8res, ce qui permet une exp\u00e9rience personnalis\u00e9e.<\/p>","protected":false},"featured_media":81924,"template":"","meta":[],"product_brand":[],"product_cat":[297,391,389,385,818,397,384],"product_tag":[],"class_list":{"0":"post-37781","1":"product","2":"type-product","3":"status-publish","4":"has-post-thumbnail","6":"product_cat-all-products","7":"product_cat-extracts","8":"product_cat-herbs","9":"product_cat-kanna","10":"product_cat-mcmystic","11":"product_cat-party","12":"product_cat-smartshop","14":"first","15":"instock","16":"taxable","17":"shipping-taxable","18":"purchasable","19":"product-type-variable","20":"has-default-attributes"},"_links":{"self":[{"href":"https:\/\/www.headshop.nl\/fr\/wp-json\/wp\/v2\/product\/37781","targetHints":{"allow":["GET"]}}],"collection":[{"href":"https:\/\/www.headshop.nl\/fr\/wp-json\/wp\/v2\/product"}],"about":[{"href":"https:\/\/www.headshop.nl\/fr\/wp-json\/wp\/v2\/types\/product"}],"wp:featuredmedia":[{"embeddable":true,"href":"https:\/\/www.headshop.nl\/fr\/wp-json\/wp\/v2\/media\/81924"}],"wp:attachment":[{"href":"https:\/\/www.headshop.nl\/fr\/wp-json\/wp\/v2\/media?parent=37781"}],"wp:term":[{"taxonomy":"product_brand","embeddable":true,"href":"https:\/\/www.headshop.nl\/fr\/wp-json\/wp\/v2\/product_brand?post=37781"},{"taxonomy":"product_cat","embeddable":true,"href":"https:\/\/www.headshop.nl\/fr\/wp-json\/wp\/v2\/product_cat?post=37781"},{"taxonomy":"product_tag","embeddable":true,"href":"https:\/\/www.headshop.nl\/fr\/wp-json\/wp\/v2\/product_tag?post=37781"}],"curies":[{"name":"wp","href":"https:\/\/api.w.org\/{rel}","templated":true}]}}