{"id":37524,"date":"2025-01-30T07:40:47","date_gmt":"2025-01-30T07:40:47","guid":{"rendered":"https:\/\/www.headshop.nl\/?post_type=product&#038;p=37524"},"modified":"2025-05-23T09:08:22","modified_gmt":"2025-05-23T09:08:22","slug":"super-skunk","status":"publish","type":"product","link":"https:\/\/www.headshop.nl\/fr\/super-skunk\/","title":{"rendered":"Super Skunk - Vision Seeds"},"content":{"rendered":"<h2><span data-sheets-value=\"{&quot;1&quot;:2,&quot;2&quot;:&quot;Super Skunk&quot;}\" data-sheets-userformat=\"{&quot;2&quot;:6723,&quot;3&quot;:{&quot;1&quot;:0},&quot;4&quot;:{&quot;1&quot;:2,&quot;2&quot;:14281427},&quot;9&quot;:0,&quot;12&quot;:0,&quot;14&quot;:{&quot;1&quot;:2,&quot;2&quot;:0},&quot;15&quot;:&quot;Arial&quot;}\">Super Skunk<\/span> Graines de cannabis de Vision Seeds<\/h2>\n<p>Vision Seeds Super Skunk est un excellent choix pour les cultivateurs de vari\u00e9t\u00e9s classiques et anciennes, ainsi que pour les d\u00e9butants complets. Avec des niveaux de THC g\u00e9n\u00e9ralement inf\u00e9rieurs \u00e0 la moyenne, la Super Skunk est parfaite pour les amateurs de cannabis tr\u00e8s sensibles qui cherchent \u00e0 r\u00e9duire le risque de se sentir surstimul\u00e9s.<\/p>\n<p>Le<span style=\"font-size: 14.4px;\">\u00a0Les performances globales de la plante restent relativement stables ; il faut compter environ 9 semaines \u00e0 partir du stade du semis avant d'entreprendre toute autre culture, comme des transplantations au niveau des bourgeons ou des racines, afin d'\u00e9viter d'induire des effets de choc. La saveur ? Eh bien, vous l'avez devin\u00e9 : skunky !<\/span><\/p>\n<p>L'une des meilleures vari\u00e9t\u00e9s pour les d\u00e9butants, mais aussi un excellent choix pour les cultivateurs r\u00e9guliers qui veulent rester discrets. Elle produit d'excellentes t\u00eates \u00e0 dominante Indica qui vous procureront une fum\u00e9e vraiment relaxante tout en sentant la mouffette !<\/p>","protected":false},"excerpt":{"rendered":"<p>Vision Seeds Super Skunk est la vari\u00e9t\u00e9 de cannabis parfaite pour les cultivateurs d\u00e9butants ! Des t\u00eates \u00e0 dominante indica de haute qualit\u00e9, faciles \u00e0 cultiver pour les d\u00e9butants, voil\u00e0 ce qui nous attend ! Qu'est-ce qui est si g\u00e9nial ? La Super Skunk est l'une des herbes les plus savoureuses que vous puissiez go\u00fbter... s\u00e9rieusement. Si ce n'est pas votre tasse de th\u00e9, trouvez une autre vari\u00e9t\u00e9 sur notre site, mais les amateurs de cannabis skunky et cheesy adorent ce classique !<\/p>","protected":false},"featured_media":37266,"template":"","meta":[],"product_brand":[],"product_cat":[950,297,467,465,629],"product_tag":[],"class_list":{"0":"post-37524","1":"product","2":"type-product","3":"status-publish","4":"has-post-thumbnail","6":"product_cat-vision-seeds","7":"product_cat-all-products","8":"product_cat-feminized-seeds","9":"product_cat-seedshop","10":"product_cat-seedshop-top-10","11":"product_shipping_class-creditcard-on","13":"first","14":"instock","15":"taxable","16":"shipping-taxable","17":"purchasable","18":"product-type-variable","19":"has-default-attributes"},"_links":{"self":[{"href":"https:\/\/www.headshop.nl\/fr\/wp-json\/wp\/v2\/product\/37524","targetHints":{"allow":["GET"]}}],"collection":[{"href":"https:\/\/www.headshop.nl\/fr\/wp-json\/wp\/v2\/product"}],"about":[{"href":"https:\/\/www.headshop.nl\/fr\/wp-json\/wp\/v2\/types\/product"}],"wp:featuredmedia":[{"embeddable":true,"href":"https:\/\/www.headshop.nl\/fr\/wp-json\/wp\/v2\/media\/37266"}],"wp:attachment":[{"href":"https:\/\/www.headshop.nl\/fr\/wp-json\/wp\/v2\/media?parent=37524"}],"wp:term":[{"taxonomy":"product_brand","embeddable":true,"href":"https:\/\/www.headshop.nl\/fr\/wp-json\/wp\/v2\/product_brand?post=37524"},{"taxonomy":"product_cat","embeddable":true,"href":"https:\/\/www.headshop.nl\/fr\/wp-json\/wp\/v2\/product_cat?post=37524"},{"taxonomy":"product_tag","embeddable":true,"href":"https:\/\/www.headshop.nl\/fr\/wp-json\/wp\/v2\/product_tag?post=37524"}],"curies":[{"name":"wp","href":"https:\/\/api.w.org\/{rel}","templated":true}]}}