{"id":37521,"date":"2025-01-30T07:40:42","date_gmt":"2025-01-30T07:40:42","guid":{"rendered":"https:\/\/www.headshop.nl\/?post_type=product&#038;p=37521"},"modified":"2025-05-23T09:08:29","modified_gmt":"2025-05-23T09:08:29","slug":"silver-haze","status":"publish","type":"product","link":"https:\/\/www.headshop.nl\/fr\/silver-haze\/","title":{"rendered":"Silver Haze - Vision Seeds"},"content":{"rendered":"<h2><span data-sheets-value=\"{&quot;1&quot;:2,&quot;2&quot;:&quot;Silver Haze&quot;}\" data-sheets-userformat=\"{&quot;2&quot;:6723,&quot;3&quot;:{&quot;1&quot;:0},&quot;4&quot;:{&quot;1&quot;:2,&quot;2&quot;:13624051},&quot;9&quot;:0,&quot;12&quot;:0,&quot;14&quot;:{&quot;1&quot;:2,&quot;2&quot;:0},&quot;15&quot;:&quot;Arial&quot;}\">Silver Haze<\/span> Graines de cannabis de Vision Seeds<\/h2>\n<p>Consid\u00e9r\u00e9e par certains comme l'une des vari\u00e9t\u00e9s de cannabis les plus int\u00e9ressantes, Silver Haze est un m\u00e9lange parfait de g\u00e9n\u00e9tiques Indica et Sativa qui vous fera rire toute la journ\u00e9e. Pr\u00e9parez-vous \u00e0 vivre une exp\u00e9rience cr\u00e9ative avec un buzz euphorique et des effets c\u00e9r\u00e9braux puissants !<\/p>\n<p>Silver Haze est l'une des vari\u00e9t\u00e9s de cannabis les plus connues qui rendra toujours fous les amateurs de Sativa ! Et Vision Seeds Silver Haze est une Haze qui fera saliver tous les amateurs d'herbe ! Ces g\u00e9n\u00e9tiques populaires proviennent du c\u00f4t\u00e9 Haze pur, mais elles contiennent aussi du skunk et de la Northern Lights.<\/p>\n<p>Cela lui donne un niveau mod\u00e9r\u00e9 de THC avec un super high giggly. L'effet est ce qui a fait de cette vari\u00e9t\u00e9 un classique de tous les temps - un fort buzz c\u00e9r\u00e9bral qui va de pair avec des sentiments euphoriques suscit\u00e9s par de s\u00e9rieux \u00e9clats de rire. Les combinaisons de saveurs funky pin\/fruit sont incroyables, mais des notes tr\u00e8s \u00e9pic\u00e9es apparaissent \u00e9galement, ce qui peut \u00eatre accablant pour certaines personnes.<\/p>","protected":false},"excerpt":{"rendered":"<p>Envie d'une aventure intense dans votre t\u00eate ? La Silver Haze est l\u00e0, pr\u00eate \u00e0 \u00e9poustoufler les esprits en ouvrant les portes de la perception. Ces g\u00e9n\u00e9tiques Indica lourdes croisent la Skunk et la Northern Lights avec de la Haze pure pour obtenir un buzz hardcore combin\u00e9 \u00e0 des highs s\u00e9rieusement introspectifs. Vous savez que vous la voulez !<\/p>","protected":false},"featured_media":37264,"template":"","meta":[],"product_brand":[],"product_cat":[950,297,467,465],"product_tag":[],"class_list":{"0":"post-37521","1":"product","2":"type-product","3":"status-publish","4":"has-post-thumbnail","6":"product_cat-vision-seeds","7":"product_cat-all-products","8":"product_cat-feminized-seeds","9":"product_cat-seedshop","10":"product_shipping_class-creditcard-on","12":"first","13":"instock","14":"taxable","15":"shipping-taxable","16":"purchasable","17":"product-type-variable","18":"has-default-attributes"},"_links":{"self":[{"href":"https:\/\/www.headshop.nl\/fr\/wp-json\/wp\/v2\/product\/37521","targetHints":{"allow":["GET"]}}],"collection":[{"href":"https:\/\/www.headshop.nl\/fr\/wp-json\/wp\/v2\/product"}],"about":[{"href":"https:\/\/www.headshop.nl\/fr\/wp-json\/wp\/v2\/types\/product"}],"wp:featuredmedia":[{"embeddable":true,"href":"https:\/\/www.headshop.nl\/fr\/wp-json\/wp\/v2\/media\/37264"}],"wp:attachment":[{"href":"https:\/\/www.headshop.nl\/fr\/wp-json\/wp\/v2\/media?parent=37521"}],"wp:term":[{"taxonomy":"product_brand","embeddable":true,"href":"https:\/\/www.headshop.nl\/fr\/wp-json\/wp\/v2\/product_brand?post=37521"},{"taxonomy":"product_cat","embeddable":true,"href":"https:\/\/www.headshop.nl\/fr\/wp-json\/wp\/v2\/product_cat?post=37521"},{"taxonomy":"product_tag","embeddable":true,"href":"https:\/\/www.headshop.nl\/fr\/wp-json\/wp\/v2\/product_tag?post=37521"}],"curies":[{"name":"wp","href":"https:\/\/api.w.org\/{rel}","templated":true}]}}