{"id":37515,"date":"2025-01-30T07:40:35","date_gmt":"2025-01-30T07:40:35","guid":{"rendered":"https:\/\/www.headshop.nl\/?post_type=product&#038;p=37515"},"modified":"2025-05-23T09:08:45","modified_gmt":"2025-05-23T09:08:45","slug":"pure-gelato","status":"publish","type":"product","link":"https:\/\/www.headshop.nl\/fr\/pure-gelato\/","title":{"rendered":"Pure Gelato - Vision Seeds"},"content":{"rendered":"<h2><span data-sheets-value=\"{&quot;1&quot;:2,&quot;2&quot;:&quot;Pure Gelato&quot;}\" data-sheets-userformat=\"{&quot;2&quot;:6723,&quot;3&quot;:{&quot;1&quot;:0},&quot;4&quot;:{&quot;1&quot;:2,&quot;2&quot;:15389148},&quot;9&quot;:0,&quot;12&quot;:0,&quot;14&quot;:{&quot;1&quot;:2,&quot;2&quot;:0},&quot;15&quot;:&quot;Arial&quot;}\">Pure Gelato <\/span>Graines de cannabis de Vision Seeds<\/h2>\n<p>Bienvenue dans le monde de la pure gelato ! Nomm\u00e9e d'apr\u00e8s son go\u00fbt d\u00e9licieux et cr\u00e9meux, cette vari\u00e9t\u00e9 de cannabis cultiv\u00e9e aux \u00c9tats-Unis ne promet rien d'autre que des sucreries \u00e0 point. Avec une composition g\u00e9n\u00e9tique 75% de souches \u00e0 dominante Sativa, elle est destin\u00e9e aux fumeurs audacieux et aux nouveaux fumeurs \u00e0 la recherche d'un excellent high. Attendez-vous \u00e0 des ar\u00f4mes extr\u00eames avec des nuances de menthe fra\u00eeche, tout en \u00e9tant \u00e9tonn\u00e9 par la qualit\u00e9 de votre esprit - probablement gr\u00e2ce \u00e0 son ADN 30% Indica qui signifie que vous n'aurez pas \u00e0 vous soucier d'une s\u00e9dation lourde ou de l'abandon de la cr\u00e9ativit\u00e9 en raison de mauvaises humeurs. Notre Pure Gelato a quelque chose de disponible pour tout le monde - que vous vous sentiez fruit\u00e9 ou que vous ayez besoin de THC pour faire leur chemin dans votre syst\u00e8me, alors pr\u00e9parez-vous, cette fille a de la puissance sous cette douce odeur. Nous parlons ici d'une v\u00e9ritable puissance !<\/p>\n<p>Vision Seeds Pure Gelato est pr\u00eate \u00e0 devenir votre vari\u00e9t\u00e9 pr\u00e9f\u00e9r\u00e9e pour cet hiver. Lorsque vous avez besoin de quelque chose qui peut faire rouler la nuit, cette vari\u00e9t\u00e9 ne vous d\u00e9cevra certainement pas avec ses niveaux \u00e9lev\u00e9s de THC, son buzz dans la t\u00eate et ses saveurs subtiles et durables.<\/p>","protected":false},"excerpt":{"rendered":"<p>Les filles et les gar\u00e7ons, il existe maintenant une vari\u00e9t\u00e9 de Pure Gelato qui n'a pas seulement le go\u00fbt de la glace, mais qui vous fait aussi planer ! Mais attention, cette plante est bien plus riche en THC que l'hybride moyen ! Que vous consommiez du cannabis pour la premi\u00e8re fois, que vous soyez un consommateur occasionnel ou que vous soyez toujours \u00e0 la recherche de quelque chose de nouveau, il est difficile de ne pas s'enthousiasmer pour toutes les saveurs que cette vari\u00e9t\u00e9 berrylicious vous apportera. Le meilleur des deux mondes ? Oui.<\/p>","protected":false},"featured_media":37270,"template":"","meta":[],"product_brand":[],"product_cat":[950,297,467,470,465,629,468],"product_tag":[],"class_list":{"0":"post-37515","1":"product","2":"type-product","3":"status-publish","4":"has-post-thumbnail","6":"product_cat-vision-seeds","7":"product_cat-all-products","8":"product_cat-feminized-seeds","9":"product_cat-high-thc-seeds","10":"product_cat-seedshop","11":"product_cat-seedshop-top-10","12":"product_cat-usa-seeds","13":"product_shipping_class-creditcard-on","15":"first","16":"instock","17":"taxable","18":"shipping-taxable","19":"purchasable","20":"product-type-variable","21":"has-default-attributes"},"_links":{"self":[{"href":"https:\/\/www.headshop.nl\/fr\/wp-json\/wp\/v2\/product\/37515","targetHints":{"allow":["GET"]}}],"collection":[{"href":"https:\/\/www.headshop.nl\/fr\/wp-json\/wp\/v2\/product"}],"about":[{"href":"https:\/\/www.headshop.nl\/fr\/wp-json\/wp\/v2\/types\/product"}],"wp:featuredmedia":[{"embeddable":true,"href":"https:\/\/www.headshop.nl\/fr\/wp-json\/wp\/v2\/media\/37270"}],"wp:attachment":[{"href":"https:\/\/www.headshop.nl\/fr\/wp-json\/wp\/v2\/media?parent=37515"}],"wp:term":[{"taxonomy":"product_brand","embeddable":true,"href":"https:\/\/www.headshop.nl\/fr\/wp-json\/wp\/v2\/product_brand?post=37515"},{"taxonomy":"product_cat","embeddable":true,"href":"https:\/\/www.headshop.nl\/fr\/wp-json\/wp\/v2\/product_cat?post=37515"},{"taxonomy":"product_tag","embeddable":true,"href":"https:\/\/www.headshop.nl\/fr\/wp-json\/wp\/v2\/product_tag?post=37515"}],"curies":[{"name":"wp","href":"https:\/\/api.w.org\/{rel}","templated":true}]}}