{"id":37512,"date":"2025-01-30T07:40:34","date_gmt":"2025-01-30T07:40:34","guid":{"rendered":"https:\/\/www.headshop.nl\/?post_type=product&#038;p=37512"},"modified":"2025-05-23T09:08:52","modified_gmt":"2025-05-23T09:08:52","slug":"ny-diesel","status":"publish","type":"product","link":"https:\/\/www.headshop.nl\/fr\/ny-diesel\/","title":{"rendered":"NY Diesel - Vision Seeds"},"content":{"rendered":"<h2><span data-sheets-value=\"{&quot;1&quot;:2,&quot;2&quot;:&quot;NY Diesel&quot;}\" data-sheets-userformat=\"{&quot;2&quot;:6723,&quot;3&quot;:{&quot;1&quot;:0},&quot;4&quot;:{&quot;1&quot;:2,&quot;2&quot;:14281427},&quot;9&quot;:0,&quot;12&quot;:0,&quot;14&quot;:{&quot;1&quot;:2,&quot;2&quot;:0},&quot;15&quot;:&quot;Arial&quot;}\">NY Diesel <\/span>Graines de cannabis de Vision Seeds<\/h2>\n<p>NY Diesel est une nouvelle vari\u00e9t\u00e9 am\u00e9lior\u00e9e que vous pouvez appr\u00e9cier \u00e0 tout moment de la journ\u00e9e, mais attention ! Prenant les meilleurs \u00e9l\u00e9ments de l'Indica et de la Sativa, Vision Seeds NY Diesel apportera avec elle tous les bienfaits de cette fabuleuse plante. L'hybride (50\/50) permet une exp\u00e9rience encore plus \u00e9quilibr\u00e9e, ce qui est parfait pour les modes de vie actifs que nous vivons en ces jours de grande activit\u00e9.<\/p>\n<p>Cette reine g\u00e9niale de New York City a \u00e9t\u00e9 cr\u00e9\u00e9e en \u00e9quilibrant deux vari\u00e9t\u00e9s diff\u00e9rentes afin de ne pr\u00e9senter aucune restriction : vous n'obtenez que des bourgeons de la meilleure qualit\u00e9 et une fum\u00e9e incroyable - ce sera l'amour \u00e0 la premi\u00e8re bouff\u00e9e ! Faites-nous confiance : Il ne s'agit pas de simples poign\u00e9es de cristaux qui ont l'air plus jolies qu'elles ne sentent.<\/p>\n<p>Cette vari\u00e9t\u00e9 est un hybride \u00e9tonnant qui vous procurera beaucoup de fum\u00e9e de haute qualit\u00e9. Elle a \u00e9t\u00e9 cr\u00e9\u00e9e \u00e0 partir de vibrations diesel classiques et de bouff\u00e9es fruit\u00e9es pour cr\u00e9er la vari\u00e9t\u00e9 parfaite pour tout connaisseur d'herbe exp\u00e9riment\u00e9.<\/p>","protected":false},"excerpt":{"rendered":"<p>NY Diesel est un hybride bien \u00e9quilibr\u00e9 (50\/50) avec des g\u00e9n\u00e9tiques int\u00e9ressantes. Le profil de saveur comprendra des tons aigre-doux et fruit\u00e9s, avec quelques vibrations diesel ajout\u00e9es pour faire bonne mesure. La NY Diesel est la plante de choix si vous voulez un effet \u00e0 la fois Indica et Sativa !<\/p>","protected":false},"featured_media":37260,"template":"","meta":[],"product_brand":[],"product_cat":[950,297,467,465],"product_tag":[],"class_list":{"0":"post-37512","1":"product","2":"type-product","3":"status-publish","4":"has-post-thumbnail","6":"product_cat-vision-seeds","7":"product_cat-all-products","8":"product_cat-feminized-seeds","9":"product_cat-seedshop","10":"product_shipping_class-creditcard-on","12":"first","13":"instock","14":"taxable","15":"shipping-taxable","16":"purchasable","17":"product-type-variable","18":"has-default-attributes"},"_links":{"self":[{"href":"https:\/\/www.headshop.nl\/fr\/wp-json\/wp\/v2\/product\/37512","targetHints":{"allow":["GET"]}}],"collection":[{"href":"https:\/\/www.headshop.nl\/fr\/wp-json\/wp\/v2\/product"}],"about":[{"href":"https:\/\/www.headshop.nl\/fr\/wp-json\/wp\/v2\/types\/product"}],"wp:featuredmedia":[{"embeddable":true,"href":"https:\/\/www.headshop.nl\/fr\/wp-json\/wp\/v2\/media\/37260"}],"wp:attachment":[{"href":"https:\/\/www.headshop.nl\/fr\/wp-json\/wp\/v2\/media?parent=37512"}],"wp:term":[{"taxonomy":"product_brand","embeddable":true,"href":"https:\/\/www.headshop.nl\/fr\/wp-json\/wp\/v2\/product_brand?post=37512"},{"taxonomy":"product_cat","embeddable":true,"href":"https:\/\/www.headshop.nl\/fr\/wp-json\/wp\/v2\/product_cat?post=37512"},{"taxonomy":"product_tag","embeddable":true,"href":"https:\/\/www.headshop.nl\/fr\/wp-json\/wp\/v2\/product_tag?post=37512"}],"curies":[{"name":"wp","href":"https:\/\/api.w.org\/{rel}","templated":true}]}}