{"id":37433,"date":"2025-01-30T08:06:40","date_gmt":"2025-01-30T08:06:40","guid":{"rendered":"https:\/\/www.headshop.nl\/?post_type=product&#038;p=37433"},"modified":"2025-05-23T09:05:26","modified_gmt":"2025-05-23T09:05:26","slug":"nicole-x-og","status":"publish","type":"product","link":"https:\/\/www.headshop.nl\/fr\/nicole-x-og\/","title":{"rendered":"Nicole x OG - Vision Seeds"},"content":{"rendered":"<h2><span data-sheets-value=\"{&quot;1&quot;:2,&quot;2&quot;:&quot;Nicole x OG&quot;}\" data-sheets-userformat=\"{&quot;2&quot;:6723,&quot;3&quot;:{&quot;1&quot;:0},&quot;4&quot;:{&quot;1&quot;:2,&quot;2&quot;:13624051},&quot;9&quot;:0,&quot;12&quot;:0,&quot;14&quot;:{&quot;1&quot;:2,&quot;2&quot;:0},&quot;15&quot;:&quot;Arial&quot;}\">Nicole x OG<\/span> Graines de cannabis de Vision Seeds<\/h2>\n<p>Nicole X OG de Vision Seeds est l'une de nos plus jolies plantes qui peut vous surprendre par la taille de son rendement. Ses niveaux de THC sont imbattables, ce qui la rend encore plus populaire dans la communaut\u00e9 des consommateurs de cannabis exp\u00e9riment\u00e9s.<\/p>\n<p>Le go\u00fbt de cette dame est hors du commun. Vous ferez l'exp\u00e9rience d'un ar\u00f4me particulier de baies m\u00e9lang\u00e9 \u00e0 des tons d'agrumes et de terre qui vous donneront envie d'en redemander. Cette dame \u00e0 dominante Indica commence par de puissants effets l\u00e9thargiques qui vous plongent dans un \u00e9tat de relaxation totale, tout en \u00e9liminant vos tensions mentales, vous laissant dans un \u00e9tat de pur d\u00e9lice.<\/p>\n<p>Cette indica lourde est une vari\u00e9t\u00e9 OG Kush x Nicole qui se caract\u00e9rise par une coh\u00e9sion discr\u00e8te et un ar\u00f4me l\u00e9ger. Le go\u00fbt des baies pr\u00e9domine, m\u00e9lang\u00e9 \u00e0 celui des agrumes et \u00e0 un soup\u00e7on de terre. Le high commence lentement mais s'intensifie jusqu'\u00e0 ce qu'il n'y ait plus aucun doute sur le fait que vous \u00eates en train de vous d\u00e9foncer ! Avec son m\u00e9lange de highs enivrants, c'est la prochaine fois que vous fumerez la nuit !<\/p>","protected":false},"excerpt":{"rendered":"<p>Cette dame \u00e0 dominante Indica commence \u00e0 donner des coups de pied avec de forts effets l\u00e9thargiques ! Le moins que l'on puisse dire, c'est que la saveur de cette incroyable dame est impressionnante... Attendez-vous \u00e0 un ar\u00f4me particulier de baies, m\u00e9lang\u00e9 \u00e0 de forts agrumes et \u00e0 une touche de bois et de terre en arri\u00e8re-plan. La Nicole x OG est une plante formidable \u00e0 cultiver pour tous les amateurs de kush !<\/p>","protected":false},"featured_media":37300,"template":"","meta":[],"product_brand":[],"product_cat":[950,297,467,470,465],"product_tag":[],"class_list":{"0":"post-37433","1":"product","2":"type-product","3":"status-publish","4":"has-post-thumbnail","6":"product_cat-vision-seeds","7":"product_cat-all-products","8":"product_cat-feminized-seeds","9":"product_cat-high-thc-seeds","10":"product_cat-seedshop","11":"product_shipping_class-creditcard-on","13":"first","14":"instock","15":"taxable","16":"shipping-taxable","17":"purchasable","18":"product-type-variable","19":"has-default-attributes"},"_links":{"self":[{"href":"https:\/\/www.headshop.nl\/fr\/wp-json\/wp\/v2\/product\/37433","targetHints":{"allow":["GET"]}}],"collection":[{"href":"https:\/\/www.headshop.nl\/fr\/wp-json\/wp\/v2\/product"}],"about":[{"href":"https:\/\/www.headshop.nl\/fr\/wp-json\/wp\/v2\/types\/product"}],"wp:featuredmedia":[{"embeddable":true,"href":"https:\/\/www.headshop.nl\/fr\/wp-json\/wp\/v2\/media\/37300"}],"wp:attachment":[{"href":"https:\/\/www.headshop.nl\/fr\/wp-json\/wp\/v2\/media?parent=37433"}],"wp:term":[{"taxonomy":"product_brand","embeddable":true,"href":"https:\/\/www.headshop.nl\/fr\/wp-json\/wp\/v2\/product_brand?post=37433"},{"taxonomy":"product_cat","embeddable":true,"href":"https:\/\/www.headshop.nl\/fr\/wp-json\/wp\/v2\/product_cat?post=37433"},{"taxonomy":"product_tag","embeddable":true,"href":"https:\/\/www.headshop.nl\/fr\/wp-json\/wp\/v2\/product_tag?post=37433"}],"curies":[{"name":"wp","href":"https:\/\/api.w.org\/{rel}","templated":true}]}}