{"id":37427,"date":"2025-01-30T08:06:37","date_gmt":"2025-01-30T08:06:37","guid":{"rendered":"https:\/\/www.headshop.nl\/?post_type=product&#038;p=37427"},"modified":"2025-05-23T09:05:58","modified_gmt":"2025-05-23T09:05:58","slug":"medical-49-cbd","status":"publish","type":"product","link":"https:\/\/www.headshop.nl\/fr\/medical-49-cbd\/","title":{"rendered":"Medical 49 (CBD+) - Vision Seeds"},"content":{"rendered":"<h2><span data-sheets-value=\"{&quot;1&quot;:2,&quot;2&quot;:&quot;Medical 49 (CBD+)&quot;}\" data-sheets-userformat=\"{&quot;2&quot;:6723,&quot;3&quot;:{&quot;1&quot;:0},&quot;4&quot;:{&quot;1&quot;:2,&quot;2&quot;:16043212},&quot;9&quot;:0,&quot;12&quot;:0,&quot;14&quot;:{&quot;1&quot;:2,&quot;2&quot;:0},&quot;15&quot;:&quot;Arial&quot;}\">Medical 49 (CBD+) <\/span>Graines de cannabis de Vision Seeds<\/h2>\n<p>La Medical 49 CBD+ est con\u00e7ue pour les patients \u00e0 la recherche d'une grande vari\u00e9t\u00e9 de cannabis m\u00e9dicinal qui peut aider \u00e0 soulager les maux physiques et mentaux. Elle est pauvre en THC, mais riche en CBD, ce qui la rend parfaite pour ceux qui cherchent \u00e0 soulager l'anxi\u00e9t\u00e9 ou le stress.<\/p>\n<p>Depuis qu'elle est apparue, cette vari\u00e9t\u00e9 est la pr\u00e9f\u00e9r\u00e9e de beaucoup. Les vari\u00e9t\u00e9s de cannabis Medical 49 CBD+ ont tendance \u00e0 apaiser les esprits et \u00e0 aider les gens \u00e0 se sentir moins anxieux ou stress\u00e9s ; mais ce n'est pas tout ce que font ces petites beaut\u00e9s ! Ces vari\u00e9t\u00e9s pr\u00e9sentent des avantages m\u00e9dicaux tr\u00e8s int\u00e9ressants, notamment en ce qui concerne les naus\u00e9es !<\/p>\n<p>Si vous cherchez \u00e0 soulager des douleurs corporelles (en particulier des maux de t\u00eate), nous vous recommandons de lui donner une bouff\u00e9e. Cette plante \u00e9tonnante a \u00e9t\u00e9 s\u00e9lectivement s\u00e9lectionn\u00e9e pour r\u00e9pondre \u00e0 tous les besoins.<\/p>","protected":false},"excerpt":{"rendered":"<p>Vision Seeds Medical 49 CBD+ - une des meilleures vari\u00e9t\u00e9s de cannabis pour tous ceux qui cherchent \u00e0 soulager l'anxi\u00e9t\u00e9 et le stress. Faible teneur en THC, forte teneur en CBD. Id\u00e9ale pour les personnes qui ont besoin de soulager les naus\u00e9es ou m\u00eame la douleur. Si vous pensez que le cannabis pourrait vous apporter un grand soutien, c'est la vari\u00e9t\u00e9 \u00e0 cultiver. Le nom dit tout, n'est-ce pas ?<\/p>","protected":false},"featured_media":37254,"template":"","meta":[],"product_brand":[],"product_cat":[950,297,469,467,465],"product_tag":[],"class_list":{"0":"post-37427","1":"product","2":"type-product","3":"status-publish","4":"has-post-thumbnail","6":"product_cat-vision-seeds","7":"product_cat-all-products","8":"product_cat-cbd-seeds","9":"product_cat-feminized-seeds","10":"product_cat-seedshop","11":"product_shipping_class-creditcard-on","13":"first","14":"instock","15":"taxable","16":"shipping-taxable","17":"purchasable","18":"product-type-variable","19":"has-default-attributes"},"_links":{"self":[{"href":"https:\/\/www.headshop.nl\/fr\/wp-json\/wp\/v2\/product\/37427","targetHints":{"allow":["GET"]}}],"collection":[{"href":"https:\/\/www.headshop.nl\/fr\/wp-json\/wp\/v2\/product"}],"about":[{"href":"https:\/\/www.headshop.nl\/fr\/wp-json\/wp\/v2\/types\/product"}],"wp:featuredmedia":[{"embeddable":true,"href":"https:\/\/www.headshop.nl\/fr\/wp-json\/wp\/v2\/media\/37254"}],"wp:attachment":[{"href":"https:\/\/www.headshop.nl\/fr\/wp-json\/wp\/v2\/media?parent=37427"}],"wp:term":[{"taxonomy":"product_brand","embeddable":true,"href":"https:\/\/www.headshop.nl\/fr\/wp-json\/wp\/v2\/product_brand?post=37427"},{"taxonomy":"product_cat","embeddable":true,"href":"https:\/\/www.headshop.nl\/fr\/wp-json\/wp\/v2\/product_cat?post=37427"},{"taxonomy":"product_tag","embeddable":true,"href":"https:\/\/www.headshop.nl\/fr\/wp-json\/wp\/v2\/product_tag?post=37427"}],"curies":[{"name":"wp","href":"https:\/\/api.w.org\/{rel}","templated":true}]}}