{"id":37425,"date":"2025-01-30T08:06:37","date_gmt":"2025-01-30T08:06:37","guid":{"rendered":"https:\/\/www.headshop.nl\/?post_type=product&#038;p=37425"},"modified":"2025-05-23T09:05:51","modified_gmt":"2025-05-23T09:05:51","slug":"la-blanca-gold","status":"publish","type":"product","link":"https:\/\/www.headshop.nl\/fr\/la-blanca-gold\/","title":{"rendered":"La Blanca Gold - Vision Seeds"},"content":{"rendered":"<h2><span data-sheets-value=\"{&quot;1&quot;:2,&quot;2&quot;:&quot;AK-49&quot;}\" data-sheets-userformat=\"{&quot;2&quot;:14915,&quot;3&quot;:{&quot;1&quot;:0},&quot;4&quot;:{&quot;1&quot;:2,&quot;2&quot;:16773836},&quot;9&quot;:0,&quot;12&quot;:0,&quot;14&quot;:{&quot;1&quot;:2,&quot;2&quot;:0},&quot;15&quot;:&quot;docs-Calibri&quot;,&quot;16&quot;:12}\">La Blanca Gold<\/span>\u00a0Graines de cannabis de Vision Seeds<\/h2>\n<p>Vision Seeds La Blanca Gold est une m\u00e9chante reine de tout ce qui est collant, avec des niveaux de production de r\u00e9sine tr\u00e8s \u00e9lev\u00e9s et un taux de CBD tr\u00e8s \u00e9lev\u00e9, ce qui la rend viable pour certains besoins m\u00e9dicaux. Cette dame adore pousser avec des rendements inf\u00e9rieurs \u00e0 la moyenne, couverts de cristaux. Si vous \u00eates \u00e0 la recherche d'une exp\u00e9rience de fumage plus dynamique avec un \u00e9quilibre CBD\/THC agr\u00e9able, cette dame pourrait bien \u00eatre votre nouvelle meilleure amie.<\/p>\n<p>La Blanca Gold est un bourgeon au parfum et au go\u00fbt frais, floral et terreux. Les effets sont bien \u00e9quilibr\u00e9s, induisant un sentiment d'\u00e9l\u00e9vation et d'\u00e9nergie sans \u00eatre trop envahissants. La teneur en THC de cette vari\u00e9t\u00e9 vous fera sombrer dans le sommeil sans aucun probl\u00e8me ; 2 heures apr\u00e8s l'avoir consomm\u00e9e, vous serez en train de r\u00eaver \u00e0 la beaut\u00e9 de la vie, m\u00eame dans les moments difficiles.<\/p>","protected":false},"excerpt":{"rendered":"<p>La Blanca Gold est une nouvelle vari\u00e9t\u00e9 de cannabis hybride int\u00e9ressante qui refl\u00e8te le monde de Vision Seeds en mati\u00e8re de g\u00e9n\u00e9tiques de vari\u00e9t\u00e9s de cannabis \u00e9tonnantes. Le m\u00e9lange parfait de THC et de CBD pour des besoins m\u00e9dicinaux importants, tout en \u00e9tant amusant \u00e0 cultiver avec de bonnes r\u00e9coltes ! A essayer absolument !<\/p>","protected":false},"featured_media":37252,"template":"","meta":[],"product_brand":[],"product_cat":[950,297,467,465],"product_tag":[],"class_list":{"0":"post-37425","1":"product","2":"type-product","3":"status-publish","4":"has-post-thumbnail","6":"product_cat-vision-seeds","7":"product_cat-all-products","8":"product_cat-feminized-seeds","9":"product_cat-seedshop","10":"product_shipping_class-creditcard-on","12":"first","13":"instock","14":"taxable","15":"shipping-taxable","16":"purchasable","17":"product-type-variable","18":"has-default-attributes"},"_links":{"self":[{"href":"https:\/\/www.headshop.nl\/fr\/wp-json\/wp\/v2\/product\/37425","targetHints":{"allow":["GET"]}}],"collection":[{"href":"https:\/\/www.headshop.nl\/fr\/wp-json\/wp\/v2\/product"}],"about":[{"href":"https:\/\/www.headshop.nl\/fr\/wp-json\/wp\/v2\/types\/product"}],"wp:featuredmedia":[{"embeddable":true,"href":"https:\/\/www.headshop.nl\/fr\/wp-json\/wp\/v2\/media\/37252"}],"wp:attachment":[{"href":"https:\/\/www.headshop.nl\/fr\/wp-json\/wp\/v2\/media?parent=37425"}],"wp:term":[{"taxonomy":"product_brand","embeddable":true,"href":"https:\/\/www.headshop.nl\/fr\/wp-json\/wp\/v2\/product_brand?post=37425"},{"taxonomy":"product_cat","embeddable":true,"href":"https:\/\/www.headshop.nl\/fr\/wp-json\/wp\/v2\/product_cat?post=37425"},{"taxonomy":"product_tag","embeddable":true,"href":"https:\/\/www.headshop.nl\/fr\/wp-json\/wp\/v2\/product_tag?post=37425"}],"curies":[{"name":"wp","href":"https:\/\/api.w.org\/{rel}","templated":true}]}}