{"id":37420,"date":"2025-01-30T08:06:34","date_gmt":"2025-01-30T08:06:34","guid":{"rendered":"https:\/\/www.headshop.nl\/?post_type=product&#038;p=37420"},"modified":"2025-05-23T09:06:10","modified_gmt":"2025-05-23T09:06:10","slug":"jack-herer","status":"publish","type":"product","link":"https:\/\/www.headshop.nl\/fr\/jack-herer\/","title":{"rendered":"Jack Herer - Vision Seeds"},"content":{"rendered":"<h2><span data-sheets-value=\"{&quot;1&quot;:2,&quot;2&quot;:&quot;Jack Herer&quot;}\" data-sheets-userformat=\"{&quot;2&quot;:6723,&quot;3&quot;:{&quot;1&quot;:0},&quot;4&quot;:{&quot;1&quot;:2,&quot;2&quot;:15389148},&quot;9&quot;:0,&quot;12&quot;:0,&quot;14&quot;:{&quot;1&quot;:2,&quot;2&quot;:0},&quot;15&quot;:&quot;Arial&quot;}\">Jack Herer <\/span>Graines de cannabis de Vision Seeds<\/h2>\n<p>Vous avez cherch\u00e9 un moyen de vous d\u00e9tendre et de vous amuser, sans pour autant vous sentir paresseux ou trop fatigu\u00e9. Vous voulez que la sensation euphorique de votre cannabis reste avec vous sans \u00eatre submerg\u00e9 par elle. Jack Herer Cannabis Seeds est peut-\u00eatre ce qu'il vous faut !<\/p>\n<p>Cette vari\u00e9t\u00e9 de marijuana vicieusement g\u00e9niale vous tiendra en haleine et vous rendra heureux sans vous laisser \u00e9puis\u00e9 ou l\u00e9thargique, ce qui est id\u00e9al si c'est ce que vous recherchez dans une vari\u00e9t\u00e9 d'herbe. La Jack Herer est fi\u00e8re de ses g\u00e9n\u00e9tiques Skunk, Northern Lights et Haze - oui !<\/p>","protected":false},"excerpt":{"rendered":"<p>Laissez Jack se pr\u00e9senter, pour que nous n'ayons pas \u00e0 le faire... \"Je suis un hybride Sativa de haute qualit\u00e9 avec une 100% Skunk, Northern Lights, et des g\u00e9n\u00e9tiques Haze qui vous rendront fiers de me cultiver. Je suis connue pour mes superbes fleurs qui sont des bourgeons vert clair recouverts de nombreux poils qui causeront de l'euphorie lorsqu'elle atteindra votre syst\u00e8me.\" Nous ne pourrions pas dire mieux nous-m\u00eames !<\/p>","protected":false},"featured_media":37250,"template":"","meta":[],"product_brand":[],"product_cat":[950,297,467,465],"product_tag":[],"class_list":{"0":"post-37420","1":"product","2":"type-product","3":"status-publish","4":"has-post-thumbnail","6":"product_cat-vision-seeds","7":"product_cat-all-products","8":"product_cat-feminized-seeds","9":"product_cat-seedshop","10":"product_shipping_class-creditcard-on","12":"first","13":"instock","14":"taxable","15":"shipping-taxable","16":"purchasable","17":"product-type-variable","18":"has-default-attributes"},"_links":{"self":[{"href":"https:\/\/www.headshop.nl\/fr\/wp-json\/wp\/v2\/product\/37420","targetHints":{"allow":["GET"]}}],"collection":[{"href":"https:\/\/www.headshop.nl\/fr\/wp-json\/wp\/v2\/product"}],"about":[{"href":"https:\/\/www.headshop.nl\/fr\/wp-json\/wp\/v2\/types\/product"}],"wp:featuredmedia":[{"embeddable":true,"href":"https:\/\/www.headshop.nl\/fr\/wp-json\/wp\/v2\/media\/37250"}],"wp:attachment":[{"href":"https:\/\/www.headshop.nl\/fr\/wp-json\/wp\/v2\/media?parent=37420"}],"wp:term":[{"taxonomy":"product_brand","embeddable":true,"href":"https:\/\/www.headshop.nl\/fr\/wp-json\/wp\/v2\/product_brand?post=37420"},{"taxonomy":"product_cat","embeddable":true,"href":"https:\/\/www.headshop.nl\/fr\/wp-json\/wp\/v2\/product_cat?post=37420"},{"taxonomy":"product_tag","embeddable":true,"href":"https:\/\/www.headshop.nl\/fr\/wp-json\/wp\/v2\/product_tag?post=37420"}],"curies":[{"name":"wp","href":"https:\/\/api.w.org\/{rel}","templated":true}]}}