{"id":37418,"date":"2025-01-30T08:06:32","date_gmt":"2025-01-30T08:06:32","guid":{"rendered":"https:\/\/www.headshop.nl\/?post_type=product&#038;p=37418"},"modified":"2025-05-23T09:06:24","modified_gmt":"2025-05-23T09:06:24","slug":"doctor-jamaica","status":"publish","type":"product","link":"https:\/\/www.headshop.nl\/fr\/doctor-jamaica\/","title":{"rendered":"Doctor Jamaica - Vision Seeds"},"content":{"rendered":"<h2><span data-sheets-value=\"{&quot;1&quot;:2,&quot;2&quot;:&quot;Doctor Jamaica&quot;}\" data-sheets-userformat=\"{&quot;2&quot;:6723,&quot;3&quot;:{&quot;1&quot;:0},&quot;4&quot;:{&quot;1&quot;:2,&quot;2&quot;:16043212},&quot;9&quot;:0,&quot;12&quot;:0,&quot;14&quot;:{&quot;1&quot;:2,&quot;2&quot;:0},&quot;15&quot;:&quot;Arial&quot;}\">Doctor Jamaica<\/span> Graines de cannabis de Vision Seeds<\/h2>\n<p>Vision Seeds Doctor Jamaica est une vari\u00e9t\u00e9 classique californienne de la vieille \u00e9cole qui a trouv\u00e9 son \u00e9lan dans le monde dans les ann\u00e9es 90 et qui a \u00e9t\u00e9 cultiv\u00e9e dans le monde entier pour son go\u00fbt incroyable. Bien qu'elle ne produise pas toujours de grosses r\u00e9coltes et que les niveaux de THC soient parfois moyens, ses fans n'ont jamais sembl\u00e9 s'en soucier : ils adorent son go\u00fbt et son odeur !<\/p>\n<p>Si vous \u00eates pr\u00eat pour quelque chose de vraiment unique et d\u00e9licieux, ne cherchez pas plus loin que cette dame - elle vous \u00e9tonnera \u00e0 chaque bouff\u00e9e.<\/p>\n<p>Vision Seeds Doctor Jamaica est un standard rafra\u00eechissant dont le go\u00fbt est d\u00e9crit par l'un de ses fans comme \"une combinaison de skunk, de mangue et de mandarine\". Les oranges les plus d\u00e9licieuses et les plus sucr\u00e9es que vous puissiez go\u00fbter, avec un ar\u00f4me d'agrumes. Niam !<\/p>","protected":false},"excerpt":{"rendered":"<p>C'est une vari\u00e9t\u00e9 \u00e0 essayer absolument pour tout connaisseur de cannabis qui appr\u00e9cie la saveur par-dessus tout. Elle n'est pas la plus productive de la plan\u00e8te, mais elle offre des saveurs intenses, app\u00e9tissantes et rafra\u00eechissantes, qui valent la peine d'y consacrer le moindre effort. L'effet sera un high joyeux et enivrant avec une cr\u00e9ativit\u00e9 intacte - de plus, il n'y a rien de mieux que de partager cette fleur avec des amis tout en profitant du d\u00e9licieux profil terp\u00e9nique !<\/p>","protected":false},"featured_media":37332,"template":"","meta":[],"product_brand":[],"product_cat":[950,297,467,465],"product_tag":[],"class_list":{"0":"post-37418","1":"product","2":"type-product","3":"status-publish","4":"has-post-thumbnail","6":"product_cat-vision-seeds","7":"product_cat-all-products","8":"product_cat-feminized-seeds","9":"product_cat-seedshop","10":"product_shipping_class-creditcard-on","12":"first","13":"instock","14":"taxable","15":"shipping-taxable","16":"purchasable","17":"product-type-variable","18":"has-default-attributes"},"_links":{"self":[{"href":"https:\/\/www.headshop.nl\/fr\/wp-json\/wp\/v2\/product\/37418","targetHints":{"allow":["GET"]}}],"collection":[{"href":"https:\/\/www.headshop.nl\/fr\/wp-json\/wp\/v2\/product"}],"about":[{"href":"https:\/\/www.headshop.nl\/fr\/wp-json\/wp\/v2\/types\/product"}],"wp:featuredmedia":[{"embeddable":true,"href":"https:\/\/www.headshop.nl\/fr\/wp-json\/wp\/v2\/media\/37332"}],"wp:attachment":[{"href":"https:\/\/www.headshop.nl\/fr\/wp-json\/wp\/v2\/media?parent=37418"}],"wp:term":[{"taxonomy":"product_brand","embeddable":true,"href":"https:\/\/www.headshop.nl\/fr\/wp-json\/wp\/v2\/product_brand?post=37418"},{"taxonomy":"product_cat","embeddable":true,"href":"https:\/\/www.headshop.nl\/fr\/wp-json\/wp\/v2\/product_cat?post=37418"},{"taxonomy":"product_tag","embeddable":true,"href":"https:\/\/www.headshop.nl\/fr\/wp-json\/wp\/v2\/product_tag?post=37418"}],"curies":[{"name":"wp","href":"https:\/\/api.w.org\/{rel}","templated":true}]}}