{"id":37415,"date":"2025-01-30T08:06:30","date_gmt":"2025-01-30T08:06:30","guid":{"rendered":"https:\/\/www.headshop.nl\/?post_type=product&#038;p=37415"},"modified":"2025-05-23T09:06:32","modified_gmt":"2025-05-23T09:06:32","slug":"crystal-queen","status":"publish","type":"product","link":"https:\/\/www.headshop.nl\/fr\/crystal-queen\/","title":{"rendered":"Crystal Queen - Vision Seeds"},"content":{"rendered":"<h2><span data-sheets-value=\"{&quot;1&quot;:2,&quot;2&quot;:&quot;Crystal Queen&quot;}\" data-sheets-userformat=\"{&quot;2&quot;:6723,&quot;3&quot;:{&quot;1&quot;:0},&quot;4&quot;:{&quot;1&quot;:2,&quot;2&quot;:13228792},&quot;9&quot;:0,&quot;12&quot;:0,&quot;14&quot;:{&quot;1&quot;:2,&quot;2&quot;:0},&quot;15&quot;:&quot;Arial&quot;}\">Crystal Queen<\/span> Graines de cannabis de Vision Seeds<\/h2>\n<p>Tout simplement parce qu'elle est si belle qu'elle vous donne envie de la fumer imm\u00e9diatement. Et elle tient ses promesses sur tous les fronts : son rendement n'est ni trop petit ni trop grand pour n'importe quelle situation, ses bourgeons contiennent des niveaux impressionnants de THC, ce qui signifie que cette reine a \u00e9galement un effet puissant sur votre syst\u00e8me.<\/p>\n<p>Sa palette d'ar\u00f4mes mixtes riches en terp\u00e8nes rendra chaque inhalation aussi agr\u00e9able que possible. Ne manquez pas ces fleurs couvertes de cristaux maintenant !<\/p>\n<p>Les graines de cannabis Crystal Queen sont presque aussi bonnes que d'\u00eatre couronn\u00e9es elles-m\u00eames ! Avec une taille, une qualit\u00e9, une densit\u00e9, une puissance et une exp\u00e9rience de culture incroyables, vous serez tellement \u00e9merveill\u00e9 par elle que vous voudrez peut-\u00eatre porter un diad\u00e8me vous-m\u00eame.<\/p>","protected":false},"excerpt":{"rendered":"<p>Les graines de cannabis Crystal Queen de Vision Seeds sont la combinaison parfaite de l'incroyable, de la douceur et de la fra\u00eecheur. En tant que vari\u00e9t\u00e9 de cannabis d'\u00e9lite avec une puissance \u00e9norme de 20% THC, Crystal Queen est un pur bonheur - l'attraction naturelle du plaisir du cultivateur ! Son apparence et son go\u00fbt atteignent un tout autre niveau !<\/p>","protected":false},"featured_media":37326,"template":"","meta":[],"product_brand":[],"product_cat":[950,297,467,470,465],"product_tag":[],"class_list":{"0":"post-37415","1":"product","2":"type-product","3":"status-publish","4":"has-post-thumbnail","6":"product_cat-vision-seeds","7":"product_cat-all-products","8":"product_cat-feminized-seeds","9":"product_cat-high-thc-seeds","10":"product_cat-seedshop","11":"product_shipping_class-creditcard-on","13":"first","14":"instock","15":"taxable","16":"shipping-taxable","17":"purchasable","18":"product-type-variable","19":"has-default-attributes"},"_links":{"self":[{"href":"https:\/\/www.headshop.nl\/fr\/wp-json\/wp\/v2\/product\/37415","targetHints":{"allow":["GET"]}}],"collection":[{"href":"https:\/\/www.headshop.nl\/fr\/wp-json\/wp\/v2\/product"}],"about":[{"href":"https:\/\/www.headshop.nl\/fr\/wp-json\/wp\/v2\/types\/product"}],"wp:featuredmedia":[{"embeddable":true,"href":"https:\/\/www.headshop.nl\/fr\/wp-json\/wp\/v2\/media\/37326"}],"wp:attachment":[{"href":"https:\/\/www.headshop.nl\/fr\/wp-json\/wp\/v2\/media?parent=37415"}],"wp:term":[{"taxonomy":"product_brand","embeddable":true,"href":"https:\/\/www.headshop.nl\/fr\/wp-json\/wp\/v2\/product_brand?post=37415"},{"taxonomy":"product_cat","embeddable":true,"href":"https:\/\/www.headshop.nl\/fr\/wp-json\/wp\/v2\/product_cat?post=37415"},{"taxonomy":"product_tag","embeddable":true,"href":"https:\/\/www.headshop.nl\/fr\/wp-json\/wp\/v2\/product_tag?post=37415"}],"curies":[{"name":"wp","href":"https:\/\/api.w.org\/{rel}","templated":true}]}}