{"id":37412,"date":"2025-01-30T08:06:27","date_gmt":"2025-01-30T08:06:27","guid":{"rendered":"https:\/\/www.headshop.nl\/?post_type=product&#038;p=37412"},"modified":"2025-05-23T09:07:12","modified_gmt":"2025-05-23T09:07:12","slug":"critical-impact","status":"publish","type":"product","link":"https:\/\/www.headshop.nl\/fr\/critical-impact\/","title":{"rendered":"Critical Impact - Vision Seeds"},"content":{"rendered":"<h2>Critical Impact Graines de cannabis de Vision Seeds<\/h2>\n<p>Rien ne fera de vous un meilleur cultivateur de cannabis que la Critical Impact. Comme tout bon hybride Skunk\/Kush, elle est la plante id\u00e9ale pour ceux qui cherchent \u00e0 maximiser leur r\u00e9colte et \u00e0 profiter d'une des meilleures qualit\u00e9s de fum\u00e9e de la plan\u00e8te. Vous serez ravi de sa r\u00e9colte abondante, car elle b\u00e9n\u00e9ficie d'un taux de croissance incroyable qui ne fait que s'accentuer au fur et \u00e0 mesure que la transition vers la floraison commence - et tout cela est enti\u00e8rement naturel !<\/p>\n<p>Assurez-vous que votre \u00e9quipement de culture peut supporter cette mauvaise fille, car elle est piquante et odorante comme aucune autre ! Le choix parfait pour les cultivateurs exp\u00e9riment\u00e9s ou ceux qui cherchent \u00e0 \"grossir ou rentrer chez eux\" !<\/p>","protected":false},"excerpt":{"rendered":"<p>Ces graines de cannabis Critical Impact sont indispensables pour ceux d'entre vous qui aiment les grandes r\u00e9coltes d'herbe de haute qualit\u00e9. Avec 600 grammes ou plus par m\u00e8tre carr\u00e9 en int\u00e9rieur, c'est l'une des vari\u00e9t\u00e9s les plus rapides et les plus productives du march\u00e9 - aussi bien en int\u00e9rieur qu'en ext\u00e9rieur ! Elle sent \u00e9galement tr\u00e8s bon, alors n'h\u00e9sitez pas \u00e0 l'aimer et vous serez grandement r\u00e9compens\u00e9 !<\/p>","protected":false},"featured_media":37324,"template":"","meta":[],"product_brand":[],"product_cat":[950,297,467,465],"product_tag":[],"class_list":{"0":"post-37412","1":"product","2":"type-product","3":"status-publish","4":"has-post-thumbnail","6":"product_cat-vision-seeds","7":"product_cat-all-products","8":"product_cat-feminized-seeds","9":"product_cat-seedshop","10":"product_shipping_class-creditcard-on","12":"first","13":"instock","14":"taxable","15":"shipping-taxable","16":"purchasable","17":"product-type-variable","18":"has-default-attributes"},"_links":{"self":[{"href":"https:\/\/www.headshop.nl\/fr\/wp-json\/wp\/v2\/product\/37412","targetHints":{"allow":["GET"]}}],"collection":[{"href":"https:\/\/www.headshop.nl\/fr\/wp-json\/wp\/v2\/product"}],"about":[{"href":"https:\/\/www.headshop.nl\/fr\/wp-json\/wp\/v2\/types\/product"}],"wp:featuredmedia":[{"embeddable":true,"href":"https:\/\/www.headshop.nl\/fr\/wp-json\/wp\/v2\/media\/37324"}],"wp:attachment":[{"href":"https:\/\/www.headshop.nl\/fr\/wp-json\/wp\/v2\/media?parent=37412"}],"wp:term":[{"taxonomy":"product_brand","embeddable":true,"href":"https:\/\/www.headshop.nl\/fr\/wp-json\/wp\/v2\/product_brand?post=37412"},{"taxonomy":"product_cat","embeddable":true,"href":"https:\/\/www.headshop.nl\/fr\/wp-json\/wp\/v2\/product_cat?post=37412"},{"taxonomy":"product_tag","embeddable":true,"href":"https:\/\/www.headshop.nl\/fr\/wp-json\/wp\/v2\/product_tag?post=37412"}],"curies":[{"name":"wp","href":"https:\/\/api.w.org\/{rel}","templated":true}]}}