{"id":37407,"date":"2025-01-30T08:06:21","date_gmt":"2025-01-30T08:06:21","guid":{"rendered":"https:\/\/www.headshop.nl\/?post_type=product&#038;p=37407"},"modified":"2025-05-23T09:07:24","modified_gmt":"2025-05-23T09:07:24","slug":"cheese","status":"publish","type":"product","link":"https:\/\/www.headshop.nl\/fr\/cheese\/","title":{"rendered":"Cheese - Vision Seeds"},"content":{"rendered":"<h2>Cheese Graines de cannabis de Vision Seeds<\/h2>\n<p>La Cheese Cannabis Seeds de Vision Seeds sera appr\u00e9ci\u00e9e par tous les fans inconditionnels de cannabis qui s'\u00e9panouissent lorsque l'ar\u00f4me musqu\u00e9 flotte dans la pi\u00e8ce ! La g\u00e9n\u00e9tique de ces plantes Cheese relativement fortes est assez serr\u00e9e et intense, de sorte que vous pouvez vous attendre \u00e0 un grand ar\u00f4me de cannabis fort avec des nuances de skunk. Vous obtiendrez une pierre corporelle d\u00e9cente ainsi qu'une agr\u00e9able euphorie apr\u00e8s l'avoir fum\u00e9e.<\/p>\n<p>Cette plante est garantie pour ravir tous les amateurs de fromage qui recherchent une exp\u00e9rience \u00e9motionnelle, physique et mentale agr\u00e9able. Vision Seeds Cheese vous hypnotisera avec son ar\u00f4me funky de musc skunk kush. Cette vari\u00e9t\u00e9 offre un stone corporel \u00e9tonnant coupl\u00e9 \u00e0 une euphorie agr\u00e9able.<\/p>","protected":false},"excerpt":{"rendered":"<p>La vari\u00e9t\u00e9 de cannabis Cheese est connue pour l'odeur musqu\u00e9e qu'elle d\u00e9gage. Con\u00e7ue pour ceux qui aiment tout ce qui est \"cheesy\", cette plante est garantie de vous satisfaire de plus d'une fa\u00e7on avec son fort impact de skunk et de kush. C'est une vari\u00e9t\u00e9 incroyablement bonne pour un vrai amateur de cannabis !<\/p>","protected":false},"featured_media":37320,"template":"","meta":[],"product_brand":[],"product_cat":[950,297,467,465],"product_tag":[],"class_list":{"0":"post-37407","1":"product","2":"type-product","3":"status-publish","4":"has-post-thumbnail","6":"product_cat-vision-seeds","7":"product_cat-all-products","8":"product_cat-feminized-seeds","9":"product_cat-seedshop","10":"product_shipping_class-creditcard-on","12":"first","13":"instock","14":"taxable","15":"shipping-taxable","16":"purchasable","17":"product-type-variable","18":"has-default-attributes"},"_links":{"self":[{"href":"https:\/\/www.headshop.nl\/fr\/wp-json\/wp\/v2\/product\/37407","targetHints":{"allow":["GET"]}}],"collection":[{"href":"https:\/\/www.headshop.nl\/fr\/wp-json\/wp\/v2\/product"}],"about":[{"href":"https:\/\/www.headshop.nl\/fr\/wp-json\/wp\/v2\/types\/product"}],"wp:featuredmedia":[{"embeddable":true,"href":"https:\/\/www.headshop.nl\/fr\/wp-json\/wp\/v2\/media\/37320"}],"wp:attachment":[{"href":"https:\/\/www.headshop.nl\/fr\/wp-json\/wp\/v2\/media?parent=37407"}],"wp:term":[{"taxonomy":"product_brand","embeddable":true,"href":"https:\/\/www.headshop.nl\/fr\/wp-json\/wp\/v2\/product_brand?post=37407"},{"taxonomy":"product_cat","embeddable":true,"href":"https:\/\/www.headshop.nl\/fr\/wp-json\/wp\/v2\/product_cat?post=37407"},{"taxonomy":"product_tag","embeddable":true,"href":"https:\/\/www.headshop.nl\/fr\/wp-json\/wp\/v2\/product_tag?post=37407"}],"curies":[{"name":"wp","href":"https:\/\/api.w.org\/{rel}","templated":true}]}}