{"id":37398,"date":"2025-01-30T08:06:11","date_gmt":"2025-01-30T08:06:11","guid":{"rendered":"https:\/\/www.headshop.nl\/?post_type=product&#038;p=37398"},"modified":"2025-05-23T09:07:40","modified_gmt":"2025-05-23T09:07:40","slug":"bona-dea-cbd","status":"publish","type":"product","link":"https:\/\/www.headshop.nl\/fr\/bona-dea-cbd\/","title":{"rendered":"Bona Dea (CBD+) - Vision Seeds"},"content":{"rendered":"<h2><span data-sheets-value=\"{&quot;1&quot;:2,&quot;2&quot;:&quot;Bona Dea (CBD+)&quot;}\" data-sheets-userformat=\"{&quot;2&quot;:6723,&quot;3&quot;:{&quot;1&quot;:0},&quot;4&quot;:{&quot;1&quot;:2,&quot;2&quot;:14275305},&quot;9&quot;:0,&quot;12&quot;:0,&quot;14&quot;:{&quot;1&quot;:2,&quot;2&quot;:0},&quot;15&quot;:&quot;Arial&quot;}\">Bona Dea (CBD+)<\/span> Graines de cannabis de Vision Seeds<\/h2>\n<p>Bona Dea est un incroyable hybride Indica qui a \u00e9t\u00e9 optimis\u00e9 pour apporter des niveaux \u00e9lev\u00e9s de CBD. Parfaite pour ceux qui aiment la marijuana m\u00e9dicale mais ne veulent pas d'effets psychoactifs puissants, cette vari\u00e9t\u00e9 d\u00e9tendra vos muscles et vous permettra de vous endormir plus facilement apr\u00e8s une journ\u00e9e stressante au travail ou \u00e0 l'\u00e9cole. L'\u00e9quilibre parfait entre le THC et le CBD signifie que la Bona Dea offre des avantages optimaux aux personnes qui recherchent un soulagement m\u00e9dicinal sans perdre leur espace mental. Quoi de mieux qu'une d\u00e9licieuse herbe pour se d\u00e9tendre ?<\/p>\n<p>Pour une fois, vous avez r\u00e9ussi \u00e0 tenir jusqu'\u00e0 la fin de votre journ\u00e9e de travail, mais vous avez tant de r\u00e9unions devant vous et vous avez toujours cette douleur dans le poignet. Reprenez pied avec la Bona Dea (CBD+) Cannabis Seeds de Vision Seeds qui apportera la paix \u00e0 vos muscles tout en vous procurant d'incroyables bienfaits en mati\u00e8re de relaxation sans vous mettre hors service. Gardez \u00e0 l'esprit qu'il s'agit toujours d'un solide 9% de THC !<\/p>","protected":false},"excerpt":{"rendered":"<p>Ces \u00e9tonnants bourgeons de cannabis Indica vous laisseront d\u00e9tendu, sans douleur et dormant comme un b\u00e9b\u00e9. Une belle vari\u00e9t\u00e9 qui est parfaite pour tous ceux qui ressentent les effets des vari\u00e9t\u00e9s \u00e0 haute teneur en THC comme trop forts. Vous aurez de la chance avec la teneur \u00e9quilibr\u00e9e en THC et en CBD de la Bona Dea, qui vous permettra de profiter de tous les bienfaits m\u00e9dicinaux sans aucune r\u00e9pression de la pens\u00e9e ou des sensations physiques. Si la relaxation raisonnable vous convient, Bona Dea est votre fille !<\/p>","protected":false},"featured_media":37316,"template":"","meta":[],"product_brand":[],"product_cat":[950,297,467,465,629],"product_tag":[],"class_list":{"0":"post-37398","1":"product","2":"type-product","3":"status-publish","4":"has-post-thumbnail","6":"product_cat-vision-seeds","7":"product_cat-all-products","8":"product_cat-feminized-seeds","9":"product_cat-seedshop","10":"product_cat-seedshop-top-10","11":"product_shipping_class-creditcard-on","13":"first","14":"instock","15":"taxable","16":"shipping-taxable","17":"purchasable","18":"product-type-variable","19":"has-default-attributes"},"_links":{"self":[{"href":"https:\/\/www.headshop.nl\/fr\/wp-json\/wp\/v2\/product\/37398","targetHints":{"allow":["GET"]}}],"collection":[{"href":"https:\/\/www.headshop.nl\/fr\/wp-json\/wp\/v2\/product"}],"about":[{"href":"https:\/\/www.headshop.nl\/fr\/wp-json\/wp\/v2\/types\/product"}],"wp:featuredmedia":[{"embeddable":true,"href":"https:\/\/www.headshop.nl\/fr\/wp-json\/wp\/v2\/media\/37316"}],"wp:attachment":[{"href":"https:\/\/www.headshop.nl\/fr\/wp-json\/wp\/v2\/media?parent=37398"}],"wp:term":[{"taxonomy":"product_brand","embeddable":true,"href":"https:\/\/www.headshop.nl\/fr\/wp-json\/wp\/v2\/product_brand?post=37398"},{"taxonomy":"product_cat","embeddable":true,"href":"https:\/\/www.headshop.nl\/fr\/wp-json\/wp\/v2\/product_cat?post=37398"},{"taxonomy":"product_tag","embeddable":true,"href":"https:\/\/www.headshop.nl\/fr\/wp-json\/wp\/v2\/product_tag?post=37398"}],"curies":[{"name":"wp","href":"https:\/\/api.w.org\/{rel}","templated":true}]}}