{"id":37392,"date":"2025-01-30T08:06:03","date_gmt":"2025-01-30T08:06:03","guid":{"rendered":"https:\/\/www.headshop.nl\/?post_type=product&#038;p=37392"},"modified":"2025-05-23T09:07:51","modified_gmt":"2025-05-23T09:07:51","slug":"big-bud","status":"publish","type":"product","link":"https:\/\/www.headshop.nl\/fr\/big-bud\/","title":{"rendered":"Big Bud - Vision Seeds"},"content":{"rendered":"<h2>Big Bud Graines de cannabis de Vision Seeds<\/h2>\n<p>Big Bud est une vari\u00e9t\u00e9 lourde \u00e0 dominance Indica qui porte bien son nom. Avec un temps de floraison court, cette cerise est un d\u00e9lice pour les cultivateurs. Elle pousse mieux dans des climats doux et confortables et est tr\u00e8s populaire aupr\u00e8s des cultivateurs commerciaux en raison de son rendement \u00e9lev\u00e9.<\/p>\n<p>Big Bud a re\u00e7u le troph\u00e9e de la deuxi\u00e8me place pour la troisi\u00e8me ann\u00e9e cons\u00e9cutive lors de la prestigieuse High Times Cannabis Cup, ce qui n'est pas si mal !<\/p>\n<p>Ce sont les grosses t\u00eates bien arrondies qui font que cette indica lourde est connue pour son incroyable rendement. Si vous cherchez \u00e0 satisfaire vos d\u00e9sirs d'autorisation moyenne en ext\u00e9rieur, envisagez de cultiver cette \u00e9norme dame au rendement de bourgeons. Elle est vraiment incroyable !<\/p>","protected":false},"excerpt":{"rendered":"<p>Les gros bourgeons sont le meilleur type de bourgeons ! Avec seulement 8-9 semaines pour vous faire pousser, vous pouvez avoir leurs puissantes g\u00e9n\u00e9tiques dans votre jardin. Les graines de cannabis Big Bud sont destin\u00e9es aux personnes qui veulent une plante solide et folle \u00e0 cultiver et qui savent ce qu'elles font. Le nom dit tout !<\/p>","protected":false},"featured_media":37312,"template":"","meta":[],"product_brand":[],"product_cat":[950,297,467,465,629],"product_tag":[],"class_list":{"0":"post-37392","1":"product","2":"type-product","3":"status-publish","4":"has-post-thumbnail","6":"product_cat-vision-seeds","7":"product_cat-all-products","8":"product_cat-feminized-seeds","9":"product_cat-seedshop","10":"product_cat-seedshop-top-10","11":"product_shipping_class-creditcard-on","13":"first","14":"instock","15":"taxable","16":"shipping-taxable","17":"purchasable","18":"product-type-variable","19":"has-default-attributes"},"_links":{"self":[{"href":"https:\/\/www.headshop.nl\/fr\/wp-json\/wp\/v2\/product\/37392","targetHints":{"allow":["GET"]}}],"collection":[{"href":"https:\/\/www.headshop.nl\/fr\/wp-json\/wp\/v2\/product"}],"about":[{"href":"https:\/\/www.headshop.nl\/fr\/wp-json\/wp\/v2\/types\/product"}],"wp:featuredmedia":[{"embeddable":true,"href":"https:\/\/www.headshop.nl\/fr\/wp-json\/wp\/v2\/media\/37312"}],"wp:attachment":[{"href":"https:\/\/www.headshop.nl\/fr\/wp-json\/wp\/v2\/media?parent=37392"}],"wp:term":[{"taxonomy":"product_brand","embeddable":true,"href":"https:\/\/www.headshop.nl\/fr\/wp-json\/wp\/v2\/product_brand?post=37392"},{"taxonomy":"product_cat","embeddable":true,"href":"https:\/\/www.headshop.nl\/fr\/wp-json\/wp\/v2\/product_cat?post=37392"},{"taxonomy":"product_tag","embeddable":true,"href":"https:\/\/www.headshop.nl\/fr\/wp-json\/wp\/v2\/product_tag?post=37392"}],"curies":[{"name":"wp","href":"https:\/\/api.w.org\/{rel}","templated":true}]}}