{"id":37227,"date":"2025-01-30T09:02:35","date_gmt":"2025-01-30T09:02:35","guid":{"rendered":"https:\/\/www.headshop.nl\/?post_type=product&#038;p=37227"},"modified":"2025-05-23T09:03:30","modified_gmt":"2025-05-23T09:03:30","slug":"auto-super-skunk","status":"publish","type":"product","link":"https:\/\/www.headshop.nl\/fr\/auto-super-skunk\/","title":{"rendered":"Auto Super Skunk - Vision Seeds"},"content":{"rendered":"<h2><span data-sheets-value=\"{&quot;1&quot;:2,&quot;2&quot;:&quot;Auto Super Skunk &quot;}\" data-sheets-userformat=\"{&quot;2&quot;:14915,&quot;3&quot;:{&quot;1&quot;:0},&quot;4&quot;:{&quot;1&quot;:2,&quot;2&quot;:15389148},&quot;9&quot;:0,&quot;12&quot;:0,&quot;14&quot;:{&quot;1&quot;:2,&quot;2&quot;:0},&quot;15&quot;:&quot;Calibri&quot;,&quot;16&quot;:12}\">Auto Super Skunk <\/span>Graines de cannabis de Vision Seeds<\/h2>\n<p>Cette graine de cannabis Auto Super Skunk est \u00e0 la recherche de temps de jeu de qualit\u00e9 et sera assez polie pour rendre en abondance tout ce que vous lui donnerez l'occasion de faire. Mais attention... sa puissance est assez impressionnante, alors assurez-vous d'\u00eatre pr\u00eat \u00e0 vous d\u00e9fouler avec cette puissance g\u00e9n\u00e9tique qui pue et qui a les deux bouts couverts !<\/p>\n<p>Super Skunk Auto est la pr\u00e9f\u00e9r\u00e9e des jardiniers novices et exp\u00e9riment\u00e9s. Elle s'\u00e9panouit dans les climats chauds et humides o\u00f9 il faut fournir beaucoup de mati\u00e8re organique tout au long du processus de croissance. Ces plantes deviendront de petits monstres qui aiment s'\u00e9tirer vers le haut pour obtenir de la lumi\u00e8re ! Les graines de cannabis Auto Super Skunk peuvent \u00eatre plant\u00e9es en ext\u00e9rieur toute l'ann\u00e9e sans craindre de n\u00e9gliger leurs besoins.<\/p>\n<p>L'odeur s\u00e9duisante de fleurs sucr\u00e9es qui se d\u00e9gage de l'enrobage de r\u00e9sine givr\u00e9e de cette fille est un r\u00eave d'artiste si vous voulez des m\u00e9langes de souches \u00e9tonnants pour votre g\u00e9nie cr\u00e9atif.<\/p>","protected":false},"excerpt":{"rendered":"<p>Certaines graines sont plus faibles que d'autres. Pas cette fille ! Elle atteindra son plein potentiel, plus rapidement que la moyenne des semis, simplement parce qu'elle le peut ! Vous avez peut-\u00eatre la place pour un pot plus grand ou vous avez peut-\u00eatre un tr\u00e8s bon sol avec les nutriments parfaits - quoi qu'il en soit, n'y pensez pas trop. Cultivez-la et profitez de ses incroyables bouff\u00e9es en quelques semaines. C'est une b\u00eate \u00e0 poils longs et vous allez l'adorer !<\/p>","protected":false},"featured_media":37288,"template":"","meta":[],"product_brand":[],"product_cat":[950,297,466,465],"product_tag":[],"class_list":{"0":"post-37227","1":"product","2":"type-product","3":"status-publish","4":"has-post-thumbnail","6":"product_cat-vision-seeds","7":"product_cat-all-products","8":"product_cat-autoflowering-seeds","9":"product_cat-seedshop","10":"product_shipping_class-creditcard-on","12":"first","13":"instock","14":"taxable","15":"shipping-taxable","16":"purchasable","17":"product-type-variable","18":"has-default-attributes"},"_links":{"self":[{"href":"https:\/\/www.headshop.nl\/fr\/wp-json\/wp\/v2\/product\/37227","targetHints":{"allow":["GET"]}}],"collection":[{"href":"https:\/\/www.headshop.nl\/fr\/wp-json\/wp\/v2\/product"}],"about":[{"href":"https:\/\/www.headshop.nl\/fr\/wp-json\/wp\/v2\/types\/product"}],"wp:featuredmedia":[{"embeddable":true,"href":"https:\/\/www.headshop.nl\/fr\/wp-json\/wp\/v2\/media\/37288"}],"wp:attachment":[{"href":"https:\/\/www.headshop.nl\/fr\/wp-json\/wp\/v2\/media?parent=37227"}],"wp:term":[{"taxonomy":"product_brand","embeddable":true,"href":"https:\/\/www.headshop.nl\/fr\/wp-json\/wp\/v2\/product_brand?post=37227"},{"taxonomy":"product_cat","embeddable":true,"href":"https:\/\/www.headshop.nl\/fr\/wp-json\/wp\/v2\/product_cat?post=37227"},{"taxonomy":"product_tag","embeddable":true,"href":"https:\/\/www.headshop.nl\/fr\/wp-json\/wp\/v2\/product_tag?post=37227"}],"curies":[{"name":"wp","href":"https:\/\/api.w.org\/{rel}","templated":true}]}}