{"id":37224,"date":"2025-01-30T09:02:32","date_gmt":"2025-01-30T09:02:32","guid":{"rendered":"https:\/\/www.headshop.nl\/?post_type=product&#038;p=37224"},"modified":"2025-05-23T09:03:41","modified_gmt":"2025-05-23T09:03:41","slug":"auto-northern-lights","status":"publish","type":"product","link":"https:\/\/www.headshop.nl\/fr\/auto-northern-lights\/","title":{"rendered":"Auto Northern Lights - Vision Seeds"},"content":{"rendered":"<h2>Auto Northern Lights Graines de cannabis de Vision Seeds<\/h2>\n<p>Auto Northern Lights Cannabis Seeds est exactement ce dont vous avez besoin au moment parfait. Pr\u00e9parez-vous \u00e0 rouler, car cette Auto ne demande qu'\u00e0 s'enflammer ! Elle est votre meilleure amie, vous offrant \u00e0 la fois des qualit\u00e9s de croissance robustes qui rendent la culture super facile et des bourgeons puissants et de haute qualit\u00e9.<\/p>\n<p>Si vous \u00eates \u00e0 la recherche d'une vari\u00e9t\u00e9 g\u00e9niale \u00e0 cultiver, mais que vous ne savez pas trop par o\u00f9 commencer, ces b\u00e9b\u00e9s cannabiques vous guideront pour que vous ne fassiez pas d'erreurs en cours de route.<\/p>\n<p>Avec un niveau d'entretien tr\u00e8s bas, elle pardonne \u00e9galement les erreurs commises par les cultivateurs novices, si bien que m\u00eame les pros chevronn\u00e9s l'adorent ! Pr\u00eat pour une conversation \u00e9tonnante ? Ces graines produisent des bouff\u00e9es dont les gens raffolent.<\/p>","protected":false},"excerpt":{"rendered":"<p>Les graines de cannabis Northern Lights Auto mettent g\u00e9n\u00e9ralement 8 \u00e0 10 semaines pour fleurir, mais vous pouvez d\u00e9clencher l'interrupteur plus t\u00f4t si vos plantes sont saines et vigoureuses. Augmentez vos lumi\u00e8res lorsque la lumi\u00e8re du jour diminue, regardez ces bourgeons devenir lourds de fleurs et attendez que les explosions de la Northern Lights aient un go\u00fbt incroyable ! Avec un high super puissant qui vous donnera l'impression d'\u00eatre cr\u00e9atif et de ne rien vouloir faire d'autre que de penser grand - achetez quelques paquets de ces fleurs imparables avant qu'elles ne disparaissent !<\/p>","protected":false},"featured_media":37286,"template":"","meta":[],"product_brand":[],"product_cat":[950,297,466,470,465],"product_tag":[],"class_list":{"0":"post-37224","1":"product","2":"type-product","3":"status-publish","4":"has-post-thumbnail","6":"product_cat-vision-seeds","7":"product_cat-all-products","8":"product_cat-autoflowering-seeds","9":"product_cat-high-thc-seeds","10":"product_cat-seedshop","11":"product_shipping_class-creditcard-on","13":"first","14":"instock","15":"taxable","16":"shipping-taxable","17":"purchasable","18":"product-type-variable","19":"has-default-attributes"},"_links":{"self":[{"href":"https:\/\/www.headshop.nl\/fr\/wp-json\/wp\/v2\/product\/37224","targetHints":{"allow":["GET"]}}],"collection":[{"href":"https:\/\/www.headshop.nl\/fr\/wp-json\/wp\/v2\/product"}],"about":[{"href":"https:\/\/www.headshop.nl\/fr\/wp-json\/wp\/v2\/types\/product"}],"wp:featuredmedia":[{"embeddable":true,"href":"https:\/\/www.headshop.nl\/fr\/wp-json\/wp\/v2\/media\/37286"}],"wp:attachment":[{"href":"https:\/\/www.headshop.nl\/fr\/wp-json\/wp\/v2\/media?parent=37224"}],"wp:term":[{"taxonomy":"product_brand","embeddable":true,"href":"https:\/\/www.headshop.nl\/fr\/wp-json\/wp\/v2\/product_brand?post=37224"},{"taxonomy":"product_cat","embeddable":true,"href":"https:\/\/www.headshop.nl\/fr\/wp-json\/wp\/v2\/product_cat?post=37224"},{"taxonomy":"product_tag","embeddable":true,"href":"https:\/\/www.headshop.nl\/fr\/wp-json\/wp\/v2\/product_tag?post=37224"}],"curies":[{"name":"wp","href":"https:\/\/api.w.org\/{rel}","templated":true}]}}