{"id":37221,"date":"2025-01-30T09:02:28","date_gmt":"2025-01-30T09:02:28","guid":{"rendered":"https:\/\/www.headshop.nl\/?post_type=product&#038;p=37221"},"modified":"2025-05-23T09:03:48","modified_gmt":"2025-05-23T09:03:48","slug":"auto-lowryder","status":"publish","type":"product","link":"https:\/\/www.headshop.nl\/fr\/auto-lowryder\/","title":{"rendered":"Auto Lowryder - Vision Seeds"},"content":{"rendered":"<h2>Auto Lowryder Graines de cannabis de Vision Seeds<\/h2>\n<p>Les graines de cannabis Auto Lowryder sont les plus petites et les plus discr\u00e8tes des reines \u00e0 floraison automatique qui pousseront de mani\u00e8re totalement inaper\u00e7ue - parfaites pour les d\u00e9butants. Ces graines de cannabis furtives produisent des fleurs moyennes avec un niveau de 14% THC ; elles sont con\u00e7ues pour \u00eatre rapides et faciles \u00e0 cultiver, quelle que soit votre exp\u00e9rience ou l'endroit o\u00f9 vous vivez (puisqu'elles peuvent r\u00e9sister \u00e0 des climats plus froids).<\/p>\n<p>L'une des vari\u00e9t\u00e9s \u00e0 croissance la plus rapide de la graine \u00e0 la fleur, la rusticit\u00e9 de cette petite fille compense sa petite taille en produisant un produit de qualit\u00e9 en beaucoup moins de temps que d'autres autos. Gr\u00e2ce \u00e0 des g\u00e9n\u00e9rations de croisements s\u00e9lectifs, elle produit un go\u00fbt de qualit\u00e9 sup\u00e9rieure \u00e0 la moyenne qui est transmis par l'arbre g\u00e9n\u00e9alogique depuis 1992. Elle vous donnera juste ce qu'il faut sans oublier le go\u00fbt !<\/p>","protected":false},"excerpt":{"rendered":"<p>L'OG des plantes \u00e0 autofloraison ? Les graines de cannabis Auto Lowryder sont la vari\u00e9t\u00e9 parfaite pour les d\u00e9butants qui veulent cultiver en toute discr\u00e9tion. Ces graines \u00e0 floraison automatique produisent de petites t\u00eates de haute qualit\u00e9 avec des niveaux mod\u00e9r\u00e9s de THC. Avec seulement 14% THC, cette g\u00e9n\u00e9tique est parfaite pour ceux qui souhaitent cultiver une plante simple mais avec une grande saveur et une production de r\u00e9sine. Arr\u00eatez de vous inqui\u00e9ter que les voisins voient vos plantes en pot - cultivez ces merveilles automatiques !<\/p>","protected":false},"featured_media":37284,"template":"","meta":[],"product_brand":[],"product_cat":[950,297,466,465],"product_tag":[],"class_list":{"0":"post-37221","1":"product","2":"type-product","3":"status-publish","4":"has-post-thumbnail","6":"product_cat-vision-seeds","7":"product_cat-all-products","8":"product_cat-autoflowering-seeds","9":"product_cat-seedshop","10":"product_shipping_class-creditcard-on","12":"first","13":"instock","14":"taxable","15":"shipping-taxable","16":"purchasable","17":"product-type-variable","18":"has-default-attributes"},"_links":{"self":[{"href":"https:\/\/www.headshop.nl\/fr\/wp-json\/wp\/v2\/product\/37221","targetHints":{"allow":["GET"]}}],"collection":[{"href":"https:\/\/www.headshop.nl\/fr\/wp-json\/wp\/v2\/product"}],"about":[{"href":"https:\/\/www.headshop.nl\/fr\/wp-json\/wp\/v2\/types\/product"}],"wp:featuredmedia":[{"embeddable":true,"href":"https:\/\/www.headshop.nl\/fr\/wp-json\/wp\/v2\/media\/37284"}],"wp:attachment":[{"href":"https:\/\/www.headshop.nl\/fr\/wp-json\/wp\/v2\/media?parent=37221"}],"wp:term":[{"taxonomy":"product_brand","embeddable":true,"href":"https:\/\/www.headshop.nl\/fr\/wp-json\/wp\/v2\/product_brand?post=37221"},{"taxonomy":"product_cat","embeddable":true,"href":"https:\/\/www.headshop.nl\/fr\/wp-json\/wp\/v2\/product_cat?post=37221"},{"taxonomy":"product_tag","embeddable":true,"href":"https:\/\/www.headshop.nl\/fr\/wp-json\/wp\/v2\/product_tag?post=37221"}],"curies":[{"name":"wp","href":"https:\/\/api.w.org\/{rel}","templated":true}]}}