{"id":37218,"date":"2025-01-30T09:02:25","date_gmt":"2025-01-30T09:02:25","guid":{"rendered":"https:\/\/www.headshop.nl\/?post_type=product&#038;p=37218"},"modified":"2025-05-23T09:03:55","modified_gmt":"2025-05-23T09:03:55","slug":"auto-la-blanca-gold","status":"publish","type":"product","link":"https:\/\/www.headshop.nl\/fr\/auto-la-blanca-gold\/","title":{"rendered":"Auto La Blanca Gold - Vision Seeds"},"content":{"rendered":"<h2><span data-sheets-value=\"{&quot;1&quot;:2,&quot;2&quot;:&quot;Auto La Blanca Gold&quot;}\" data-sheets-userformat=\"{&quot;2&quot;:14915,&quot;3&quot;:{&quot;1&quot;:0},&quot;4&quot;:{&quot;1&quot;:2,&quot;2&quot;:13228792},&quot;9&quot;:0,&quot;12&quot;:0,&quot;14&quot;:{&quot;1&quot;:2,&quot;2&quot;:0},&quot;15&quot;:&quot;Calibri&quot;,&quot;16&quot;:12}\">Auto La Blanca Gold <\/span>Graines de cannabis de Vision Seeds<\/h2>\n<p>Nous sommes tous pass\u00e9s par l\u00e0 - vous prenez une petite bouff\u00e9e et vous avez envie de vous rouler en boule. Si vous vous trouvez aux prises avec les effets moins qu'id\u00e9aux du cannabis, il est peut-\u00eatre temps d'essayer la La Blanca Gold Auto Cannabis Seeds by Vision Seeds (40% Sativa).<\/p>\n<p>100% f\u00e9minis\u00e9e avec une g\u00e9n\u00e9tique \u00e9tonnante qui produit de petites fleurs s\u00fbres pour un usage personnel, cette vari\u00e9t\u00e9 produira de petites plantes discr\u00e8tes que la fum\u00e9e n'entravera pas votre journ\u00e9e productive. Avec des g\u00e8nes classiques de Skunk et des notes douces d'agrumes et de lavande, cette fleur est parfaite pour fumer pendant la journ\u00e9e. Une dame vraiment sp\u00e9ciale !<\/p>","protected":false},"excerpt":{"rendered":"<p>La La Blanca Gold peut \u00eatre un choix int\u00e9ressant pour les stoners qui aiment \u00eatre productifs apr\u00e8s avoir fum\u00e9 leur joint ou qui souhaitent simplement cultiver des plantes plus petites pour leur usage personnel. Vous n'avez pas besoin d'une plante THC haute pour profiter de la vie d'un consommateur de cannabis au quotidien. Elle est d'une telle beaut\u00e9 !<\/p>","protected":false},"featured_media":37310,"template":"","meta":[],"product_brand":[],"product_cat":[950,297,466,465],"product_tag":[],"class_list":{"0":"post-37218","1":"product","2":"type-product","3":"status-publish","4":"has-post-thumbnail","6":"product_cat-vision-seeds","7":"product_cat-all-products","8":"product_cat-autoflowering-seeds","9":"product_cat-seedshop","10":"product_shipping_class-creditcard-on","12":"first","13":"instock","14":"taxable","15":"shipping-taxable","16":"purchasable","17":"product-type-variable","18":"has-default-attributes"},"_links":{"self":[{"href":"https:\/\/www.headshop.nl\/fr\/wp-json\/wp\/v2\/product\/37218","targetHints":{"allow":["GET"]}}],"collection":[{"href":"https:\/\/www.headshop.nl\/fr\/wp-json\/wp\/v2\/product"}],"about":[{"href":"https:\/\/www.headshop.nl\/fr\/wp-json\/wp\/v2\/types\/product"}],"wp:featuredmedia":[{"embeddable":true,"href":"https:\/\/www.headshop.nl\/fr\/wp-json\/wp\/v2\/media\/37310"}],"wp:attachment":[{"href":"https:\/\/www.headshop.nl\/fr\/wp-json\/wp\/v2\/media?parent=37218"}],"wp:term":[{"taxonomy":"product_brand","embeddable":true,"href":"https:\/\/www.headshop.nl\/fr\/wp-json\/wp\/v2\/product_brand?post=37218"},{"taxonomy":"product_cat","embeddable":true,"href":"https:\/\/www.headshop.nl\/fr\/wp-json\/wp\/v2\/product_cat?post=37218"},{"taxonomy":"product_tag","embeddable":true,"href":"https:\/\/www.headshop.nl\/fr\/wp-json\/wp\/v2\/product_tag?post=37218"}],"curies":[{"name":"wp","href":"https:\/\/api.w.org\/{rel}","templated":true}]}}