{"id":37206,"date":"2025-01-30T09:02:15","date_gmt":"2025-01-30T09:02:15","guid":{"rendered":"https:\/\/www.headshop.nl\/?post_type=product&#038;p=37206"},"modified":"2025-05-23T09:04:37","modified_gmt":"2025-05-23T09:04:37","slug":"auto-amnesia-haze","status":"publish","type":"product","link":"https:\/\/www.headshop.nl\/fr\/auto-amnesia-haze\/","title":{"rendered":"Auto Amnesia Haze - Vision Seeds"},"content":{"rendered":"<h2>Auto Amnesia Haze Graines de cannabis de Vision Seeds<\/h2>\n<p>Waouh ! Ces graines de cannabis Auto Amnesia Haze de Vision Seeds sont le r\u00eave d'un s\u00e9lectionneur automatique. Issue d'un croisement entre une Sativa intense, la vari\u00e9t\u00e9 Amnesia Haze et la Ruderalis, cette petite dame offre une puissance \u00e9norme et des rendements \u00e0 la hauteur de ses caract\u00e9ristiques incroyables.<\/p>\n<p>Parfois, un cultivateur a simplement envie de prendre un jour de repos. La Amnesia Haze est connue pour \u00eatre l'une des vari\u00e9t\u00e9s \u00e0 floraison automatique les plus productives, mais cela ne signifie pas que vous devez travailler autant qu'elle. Avec les graines de cannabis Auto AMNESIA HAZE de Vision Seeds, il est enfin possible pour les cultivateurs aux emplois du temps charg\u00e9s de savourer de l'herbe sans se soucier de ce qu'il faut faire ensuite ! Vous obtiendrez des rendements sains de cette petite plante et une production de r\u00e9sine spectaculaire, tout en consacrant peu de temps \u00e0 la culture. Excellente vari\u00e9t\u00e9.<\/p>","protected":false},"excerpt":{"rendered":"<p>Vision Seeds Amnesia Haze Auto Cannabis Seeds est l'une des pr\u00e9f\u00e9r\u00e9es de notre culture d'ext\u00e9rieur ! Encore plus de fum\u00e9e au rendement incroyable avec un high Sativa incroyable. D\u00e9couvrez ces graines de cannabis auto de Vision Seeds, si vous voulez fumer de l'herbe de haute qualit\u00e9 qui pousse automatiquement !<\/p>","protected":false},"featured_media":37278,"template":"","meta":[],"product_brand":[],"product_cat":[950,297,466,470,465],"product_tag":[],"class_list":{"0":"post-37206","1":"product","2":"type-product","3":"status-publish","4":"has-post-thumbnail","6":"product_cat-vision-seeds","7":"product_cat-all-products","8":"product_cat-autoflowering-seeds","9":"product_cat-high-thc-seeds","10":"product_cat-seedshop","11":"product_shipping_class-creditcard-on","13":"first","14":"instock","15":"taxable","16":"shipping-taxable","17":"purchasable","18":"product-type-variable","19":"has-default-attributes"},"_links":{"self":[{"href":"https:\/\/www.headshop.nl\/fr\/wp-json\/wp\/v2\/product\/37206","targetHints":{"allow":["GET"]}}],"collection":[{"href":"https:\/\/www.headshop.nl\/fr\/wp-json\/wp\/v2\/product"}],"about":[{"href":"https:\/\/www.headshop.nl\/fr\/wp-json\/wp\/v2\/types\/product"}],"wp:featuredmedia":[{"embeddable":true,"href":"https:\/\/www.headshop.nl\/fr\/wp-json\/wp\/v2\/media\/37278"}],"wp:attachment":[{"href":"https:\/\/www.headshop.nl\/fr\/wp-json\/wp\/v2\/media?parent=37206"}],"wp:term":[{"taxonomy":"product_brand","embeddable":true,"href":"https:\/\/www.headshop.nl\/fr\/wp-json\/wp\/v2\/product_brand?post=37206"},{"taxonomy":"product_cat","embeddable":true,"href":"https:\/\/www.headshop.nl\/fr\/wp-json\/wp\/v2\/product_cat?post=37206"},{"taxonomy":"product_tag","embeddable":true,"href":"https:\/\/www.headshop.nl\/fr\/wp-json\/wp\/v2\/product_tag?post=37206"}],"curies":[{"name":"wp","href":"https:\/\/api.w.org\/{rel}","templated":true}]}}