{"id":37197,"date":"2021-09-28T11:47:43","date_gmt":"2021-09-28T11:47:43","guid":{"rendered":"https:\/\/www.headshop.nl\/?post_type=product&#038;p=37197"},"modified":"2026-02-19T01:26:19","modified_gmt":"2026-02-19T01:26:19","slug":"muira-puama-herbs","status":"publish","type":"product","link":"https:\/\/www.headshop.nl\/fr\/muira-puama-herbs\/","title":{"rendered":"Muira Puama Herbs"},"content":{"rendered":"<h2>Qu'est-ce que le Muira Puama ?<\/h2>\n<p>Muira Puama, scientifiquement connu sous le nom de Ptychopetalum Olacoides, est une plante tropicale originaire de la for\u00eat amazonienne au Br\u00e9sil. Elle est utilis\u00e9e depuis des si\u00e8cles par les tribus indig\u00e8nes pour ses effets puissants sur la sant\u00e9 sexuelle et la vitalit\u00e9 g\u00e9n\u00e9rale. Souvent appel\u00e9 \"Potency Wood\", le Muira Puama est largement connu pour sa capacit\u00e9 \u00e0 agir comme un puissant aphrodisiaque, augmentant la libido et am\u00e9liorant la fonction sexuelle chez les hommes et les femmes.<\/p>\n<p>Outre ses bienfaits pour la sant\u00e9 sexuelle, le Muira Puama est \u00e9galement reconnu pour son potentiel \u00e0 soulager le stress et \u00e0 r\u00e9duire les douleurs articulaires. Cette polyvalence en fait une plante pr\u00e9cieuse non seulement pour am\u00e9liorer l'intimit\u00e9, mais aussi pour favoriser le bien-\u00eatre g\u00e9n\u00e9ral. La plante est le plus souvent consomm\u00e9e sous forme de th\u00e9, o\u00f9 ses effets peuvent \u00eatre ressentis rapidement et efficacement. Gr\u00e2ce \u00e0 ses propri\u00e9t\u00e9s \u00e0 la fois douces et puissantes, le Muira Puama reste un choix populaire parmi ceux qui recherchent un rem\u00e8de naturel pour am\u00e9liorer leur vitalit\u00e9 et leur humeur.<\/p>\n<h2>Historique de Muira Puama<\/h2>\n<p>Le Muira Puama a une riche histoire qui remonte \u00e0 plusieurs si\u00e8cles et qui est celle des peuples indig\u00e8nes de l'Amazonie. Ces tribus ont longtemps utilis\u00e9 l'\u00e9corce et les racines de l'arbre Muira Puama \u00e0 diverses fins m\u00e9dicinales. L'un de ses usages les plus notables \u00e9tait celui d'aphrodisiaque, aidant \u00e0 augmenter le d\u00e9sir sexuel et \u00e0 am\u00e9liorer les performances. Le nom \"Potency Wood\" vient de sa r\u00e9putation bien \u00e9tablie de stimulateur naturel de la libido.<\/p>\n<p>Dans la m\u00e9decine traditionnelle br\u00e9silienne, le Muira Puama \u00e9tait \u00e9galement utilis\u00e9 pour traiter des affections telles que la fatigue, le stress et les douleurs articulaires. Les effets stimulants de cette plante sur le corps et l'esprit en ont fait un \u00e9l\u00e9ment essentiel de la pharmacop\u00e9e locale. Au fil du temps, la renomm\u00e9e du Muira Puama a d\u00e9pass\u00e9 les fronti\u00e8res du Br\u00e9sil et, aujourd'hui, il est utilis\u00e9 dans le monde entier comme suppl\u00e9ment pour favoriser la sant\u00e9 sexuelle, la r\u00e9duction du stress et la vitalit\u00e9 g\u00e9n\u00e9rale.<\/p>\n<p>Alors que la phytoth\u00e9rapie moderne ne cesse de gagner en popularit\u00e9, le Muira Puama reste l'une des plantes les plus respect\u00e9es et les plus recherch\u00e9es pour am\u00e9liorer le bien-\u00eatre physique et mental.<\/p>\n<h2>Comment utiliser Muira Puama<\/h2>\n<p>Le Muira Puama est g\u00e9n\u00e9ralement consomm\u00e9 sous forme de th\u00e9, ce qui est consid\u00e9r\u00e9 comme la mani\u00e8re la plus efficace de profiter de ses bienfaits. Pour pr\u00e9parer le th\u00e9, il suffit d'infuser 1 gramme de Muira Puama dans de l'eau chaude et de le boire quotidiennement. Ce dosage est recommand\u00e9 pour ceux qui cherchent \u00e0 am\u00e9liorer leur libido, \u00e0 r\u00e9duire le stress ou \u00e0 soulager les douleurs articulaires. Pour des r\u00e9sultats optimaux, il est conseill\u00e9 d'utiliser l'herbe r\u00e9guli\u00e8rement afin de b\u00e9n\u00e9ficier de tous ses effets.<\/p>\n<p>Le Muira Puama peut \u00e9galement \u00eatre associ\u00e9 \u00e0 d'autres plantes, comme le Damiana, pour renforcer ses effets aphrodisiaques et sa puissance globale. La polyvalence de cette plante permet d'utiliser diff\u00e9rentes m\u00e9thodes de pr\u00e9paration, y compris des teintures ou des g\u00e9lules, selon les pr\u00e9f\u00e9rences personnelles.<\/p>\n<p>Lorsque vous utilisez le Muira Puama, il est important de respecter la posologie recommand\u00e9e et de surveiller la r\u00e9action de votre corps. Ses effets peuvent \u00eatre plus prononc\u00e9s lorsqu'il est pris de mani\u00e8re r\u00e9guli\u00e8re au fil du temps, ce qui en fait un compl\u00e9ment pr\u00e9cieux \u00e0 une routine quotidienne de bien-\u00eatre.<\/p>\n<h2>Ingr\u00e9dients de Muira Puama<\/h2>\n<p>L'ingr\u00e9dient actif du Muira Puama est le Ptychopetalum Olacoides, une plante tropicale qui contient une vari\u00e9t\u00e9 de compos\u00e9s bioactifs. On pense que ces compos\u00e9s sont responsables des puissants effets aphrodisiaques et anti-stress du Muira Puama. L'\u00e9corce et les racines de la plante contiennent des alcalo\u00efdes et d'autres compos\u00e9s qui interagissent avec les syst\u00e8mes de l'organisme pour am\u00e9liorer la fonction sexuelle, augmenter la libido et favoriser un sentiment de bien-\u00eatre.<\/p>\n<p>Outre ses principaux avantages, le Muira Puama pr\u00e9sente \u00e9galement des propri\u00e9t\u00e9s anti-inflammatoires et analg\u00e9siques, ce qui le rend efficace contre les douleurs articulaires et musculaires. La pr\u00e9sence de ces compos\u00e9s bioactifs fait du Muira Puama non seulement un aphrodisiaque, mais aussi une plante holistique qui favorise la sant\u00e9 et la vitalit\u00e9 g\u00e9n\u00e9rales.<\/p>\n<p>En combinant les avantages de l'am\u00e9lioration sexuelle, du soulagement du stress et de la r\u00e9duction des douleurs articulaires, le Muira Puama est devenu une plante tr\u00e8s recherch\u00e9e par les personnes \u00e0 la recherche d'une solution de bien-\u00eatre naturelle et globale.<\/p>\n<p><strong>Avertissement :<\/strong><br \/>\nMuira Puama est destin\u00e9 aux personnes \u00e2g\u00e9es de plus de 18 ans. Tenir hors de port\u00e9e des enfants. Cette plante est un inhibiteur de la MAO et ne doit pas \u00eatre utilis\u00e9e par les personnes souffrant de probl\u00e8mes r\u00e9naux ou cardiaques, d'hypertension ou d'hypotension, de diab\u00e8te ou sous l'influence de m\u00e9dicaments, de drogues ou d'alcool. Il ne s'agit pas d'un m\u00e9dicament mais d'un compl\u00e9ment alimentaire et doit \u00eatre trait\u00e9 comme tel. Ne pas acheter si le sceau est bris\u00e9.<\/p>","protected":false},"excerpt":{"rendered":"<p>Le Muira Puama est une plante aphrodisiaque puissante originaire du Br\u00e9sil, connue pour sa capacit\u00e9 \u00e0 stimuler la libido et \u00e0 am\u00e9liorer les performances sexuelles. Elle est d\u00e9riv\u00e9e de l'\u00e9corce et des racines de l'arbre Muira Puama et est \u00e9galement efficace pour soulager le stress et les douleurs articulaires. Ce rem\u00e8de naturel peut \u00eatre consomm\u00e9 sous forme de th\u00e9 et convient aussi bien aux hommes qu'aux femmes.<\/p>","protected":false},"featured_media":82148,"template":"","meta":[],"product_brand":[],"product_cat":[391,297,395,457,389,814,396,405,705,384],"product_tag":[],"class_list":{"0":"post-37197","1":"product","2":"type-product","3":"status-publish","4":"has-post-thumbnail","6":"product_cat-extracts","7":"product_cat-all-products","8":"product_cat-aphrodisiacs","9":"product_cat-herbs-healthshop","10":"product_cat-herbs","11":"product_cat-indian-elements","12":"product_cat-relax","13":"product_cat-relax-herbs","14":"product_cat-sex-shop","15":"product_cat-smartshop","17":"first","18":"instock","19":"taxable","20":"shipping-taxable","21":"purchasable","22":"product-type-variable","23":"has-default-attributes"},"_links":{"self":[{"href":"https:\/\/www.headshop.nl\/fr\/wp-json\/wp\/v2\/product\/37197","targetHints":{"allow":["GET"]}}],"collection":[{"href":"https:\/\/www.headshop.nl\/fr\/wp-json\/wp\/v2\/product"}],"about":[{"href":"https:\/\/www.headshop.nl\/fr\/wp-json\/wp\/v2\/types\/product"}],"wp:featuredmedia":[{"embeddable":true,"href":"https:\/\/www.headshop.nl\/fr\/wp-json\/wp\/v2\/media\/82148"}],"wp:attachment":[{"href":"https:\/\/www.headshop.nl\/fr\/wp-json\/wp\/v2\/media?parent=37197"}],"wp:term":[{"taxonomy":"product_brand","embeddable":true,"href":"https:\/\/www.headshop.nl\/fr\/wp-json\/wp\/v2\/product_brand?post=37197"},{"taxonomy":"product_cat","embeddable":true,"href":"https:\/\/www.headshop.nl\/fr\/wp-json\/wp\/v2\/product_cat?post=37197"},{"taxonomy":"product_tag","embeddable":true,"href":"https:\/\/www.headshop.nl\/fr\/wp-json\/wp\/v2\/product_tag?post=37197"}],"curies":[{"name":"wp","href":"https:\/\/api.w.org\/{rel}","templated":true}]}}