{"id":37196,"date":"2021-09-28T11:47:41","date_gmt":"2021-09-28T11:47:41","guid":{"rendered":"https:\/\/www.headshop.nl\/?post_type=product&#038;p=37196"},"modified":"2025-01-31T11:21:00","modified_gmt":"2025-01-31T11:21:00","slug":"muira-puama-capsules","status":"publish","type":"product","link":"https:\/\/www.headshop.nl\/fr\/muira-puama-capsules\/","title":{"rendered":"Muira Puama Capsules"},"content":{"rendered":"<h2 data-pm-slice=\"1 1 []\">Qu'est-ce que le Muira Puama ?<\/h2>\n<p>Le Muira Puama est un arbre tropical originaire de la for\u00eat amazonienne du Br\u00e9sil. Depuis des si\u00e8cles, son \u00e9corce et ses racines sont utilis\u00e9es par les communaut\u00e9s indig\u00e8nes pour r\u00e9pondre \u00e0 divers besoins de sant\u00e9, en particulier pour am\u00e9liorer la vitalit\u00e9 sexuelle. Commun\u00e9ment appel\u00e9 \"Potency Wood\", le Muira Puama est r\u00e9put\u00e9 pour ses effets aphrodisiaques et sa capacit\u00e9 \u00e0 favoriser l'\u00e9nergie et l'endurance.<\/p>\n<p>Ce rem\u00e8de botanique a \u00e9t\u00e9 reconnu dans le monde entier pour son potentiel d'am\u00e9lioration de la libido, ce qui en fait un compl\u00e9ment naturel populaire pour ceux qui cherchent \u00e0 am\u00e9liorer leur bien-\u00eatre intime. Outre ses bienfaits pour la sant\u00e9 sexuelle, le Muira Puama est \u00e9galement appr\u00e9ci\u00e9 pour sa capacit\u00e9 \u00e0 r\u00e9duire le stress et \u00e0 favoriser la sant\u00e9 des articulations. Que vous soyez \u00e0 la recherche d'un regain d'\u00e9nergie, d'un soulagement du stress ou d'une am\u00e9lioration de votre vitalit\u00e9 g\u00e9n\u00e9rale, le Muira Puama pourrait \u00eatre le choix naturel id\u00e9al.<\/p>\n<h2>L'histoire de Muira Puama<\/h2>\n<p>Le Muira Puama a une riche histoire d'utilisation au sein des tribus amazoniennes, qui utilisent depuis longtemps son \u00e9corce et ses racines \u00e0 des fins m\u00e9dicinales. Ces communaut\u00e9s utilisaient principalement la plante pour soutenir la fonction et la performance sexuelles, mais elle \u00e9tait \u00e9galement appr\u00e9ci\u00e9e pour son r\u00f4le dans la r\u00e9duction de la fatigue et l'am\u00e9lioration de la sant\u00e9 du syst\u00e8me nerveux.<\/p>\n<p>Lorsque la nouvelle des bienfaits du Muira Puama s'est r\u00e9pandue, les explorateurs europ\u00e9ens et les herboristes du XIXe si\u00e8cle ont commenc\u00e9 \u00e0 \u00e9tudier les propri\u00e9t\u00e9s de la plante. Aujourd'hui, il s'agit d'un ingr\u00e9dient cl\u00e9 dans de nombreux compl\u00e9ments de sant\u00e9 naturels visant \u00e0 am\u00e9liorer la libido, \u00e0 stimuler l'\u00e9nergie et \u00e0 soutenir les fonctions cognitives. Sa r\u00e9putation de puissant aphrodisiaque en fait un choix privil\u00e9gi\u00e9 pour ceux qui recherchent des moyens naturels d'am\u00e9liorer leurs exp\u00e9riences intimes.<\/p>\n<h2>Comment utiliser Muira Puama<\/h2>\n<p>Le Muira Puama se pr\u00e9sente le plus souvent sous forme de g\u00e9lules pour une consommation facile. Le dosage recommand\u00e9 est d'une g\u00e9lule par prise, \u00e0 prendre avec un verre d'eau. Pour des r\u00e9sultats optimaux, il est conseill\u00e9 d'int\u00e9grer le Muira Puama dans une routine quotidienne de bien-\u00eatre.<\/p>\n<p>Ce compl\u00e9ment convient aux hommes et aux femmes qui recherchent une approche naturelle pour am\u00e9liorer leur libido et leur vitalit\u00e9 g\u00e9n\u00e9rale. Alors que certains individus peuvent ressentir des effets rapidement, d'autres peuvent remarquer des am\u00e9liorations graduelles au fil du temps. Le Muira Puama est souvent associ\u00e9 \u00e0 d'autres compl\u00e9ments \u00e0 base de plantes, tels que le Damiana, afin d'en augmenter les b\u00e9n\u00e9fices.<\/p>\n<p>Au-del\u00e0 de ses propri\u00e9t\u00e9s aphrodisiaques, le Muira Puama est \u00e9galement reconnu pour son potentiel \u00e0 soulager le stress et les l\u00e9g\u00e8res g\u00eanes articulaires. Comme pour tout compl\u00e9ment alimentaire, il est essentiel de respecter la posologie recommand\u00e9e et de consulter un professionnel de sant\u00e9 en cas de doute sur son utilisation.<\/p>\n<h2>Ingr\u00e9dients de Muira Puama<\/h2>\n<p>Les g\u00e9lules Indian Elements' Muira Puama contiennent un seul ingr\u00e9dient actif :<\/p>\n<ul data-spread=\"false\">\n<li><strong>Ptychopetalum Olacoides<\/strong> (extrait Muira Puama)<\/li>\n<\/ul>\n<p>Cette formulation pure et naturelle garantit que les utilisateurs b\u00e9n\u00e9ficient de tous les avantages de Muira Puama sans additifs inutiles. Indian Elements se consacre \u00e0 la fourniture de produits \u00e0 base de plantes de haute qualit\u00e9 qui sont 100% naturels et respectueux de l'environnement, ce qui en fait un choix parfait pour ceux qui recherchent des solutions de sant\u00e9 bas\u00e9es sur les plantes.<\/p>\n<p>&nbsp;<\/p>\n<p><strong>Avertissement :<\/strong><br \/>\nCe produit est destin\u00e9 aux personnes \u00e2g\u00e9es de 18 ans et plus. Tenir hors de port\u00e9e des enfants. Le Muira Puama est un inhibiteur de la MAO et ne doit pas \u00eatre utilis\u00e9 par les personnes souffrant de probl\u00e8mes r\u00e9naux ou cardiaques, d'hypertension ou d'hypotension, de diab\u00e8te ou sous l'influence de m\u00e9dicaments, de drogues ou d'alcool. Il s'agit d'un compl\u00e9ment alimentaire qui doit \u00eatre utilis\u00e9 en cons\u00e9quence. Ne pas utiliser si le sceau est bris\u00e9.<\/p>\n<p>&nbsp;<\/p>","protected":false},"excerpt":{"rendered":"<p data-pm-slice=\"1 1 []\">D\u00e9couvrez les bienfaits naturels de Muira Puama ! Ce puissant suppl\u00e9ment \u00e0 base de plantes est traditionnellement utilis\u00e9 pour soutenir la libido, am\u00e9liorer les performances sexuelles et promouvoir le bien-\u00eatre g\u00e9n\u00e9ral. Adapt\u00e9es aux hommes et aux femmes, ces g\u00e9lules pratiques offrent un moyen naturel de stimuler le corps et l'esprit.<\/p>","protected":false},"featured_media":82151,"template":"","meta":[],"product_brand":[],"product_cat":[457,297,395,389,814,396,405,705,384],"product_tag":[],"class_list":{"0":"post-37196","1":"product","2":"type-product","3":"status-publish","4":"has-post-thumbnail","6":"product_cat-herbs-healthshop","7":"product_cat-all-products","8":"product_cat-aphrodisiacs","9":"product_cat-herbs","10":"product_cat-indian-elements","11":"product_cat-relax","12":"product_cat-relax-herbs","13":"product_cat-sex-shop","14":"product_cat-smartshop","16":"first","17":"instock","18":"taxable","19":"shipping-taxable","20":"purchasable","21":"product-type-variable","22":"has-default-attributes"},"_links":{"self":[{"href":"https:\/\/www.headshop.nl\/fr\/wp-json\/wp\/v2\/product\/37196","targetHints":{"allow":["GET"]}}],"collection":[{"href":"https:\/\/www.headshop.nl\/fr\/wp-json\/wp\/v2\/product"}],"about":[{"href":"https:\/\/www.headshop.nl\/fr\/wp-json\/wp\/v2\/types\/product"}],"wp:featuredmedia":[{"embeddable":true,"href":"https:\/\/www.headshop.nl\/fr\/wp-json\/wp\/v2\/media\/82151"}],"wp:attachment":[{"href":"https:\/\/www.headshop.nl\/fr\/wp-json\/wp\/v2\/media?parent=37196"}],"wp:term":[{"taxonomy":"product_brand","embeddable":true,"href":"https:\/\/www.headshop.nl\/fr\/wp-json\/wp\/v2\/product_brand?post=37196"},{"taxonomy":"product_cat","embeddable":true,"href":"https:\/\/www.headshop.nl\/fr\/wp-json\/wp\/v2\/product_cat?post=37196"},{"taxonomy":"product_tag","embeddable":true,"href":"https:\/\/www.headshop.nl\/fr\/wp-json\/wp\/v2\/product_tag?post=37196"}],"curies":[{"name":"wp","href":"https:\/\/api.w.org\/{rel}","templated":true}]}}