{"id":37191,"date":"2021-09-28T11:19:28","date_gmt":"2021-09-28T11:19:28","guid":{"rendered":"https:\/\/www.headshop.nl\/?post_type=product&#038;p=37191"},"modified":"2026-02-19T01:26:19","modified_gmt":"2026-02-19T01:26:19","slug":"damiana-herbs","status":"publish","type":"product","link":"https:\/\/www.headshop.nl\/fr\/damiana-herbs\/","title":{"rendered":"Damiana Herbs"},"content":{"rendered":"<h2>Qu'est-ce que le Damiana ?<\/h2>\n<p><strong>Damiana<\/strong> est un arbuste originaire d'Am\u00e9rique centrale et d'Am\u00e9rique du Sud, connu pour son large \u00e9ventail d'utilisations th\u00e9rapeutiques. Il appartient \u00e0 la famille des Passifloraceae et se reconna\u00eet \u00e0 ses fleurs d'un jaune \u00e9clatant et \u00e0 ses feuilles vertes. La Damiana est surtout appr\u00e9ci\u00e9e pour ses effets sur le bien-\u00eatre sexuel. Les cultures indig\u00e8nes du Mexique ont toujours utilis\u00e9 cette plante pour am\u00e9liorer la libido et stimuler les performances sexuelles. En outre, le Damiana poss\u00e8de de l\u00e9g\u00e8res propri\u00e9t\u00e9s psychoactives, semblables \u00e0 une forme l\u00e9g\u00e8re et non psychoactive de cannabis, qui peuvent favoriser la relaxation et un sentiment g\u00e9n\u00e9ral de bien-\u00eatre.<\/p>\n<p>La plante agit en stimulant le syst\u00e8me nerveux et en am\u00e9liorant la circulation sanguine, en particulier dans les zones g\u00e9nitales. Cela permet d'augmenter le d\u00e9sir sexuel et d'am\u00e9liorer les performances. Alors qu'elle \u00e9tait traditionnellement consomm\u00e9e sous forme de th\u00e9 ou de feuilles s\u00e9ch\u00e9es, des formes modernes de Damiana sont d\u00e9sormais disponibles sous forme de suppl\u00e9ments, offrant un moyen facile et pratique de profiter de ses bienfaits.<\/p>\n<h2>Historique de Damiana<\/h2>\n<p>L'utilisation de <strong>Damiana<\/strong> remonte \u00e0 des si\u00e8cles et a des racines profondes dans les cultures indig\u00e8nes du Mexique, de l'Am\u00e9rique centrale et de l'Am\u00e9rique du Sud. La plante \u00e9tait tr\u00e8s appr\u00e9ci\u00e9e par les civilisations anciennes pour ses propri\u00e9t\u00e9s m\u00e9dicinales, en particulier pour am\u00e9liorer la sant\u00e9 sexuelle et traiter des affections telles que l'anxi\u00e9t\u00e9, la d\u00e9pression et la fatigue. La r\u00e9putation du Damiana en tant que puissant aphrodisiaque \u00e9tait fermement \u00e9tablie, et il a m\u00eame trouv\u00e9 sa place dans les c\u00e9r\u00e9monies religieuses et les rituels des tribus am\u00e9rindiennes.<\/p>\n<p>Au Mexique, le Me a jou\u00e9 un r\u00f4le essentiel dans la m\u00e9decine traditionnelle et a m\u00eame \u00e9t\u00e9 utilis\u00e9 pour cr\u00e9er une boisson alcoolis\u00e9e populaire appel\u00e9e \"liqueur de Damiana\", qui continue d'\u00eatre appr\u00e9ci\u00e9e aujourd'hui. Au fil du temps, son association avec l'am\u00e9lioration de la vitalit\u00e9 sexuelle et du bien-\u00eatre g\u00e9n\u00e9ral s'est maintenue. Le Damiana a acquis une reconnaissance internationale aux XIXe et XXe si\u00e8cles, \u00e0 mesure que l'int\u00e9r\u00eat pour les rem\u00e8des naturels grandissait, et il est rest\u00e9 une plante appr\u00e9ci\u00e9e pour sa capacit\u00e9 \u00e0 stimuler l'\u00e9nergie et \u00e0 am\u00e9liorer les performances sexuelles.<\/p>\n<h2>Comment utiliser Damiana<\/h2>\n<p>Il existe plusieurs fa\u00e7ons d'inclure <strong>Damiana<\/strong> dans votre routine quotidienne de bien-\u00eatre. La m\u00e9thode la plus traditionnelle consiste \u00e0 l'infuser. Pour la pr\u00e9parer, il suffit de faire infuser les feuilles s\u00e9ch\u00e9es de la plante dans de l'eau chaude. Ce processus lib\u00e8re les compos\u00e9s actifs de la plante, ce qui produit un effet relaxant doux qui favorise \u00e9galement la sant\u00e9 sexuelle. Le th\u00e9 Damiana peut \u00eatre consomm\u00e9 seul ou associ\u00e9 \u00e0 d'autres plantes, comme le Muira Puama, pour une meilleure exp\u00e9rience.<\/p>\n<p>Pour ceux qui recherchent une option plus pratique, le Damiana est \u00e9galement disponible sous forme de suppl\u00e9ment. Il est recommand\u00e9 de prendre environ 1 gramme par jour pour profiter de ses bienfaits \u00e9nergisants et libidineux. Comme pour tout suppl\u00e9ment, il est pr\u00e9f\u00e9rable de commencer par une dose plus faible et de l'augmenter progressivement en fonction des besoins, ce qui vous permet de surveiller la r\u00e9action de votre corps. Damiana peut \u00eatre un ajout facile et agr\u00e9able \u00e0 votre style de vie, que ce soit pour vous d\u00e9tendre apr\u00e8s une journ\u00e9e bien remplie ou pour cr\u00e9er l'ambiance d'une soir\u00e9e intime.<\/p>\n<h2>Ingr\u00e9dients de Damiana<\/h2>\n<p>L'ingr\u00e9dient actif du <strong>Damiana<\/strong> est la feuille de <em>Turnera Diffusa<\/em>Cette plante pousse en Am\u00e9rique centrale et en Am\u00e9rique du Sud. Les feuilles sont soigneusement r\u00e9colt\u00e9es et s\u00e9ch\u00e9es afin de pr\u00e9server leurs propri\u00e9t\u00e9s naturelles. Bien que le Damiana soit surtout connu pour ses effets sur la libido, il contient \u00e9galement des compos\u00e9s qui favorisent la relaxation, soulagent l'anxi\u00e9t\u00e9 et am\u00e9liorent l'humeur.<\/p>\n<p>Les principaux composants actifs du Damiana comprennent des flavono\u00efdes, des alcalo\u00efdes et des huiles essentielles qui, ensemble, procurent toute une s\u00e9rie de bienfaits. Ces compos\u00e9s ont de l\u00e9gers effets stimulants et calmants sur le syst\u00e8me nerveux, contribuant \u00e0 am\u00e9liorer la concentration, \u00e0 augmenter les niveaux d'\u00e9nergie et \u00e0 contribuer \u00e0 un sentiment g\u00e9n\u00e9ral de bien-\u00eatre. Malgr\u00e9 ses qualit\u00e9s psychoactives, le Damiana ne contient pas de THC, le compos\u00e9 responsable de l'euphorie du cannabis, ce qui en fait une alternative s\u00fbre pour ceux qui recherchent un l\u00e9ger stimulant de l'humeur sans les effets intoxicants.<\/p>\n<p>&nbsp;<\/p>\n<p><strong>Avertissement :<\/strong><\/p>\n<p>Damiana ne doit \u00eatre utilis\u00e9 que par des personnes \u00e2g\u00e9es de plus de 18 ans. Tenez-le hors de port\u00e9e des enfants. Les personnes souffrant de troubles cardiaques ou r\u00e9naux, d'hypertension ou d'hypotension, de diab\u00e8te, de m\u00e9dicaments, de drogues ou d'alcool doivent \u00e9viter d'utiliser le Damiana. Il ne doit pas \u00eatre associ\u00e9 \u00e0 des inhibiteurs de la MAO. En tant que compl\u00e9ment alimentaire, il doit \u00eatre utilis\u00e9 dans le cadre d'un r\u00e9gime \u00e9quilibr\u00e9 et non comme substitut. V\u00e9rifiez toujours l'int\u00e9grit\u00e9 de l'emballage avant de l'utiliser ; ne le consommez pas si le sceau est bris\u00e9.<\/p>","protected":false},"excerpt":{"rendered":"<p>Saviez-vous que le Damiana est utilis\u00e9 depuis des ann\u00e9es comme rem\u00e8de \u00e0 base de plantes pour am\u00e9liorer la puissance ? Connu pour ses propri\u00e9t\u00e9s aphrodisiaques, le Damiana est \u00e9galement r\u00e9put\u00e9 pour aider \u00e0 soulager les sympt\u00f4mes de la d\u00e9pression et de la fatigue. Avec une utilisation r\u00e9guli\u00e8re, le plaisir sexuel augmente et apr\u00e8s une utilisation \u00e0 long terme, la libido s'am\u00e9liore, l'endurance s'am\u00e9liore gr\u00e2ce \u00e0 l'am\u00e9lioration de la circulation du flux sanguin vers votre zone g\u00e9nitale. En fonction des sympt\u00f4mes, il est peut-\u00eatre temps d'essayer la puissante plante de l'amour !<\/p>","protected":false},"featured_media":82154,"template":"","meta":[],"product_brand":[],"product_cat":[391,297,395,389,457,814,396,405,705,384,625],"product_tag":[],"class_list":{"0":"post-37191","1":"product","2":"type-product","3":"status-publish","4":"has-post-thumbnail","6":"product_cat-extracts","7":"product_cat-all-products","8":"product_cat-aphrodisiacs","9":"product_cat-herbs","10":"product_cat-herbs-healthshop","11":"product_cat-indian-elements","12":"product_cat-relax","13":"product_cat-relax-herbs","14":"product_cat-sex-shop","15":"product_cat-smartshop","16":"product_cat-smartshop-top-10","18":"first","19":"instock","20":"taxable","21":"shipping-taxable","22":"purchasable","23":"product-type-variable","24":"has-default-attributes"},"_links":{"self":[{"href":"https:\/\/www.headshop.nl\/fr\/wp-json\/wp\/v2\/product\/37191","targetHints":{"allow":["GET"]}}],"collection":[{"href":"https:\/\/www.headshop.nl\/fr\/wp-json\/wp\/v2\/product"}],"about":[{"href":"https:\/\/www.headshop.nl\/fr\/wp-json\/wp\/v2\/types\/product"}],"wp:featuredmedia":[{"embeddable":true,"href":"https:\/\/www.headshop.nl\/fr\/wp-json\/wp\/v2\/media\/82154"}],"wp:attachment":[{"href":"https:\/\/www.headshop.nl\/fr\/wp-json\/wp\/v2\/media?parent=37191"}],"wp:term":[{"taxonomy":"product_brand","embeddable":true,"href":"https:\/\/www.headshop.nl\/fr\/wp-json\/wp\/v2\/product_brand?post=37191"},{"taxonomy":"product_cat","embeddable":true,"href":"https:\/\/www.headshop.nl\/fr\/wp-json\/wp\/v2\/product_cat?post=37191"},{"taxonomy":"product_tag","embeddable":true,"href":"https:\/\/www.headshop.nl\/fr\/wp-json\/wp\/v2\/product_tag?post=37191"}],"curies":[{"name":"wp","href":"https:\/\/api.w.org\/{rel}","templated":true}]}}