{"id":37190,"date":"2021-09-28T11:19:27","date_gmt":"2021-09-28T11:19:27","guid":{"rendered":"https:\/\/www.headshop.nl\/?post_type=product&#038;p=37190"},"modified":"2025-01-31T12:16:04","modified_gmt":"2025-01-31T12:16:04","slug":"damiana-capsules","status":"publish","type":"product","link":"https:\/\/www.headshop.nl\/fr\/damiana-capsules\/","title":{"rendered":"Damiana Capsules"},"content":{"rendered":"<h2 data-pm-slice=\"1 1 []\">Qu'est-ce que le Damiana ?<\/h2>\n<p>Damiana est un petit arbuste parfum\u00e9 originaire d'Am\u00e9rique centrale et d'Am\u00e9rique du Sud. Connu scientifiquement sous le nom de <strong>Turnera Diffusa<\/strong>Elle appartient \u00e0 la famille des passiflores et est reconnaissable \u00e0 ses fleurs jaunes et \u00e0 ses feuilles vertes.<\/p>\n<p>Depuis des g\u00e9n\u00e9rations, les cultures indig\u00e8nes font confiance au Damiana pour ses bienfaits naturels, en particulier pour l'am\u00e9lioration de la vitalit\u00e9 sexuelle. Il est souvent associ\u00e9 \u00e0 une augmentation de la libido, \u00e0 une am\u00e9lioration de l'endurance et au bien-\u00eatre g\u00e9n\u00e9ral. Outre ses effets aphrodisiaques, le Damiana est \u00e9galement connu pour ses l\u00e9g\u00e8res propri\u00e9t\u00e9s relaxantes, qui peuvent contribuer \u00e0 r\u00e9duire le stress et \u00e0 favoriser la clart\u00e9 mentale. Que vous cherchiez \u00e0 stimuler votre \u00e9nergie, \u00e0 am\u00e9liorer votre intimit\u00e9 ou \u00e0 favoriser votre \u00e9quilibre \u00e9motionnel, le Damiana est une excellente option naturelle.<\/p>\n<div><\/div>\n<h2>L'histoire de Damiana<\/h2>\n<p>Le Damiana a une longue histoire d'utilisation traditionnelle, en particulier au Mexico et dans d'autres r\u00e9gions d'Am\u00e9rique latine. Les tribus indig\u00e8nes appr\u00e9ciaient cette plante pour ses propri\u00e9t\u00e9s m\u00e9dicinales, l'utilisant pour soutenir la sant\u00e9 g\u00e9n\u00e9rale et am\u00e9liorer les performances sexuelles.<\/p>\n<p>Historiquement, le Damiana est consid\u00e9r\u00e9 comme un puissant aphrodisiaque, cens\u00e9 stimuler la libido, accro\u00eetre les sensations et am\u00e9liorer la sant\u00e9 reproductive. Les cultures anciennes pr\u00e9paraient des infusions et des philtres d'amour \u00e0 base de Damiana pour favoriser l'intimit\u00e9 et la relaxation. Au fil du temps, sa r\u00e9putation s'est r\u00e9pandue et il reste un ingr\u00e9dient populaire dans les compl\u00e9ments alimentaires modernes \u00e0 base de plantes. Au Mexico, le Damiana est m\u00eame incorpor\u00e9 dans certaines boissons alcoolis\u00e9es traditionnelles, telles que les margaritas, afin d'en renforcer les effets. Avec son h\u00e9ritage de longue date, le Damiana continue d'\u00eatre un rem\u00e8de naturel de choix pour ceux qui cherchent \u00e0 am\u00e9liorer leur bien-\u00eatre.<\/p>\n<div><\/div>\n<h2>Comment utiliser Damiana<\/h2>\n<p>Le Damiana est g\u00e9n\u00e9ralement disponible sous forme de g\u00e9lules pour un dosage facile et pr\u00e9cis. Le dosage recommand\u00e9 est de <strong>une g\u00e9lule par prise<\/strong>Prendre avec un verre d'eau. Pour de meilleurs r\u00e9sultats, int\u00e9grez Damiana dans votre routine quotidienne de bien-\u00eatre.<\/p>\n<p>Les hommes et les femmes peuvent b\u00e9n\u00e9ficier des avantages de Damiana. Alors que certains remarqueront rapidement ses effets, d'autres pourront constater une am\u00e9lioration graduelle au fil du temps. Le Damiana peut \u00e9galement \u00eatre associ\u00e9 \u00e0 d'autres compl\u00e9ments \u00e0 base de plantes, tels que le Muira Puama, pour renforcer ses propri\u00e9t\u00e9s \u00e9nergisantes et aphrodisiaques.<\/p>\n<p>Outre ses effets sur la libido, le Damiana est souvent utilis\u00e9 pour favoriser la relaxation, soulager le stress et favoriser le bien-\u00eatre \u00e9motionnel. Ses effets psychoactifs l\u00e9gers sont parfois compar\u00e9s \u00e0 ceux du cannabis, procurant un sentiment de calme sans intoxication. Respectez toujours la posologie recommand\u00e9e et consultez un professionnel de la sant\u00e9 en cas de doute.<\/p>\n<div><\/div>\n<h2>Ingr\u00e9dients de Damiana<\/h2>\n<p>Les capsules Damiana de Indian Elements contiennent un ingr\u00e9dient actif :<\/p>\n<ul data-spread=\"false\">\n<li><strong>Turnera Diffusa<\/strong> (extrait Damiana)<\/li>\n<\/ul>\n<p>Cette formulation pure et naturelle garantit que vous b\u00e9n\u00e9ficiez de tous les avantages de Damiana sans additifs inutiles. Indian Elements se consacre \u00e0 offrir des produits \u00e0 base de plantes de haute qualit\u00e9 qui sont <strong>100% naturel et respectueux de l'environnement<\/strong>ce qui en fait un excellent choix pour ceux qui recherchent des solutions de bien-\u00eatre \u00e0 base de plantes.<\/p>\n<div><\/div>\n<p><strong>Avertissement :<\/strong><br \/>\nCe produit est destin\u00e9 aux personnes \u00e2g\u00e9es de <strong>18 ans et plus<\/strong>. Tenir hors de port\u00e9e des enfants. Damiana ne doit pas \u00eatre utilis\u00e9 en combinaison avec <strong>Inhibiteurs de la MAO<\/strong>. Les personnes souffrant de troubles r\u00e9naux ou cardiaques, d'hypertension ou d'hypotension, de diab\u00e8te ou sous l'influence de m\u00e9dicaments, de drogues ou d'alcool doivent \u00e9viter d'utiliser ce produit. Il s'agit d'un compl\u00e9ment alimentaire qui doit \u00eatre utilis\u00e9 en cons\u00e9quence. Ne pas utiliser si le sceau est bris\u00e9.<\/p>","protected":false},"excerpt":{"rendered":"<p data-pm-slice=\"1 1 []\">D\u00e9couvrez le pouvoir naturel du Damiana ! Connu pour ses propri\u00e9t\u00e9s \u00e9nergisantes et aphrodisiaques, ce suppl\u00e9ment \u00e0 base de plantes est utilis\u00e9 depuis des si\u00e8cles pour am\u00e9liorer la libido, am\u00e9liorer l'humeur et favoriser la relaxation. D\u00e9sormais disponible sous forme de g\u00e9lules pratiques, Damiana vous permet d'int\u00e9grer facilement ses bienfaits \u00e0 votre routine quotidienne.<\/p>","protected":false},"featured_media":82157,"template":"","meta":[],"product_brand":[],"product_cat":[457,297,395,389,814,396,405,705,384],"product_tag":[],"class_list":{"0":"post-37190","1":"product","2":"type-product","3":"status-publish","4":"has-post-thumbnail","6":"product_cat-herbs-healthshop","7":"product_cat-all-products","8":"product_cat-aphrodisiacs","9":"product_cat-herbs","10":"product_cat-indian-elements","11":"product_cat-relax","12":"product_cat-relax-herbs","13":"product_cat-sex-shop","14":"product_cat-smartshop","16":"first","17":"instock","18":"taxable","19":"shipping-taxable","20":"purchasable","21":"product-type-variable","22":"has-default-attributes"},"_links":{"self":[{"href":"https:\/\/www.headshop.nl\/fr\/wp-json\/wp\/v2\/product\/37190","targetHints":{"allow":["GET"]}}],"collection":[{"href":"https:\/\/www.headshop.nl\/fr\/wp-json\/wp\/v2\/product"}],"about":[{"href":"https:\/\/www.headshop.nl\/fr\/wp-json\/wp\/v2\/types\/product"}],"wp:featuredmedia":[{"embeddable":true,"href":"https:\/\/www.headshop.nl\/fr\/wp-json\/wp\/v2\/media\/82157"}],"wp:attachment":[{"href":"https:\/\/www.headshop.nl\/fr\/wp-json\/wp\/v2\/media?parent=37190"}],"wp:term":[{"taxonomy":"product_brand","embeddable":true,"href":"https:\/\/www.headshop.nl\/fr\/wp-json\/wp\/v2\/product_brand?post=37190"},{"taxonomy":"product_cat","embeddable":true,"href":"https:\/\/www.headshop.nl\/fr\/wp-json\/wp\/v2\/product_cat?post=37190"},{"taxonomy":"product_tag","embeddable":true,"href":"https:\/\/www.headshop.nl\/fr\/wp-json\/wp\/v2\/product_tag?post=37190"}],"curies":[{"name":"wp","href":"https:\/\/api.w.org\/{rel}","templated":true}]}}