{"id":37189,"date":"2021-09-28T11:11:48","date_gmt":"2021-09-28T11:11:48","guid":{"rendered":"https:\/\/www.headshop.nl\/?post_type=product&#038;p=37189"},"modified":"2025-02-14T08:43:54","modified_gmt":"2025-02-14T08:43:54","slug":"damiana-10x-extract","status":"publish","type":"product","link":"https:\/\/www.headshop.nl\/fr\/damiana-10x-extract\/","title":{"rendered":"Damiana 10X Extract"},"content":{"rendered":"<h2 data-start=\"406\" data-end=\"436\">Qu'est-ce que Damiana - 10x Extract ?<\/h2>\n<p data-start=\"438\" data-end=\"1122\">Damiana Extract 4g est un extrait puissant et concentr\u00e9 de Turnera Diffusa, un arbuste originaire des Am\u00e9riques. Depuis toujours, les peuples indig\u00e8nes de la r\u00e9gion appr\u00e9cient cette plante pour son potentiel d'am\u00e9lioration de la vitalit\u00e9, ainsi que pour ses effets doux et stimulants. L'extrait est particuli\u00e8rement connu pour sa capacit\u00e9 \u00e0 \u00e9lever l'humeur et \u00e0 am\u00e9liorer le bien-\u00eatre physique avec seulement une petite dose. Cela en fait une option id\u00e9ale pour ceux qui cherchent \u00e0 explorer les bienfaits traditionnels du Damiana sous une forme plus concentr\u00e9e et plus efficace. Qu'il soit consomm\u00e9 sous forme de th\u00e9, m\u00e9lang\u00e9 \u00e0 de l'alcool ou utilis\u00e9 pour ses propri\u00e9t\u00e9s m\u00e9dicinales, le Damiana continue d'\u00eatre v\u00e9n\u00e9r\u00e9 pour sa capacit\u00e9 \u00e0 promouvoir le bien-\u00eatre g\u00e9n\u00e9ral.<\/p>\n<h2 data-start=\"1124\" data-end=\"1156\">Historique de Damiana - 10x Extract<\/h2>\n<p data-start=\"1158\" data-end=\"2068\">L'utilisation du Damiana Extract remonte \u00e0 l'Antiquit\u00e9, en particulier dans les cultures am\u00e9rindiennes. Les peuples indig\u00e8nes utilisaient le Damiana comme rem\u00e8de pour am\u00e9liorer la sant\u00e9 sexuelle, augmenter l'\u00e9nergie et l'endurance. Consid\u00e9r\u00e9 comme un aphrodisiaque, il \u00e9tait fr\u00e9quemment consomm\u00e9 pour am\u00e9liorer le bien-\u00eatre physique et mental. Outre sa r\u00e9putation de puissant stimulant de la vitalit\u00e9, le Damiana a \u00e9galement \u00e9t\u00e9 appr\u00e9ci\u00e9 pour ses effets calmants et l\u00e9g\u00e8rement euphorisants. Au fil des si\u00e8cles, l'usage du Damiana s'est r\u00e9pandu dans diff\u00e9rentes cultures, en particulier au Mexico et dans les pays avoisinants. Dans ces r\u00e9gions, le Damiana est devenu un ingr\u00e9dient privil\u00e9gi\u00e9 des cocktails et des pr\u00e9parations m\u00e9dicinales, connu pour sa capacit\u00e9 \u00e0 amplifier les effets de l'alcool. Aujourd'hui, le Damiana Extract est toujours utilis\u00e9 sous diverses formes pour exploiter les bienfaits de la plante, dont la riche histoire et l'importance culturelle continuent d'influencer la popularit\u00e9 dans le monde entier.<\/p>\n<h2 data-start=\"2070\" data-end=\"2102\">Comment utiliser Damiana - 10x Extract<\/h2>\n<p data-start=\"2104\" data-end=\"2932\">Damiana Extract 4g peut \u00eatre consomm\u00e9 de diff\u00e9rentes mani\u00e8res, ce qui permet une certaine flexibilit\u00e9 en fonction des pr\u00e9f\u00e9rences personnelles. La m\u00e9thode la plus courante consiste \u00e0 pr\u00e9parer un th\u00e9, en ajoutant 1 gramme d'extrait concentr\u00e9 \u00e0 de l'eau chaude. Certains utilisateurs rehaussent l'ar\u00f4me en ajoutant du miel, tandis que d'autres le pr\u00e9f\u00e8rent sous sa forme naturelle. Le Damiana est \u00e9galement tr\u00e8s utilis\u00e9 dans les boissons alcoolis\u00e9es, en particulier au Mexico, o\u00f9 il est ajout\u00e9 aux cocktails, souvent dans le but de renforcer les effets de l'alcool. La nature sucr\u00e9e du Damiana se marie bien avec les liqueurs, bien que de nombreux utilisateurs rapportent que m\u00eame la bi\u00e8re fonctionne bien \u00e0 cette fin. Quelle que soit la m\u00e9thode utilis\u00e9e, le Damiana Extract est puissant et doit \u00eatre consomm\u00e9 avec mod\u00e9ration. Ses propri\u00e9t\u00e9s euphorisantes sont plus perceptibles avec une petite quantit\u00e9, ce qui en fait un excellent ajout \u00e0 une vari\u00e9t\u00e9 de boissons et de routines de bien-\u00eatre.<\/p>\n<h2 data-start=\"2934\" data-end=\"2970\">Ingredients de Damiana - 10x Extract<\/h2>\n<p data-start=\"2972\" data-end=\"3802\">L'ingr\u00e9dient principal de Damiana Extract 4g est l'essence concentr\u00e9e de la plante Turnera Diffusa. Cet extrait est riche en compos\u00e9s essentiels qui contribuent \u00e0 ses effets th\u00e9rapeutiques. Le Damiana est connu pour ses alcalo\u00efdes, ses flavono\u00efdes et ses huiles volatiles, qui agissent ensemble pour favoriser la relaxation, am\u00e9liorer l'humeur et renforcer la vitalit\u00e9 physique. La plante contient des compos\u00e9s tels que la damianine et l'arbutine, auxquels on attribue des propri\u00e9t\u00e9s aphrodisiaques, ce qui fait du Damiana Extract un choix populaire pour ceux qui cherchent \u00e0 augmenter leur \u00e9nergie ou \u00e0 am\u00e9liorer leur sant\u00e9 sexuelle. Bien que l'extrait soit souvent consomm\u00e9 sous forme de th\u00e9 ou de boissons alcoolis\u00e9es, il est important de noter que sa puissance signifie que seules de petites quantit\u00e9s sont n\u00e9cessaires pour obtenir des effets notables. Damiana Extract est naturel et exempt d'additifs synth\u00e9tiques, offrant une approche holistique du bien-\u00eatre.<\/p>\n<p data-start=\"3804\" data-end=\"3816\"><strong data-start=\"3804\" data-end=\"3816\">Avertissement :<\/strong><\/p>\n<p data-start=\"3818\" data-end=\"4190\" data-is-last-node=\"\">Damiana Extract doit \u00eatre utilis\u00e9 avec pr\u00e9caution. En raison de sa puissance, il est important de commencer par une petite quantit\u00e9 et d'\u00e9valuer la r\u00e9ponse de votre corps. Ne d\u00e9passez pas la dose recommand\u00e9e et consultez un professionnel de la sant\u00e9 si vous \u00eates enceinte, si vous allaitez ou si vous avez des probl\u00e8mes de sant\u00e9 sous-jacents. N'oubliez jamais d'utiliser Damiana Extract avec mod\u00e9ration pour une exp\u00e9rience s\u00fbre et agr\u00e9able.<\/p>","protected":false},"excerpt":{"rendered":"<p>Damiana est l'herbe de l'amour ! Damiana 10x Extract est un autre de nos produits incontournables et les plus populaires et nous savons exactement pourquoi. Il poss\u00e8de une tonne de qualit\u00e9s magiques : il apprend \u00e0 votre corps \u00e0 augmenter l'endurance sexuelle, cr\u00e9e des sensations intenses de plaisir pendant les rapports sexuels et am\u00e9liore la sensation d'orgasme pour les hommes et les femmes. Alors prenez votre dose d\u00e8s aujourd'hui avec cet aphrodisiaque qui va vous enflammer en un rien de temps !<\/p>","protected":false},"featured_media":81929,"template":"","meta":[],"product_brand":[],"product_cat":[391,297,395,389,457,818,396,405,705,384],"product_tag":[],"class_list":{"0":"post-37189","1":"product","2":"type-product","3":"status-publish","4":"has-post-thumbnail","6":"product_cat-extracts","7":"product_cat-all-products","8":"product_cat-aphrodisiacs","9":"product_cat-herbs","10":"product_cat-herbs-healthshop","11":"product_cat-mcmystic","12":"product_cat-relax","13":"product_cat-relax-herbs","14":"product_cat-sex-shop","15":"product_cat-smartshop","17":"first","18":"instock","19":"taxable","20":"shipping-taxable","21":"purchasable","22":"product-type-variable","23":"has-default-attributes"},"_links":{"self":[{"href":"https:\/\/www.headshop.nl\/fr\/wp-json\/wp\/v2\/product\/37189","targetHints":{"allow":["GET"]}}],"collection":[{"href":"https:\/\/www.headshop.nl\/fr\/wp-json\/wp\/v2\/product"}],"about":[{"href":"https:\/\/www.headshop.nl\/fr\/wp-json\/wp\/v2\/types\/product"}],"wp:featuredmedia":[{"embeddable":true,"href":"https:\/\/www.headshop.nl\/fr\/wp-json\/wp\/v2\/media\/81929"}],"wp:attachment":[{"href":"https:\/\/www.headshop.nl\/fr\/wp-json\/wp\/v2\/media?parent=37189"}],"wp:term":[{"taxonomy":"product_brand","embeddable":true,"href":"https:\/\/www.headshop.nl\/fr\/wp-json\/wp\/v2\/product_brand?post=37189"},{"taxonomy":"product_cat","embeddable":true,"href":"https:\/\/www.headshop.nl\/fr\/wp-json\/wp\/v2\/product_cat?post=37189"},{"taxonomy":"product_tag","embeddable":true,"href":"https:\/\/www.headshop.nl\/fr\/wp-json\/wp\/v2\/product_tag?post=37189"}],"curies":[{"name":"wp","href":"https:\/\/api.w.org\/{rel}","templated":true}]}}