{"id":37186,"date":"2021-09-28T10:53:02","date_gmt":"2021-09-28T10:53:02","guid":{"rendered":"https:\/\/www.headshop.nl\/?post_type=product&#038;p=37186"},"modified":"2022-06-27T08:06:35","modified_gmt":"2022-06-27T08:06:35","slug":"venicon-for-men","status":"publish","type":"product","link":"https:\/\/www.headshop.nl\/fr\/venicon-for-men\/","title":{"rendered":"Venicon pour Men"},"content":{"rendered":"<h2 class=\"product_title entry-title\">Venicon Pilules sexuelles pour Men<\/h2>\n<p>Vous cherchez un moyen sans ordonnance de maintenir une \u00e9rection qui dure plus longtemps ? Il vous faut plus d'un coup de votre lubrifiant pr\u00e9f\u00e9r\u00e9 avant d'\u00eatre pr\u00eat pour une nouvelle pouss\u00e9e ? Vous avez besoin d'une aide douce pour am\u00e9liorer votre libido ? Cette nouvelle formule pourrait \u00eatre exactement ce dont vous avez besoin. Ce m\u00e9lange puissant augmentera votre excitation tout en vous assurant la capacit\u00e9 de maintenir vos \u00e9rections tout au long de la relation sexuelle.<\/p>\n<p>Avec un m\u00e9lange avanc\u00e9 d'ingr\u00e9dients, Venicon pour Men est le seul moyen facilement disponible pour augmenter consid\u00e9rablement votre app\u00e9tit sexuel et vos performances. Enti\u00e8rement naturelle et s\u00fbre, cette formule stimule le flux sanguin, vous aide \u00e0 vous d\u00e9tendre plus profond\u00e9ment, \u00e9largit les vaisseaux p\u00e9riph\u00e9riques afin de pr\u00e9venir l'\u00e9jaculation pr\u00e9coce tout en augmentant le plaisir pendant les rapports sexuels.<\/p>","protected":false},"excerpt":{"rendered":"<p>Si vous cherchez un rem\u00e8de sans ordonnance \u00e0 vos probl\u00e8mes d'\u00e9rection et de libido, ne cherchez pas plus loin que Venicon. Cette formule unique et brevet\u00e9e stimule le flux sanguin et permet aux utilisateurs de durer plus longtemps pendant les rapports sexuels. Que la nuit sauvage commence maintenant !<\/p>","protected":false},"featured_media":37167,"template":"","meta":[],"product_brand":[],"product_cat":[395,297,705,384],"product_tag":[],"class_list":{"0":"post-37186","1":"product","2":"type-product","3":"status-publish","4":"has-post-thumbnail","6":"product_cat-aphrodisiacs","7":"product_cat-all-products","8":"product_cat-sex-shop","9":"product_cat-smartshop","11":"first","12":"instock","13":"taxable","14":"shipping-taxable","15":"purchasable","16":"product-type-simple"},"_links":{"self":[{"href":"https:\/\/www.headshop.nl\/fr\/wp-json\/wp\/v2\/product\/37186","targetHints":{"allow":["GET"]}}],"collection":[{"href":"https:\/\/www.headshop.nl\/fr\/wp-json\/wp\/v2\/product"}],"about":[{"href":"https:\/\/www.headshop.nl\/fr\/wp-json\/wp\/v2\/types\/product"}],"wp:featuredmedia":[{"embeddable":true,"href":"https:\/\/www.headshop.nl\/fr\/wp-json\/wp\/v2\/media\/37167"}],"wp:attachment":[{"href":"https:\/\/www.headshop.nl\/fr\/wp-json\/wp\/v2\/media?parent=37186"}],"wp:term":[{"taxonomy":"product_brand","embeddable":true,"href":"https:\/\/www.headshop.nl\/fr\/wp-json\/wp\/v2\/product_brand?post=37186"},{"taxonomy":"product_cat","embeddable":true,"href":"https:\/\/www.headshop.nl\/fr\/wp-json\/wp\/v2\/product_cat?post=37186"},{"taxonomy":"product_tag","embeddable":true,"href":"https:\/\/www.headshop.nl\/fr\/wp-json\/wp\/v2\/product_tag?post=37186"}],"curies":[{"name":"wp","href":"https:\/\/api.w.org\/{rel}","templated":true}]}}