{"id":37184,"date":"2021-09-28T10:00:30","date_gmt":"2021-09-28T10:00:30","guid":{"rendered":"https:\/\/www.headshop.nl\/?post_type=product&#038;p=37184"},"modified":"2022-06-27T08:06:36","modified_gmt":"2022-06-27T08:06:36","slug":"venicon-for-women","status":"publish","type":"product","link":"https:\/\/www.headshop.nl\/fr\/venicon-for-women\/","title":{"rendered":"Venicon pour les femmes"},"content":{"rendered":"<h2 class=\"product_title entry-title\">Venicon Pilules sexuelles pour femmes<\/h2>\n<p>Pendant des d\u00e9cennies, le plaisir sexuel f\u00e9minin a \u00e9t\u00e9 n\u00e9glig\u00e9 par la plupart des gens. Pourquoi ? Personne ne semble vraiment le savoir ! Avec les jouets sexuels pour couples qui envahissent la chambre \u00e0 coucher et une nouvelle g\u00e9n\u00e9ration d\u00e9sireuse d'explorer sa sexualit\u00e9 sans honte, ce n'est plus un probl\u00e8me. En fait, il est temps que les femmes prennent les choses en main avec Venicon for Women. Cette pilule puissante vous donnera confiance en votre corps et en votre vie sexuelle - sans parler de l'augmentation du flux sanguin, de la satisfaction et du plaisir de chaque exp\u00e9rience !<\/p>\n<p>Il s'agit d'un produit \u00e9tonnant qui pourrait bien \u00eatre votre prochain grand frisson. Sachez que tous ces ingr\u00e9dients sont con\u00e7us pour stimuler le plaisir sexuel \u00e0 tous les niveaux possibles. \u00c9pic\u00e9e et sucr\u00e9e, avec beaucoup de liqueur - cette potion magique peut aider \u00e0 lib\u00e9rer plus que votre c\u00f4t\u00e9 sauvage !<\/p>","protected":false},"excerpt":{"rendered":"<p>La sant\u00e9 et le bonheur de votre vie sexuelle sont importants, et c'est pourquoi nous proposons un nouveau produit sur le march\u00e9. Venicon pour femmes utilise des ingr\u00e9dients enti\u00e8rement naturels provenant du monde entier pour vous aider \u00e0 vous mettre dans l'ambiance tout en veillant \u00e0 ce que vous vous sentiez \u00e0 l'aise physiquement. Profitez de l'explosion de d\u00e9sir que repr\u00e9sente Venicon !<\/p>","protected":false},"featured_media":37153,"template":"","meta":[],"product_brand":[],"product_cat":[395,297,705,384],"product_tag":[],"class_list":{"0":"post-37184","1":"product","2":"type-product","3":"status-publish","4":"has-post-thumbnail","6":"product_cat-aphrodisiacs","7":"product_cat-all-products","8":"product_cat-sex-shop","9":"product_cat-smartshop","11":"first","12":"instock","13":"taxable","14":"shipping-taxable","15":"purchasable","16":"product-type-simple"},"_links":{"self":[{"href":"https:\/\/www.headshop.nl\/fr\/wp-json\/wp\/v2\/product\/37184","targetHints":{"allow":["GET"]}}],"collection":[{"href":"https:\/\/www.headshop.nl\/fr\/wp-json\/wp\/v2\/product"}],"about":[{"href":"https:\/\/www.headshop.nl\/fr\/wp-json\/wp\/v2\/types\/product"}],"wp:featuredmedia":[{"embeddable":true,"href":"https:\/\/www.headshop.nl\/fr\/wp-json\/wp\/v2\/media\/37153"}],"wp:attachment":[{"href":"https:\/\/www.headshop.nl\/fr\/wp-json\/wp\/v2\/media?parent=37184"}],"wp:term":[{"taxonomy":"product_brand","embeddable":true,"href":"https:\/\/www.headshop.nl\/fr\/wp-json\/wp\/v2\/product_brand?post=37184"},{"taxonomy":"product_cat","embeddable":true,"href":"https:\/\/www.headshop.nl\/fr\/wp-json\/wp\/v2\/product_cat?post=37184"},{"taxonomy":"product_tag","embeddable":true,"href":"https:\/\/www.headshop.nl\/fr\/wp-json\/wp\/v2\/product_tag?post=37184"}],"curies":[{"name":"wp","href":"https:\/\/api.w.org\/{rel}","templated":true}]}}