{"id":37182,"date":"2021-09-28T09:55:38","date_gmt":"2021-09-28T09:55:38","guid":{"rendered":"https:\/\/www.headshop.nl\/?post_type=product&#038;p=37182"},"modified":"2023-12-04T07:26:30","modified_gmt":"2023-12-04T07:26:30","slug":"camagra-for-women","status":"publish","type":"product","link":"https:\/\/www.headshop.nl\/fr\/camagra-for-women\/","title":{"rendered":"Camagra pour les femmes"},"content":{"rendered":"<h2 class=\"product_title entry-title\">Camagra Pilules sexuelles pour femmes<\/h2>\n<p>Avec Camagra pour femmes, vous \u00eates d\u00e9sormais la star du spectacle ! Pr\u00e9parez-vous \u00e0 crier son nom, car votre corps est maintenant pr\u00eat \u00e0 prendre chaque centim\u00e8tre ! \u00c0 chaque contact, votre plaisir est amplifi\u00e9 et intensifi\u00e9. N'est-ce pas ce que vous voulez ?<\/p>\n<p>Camagra pour femmes est un stimulant sexuel \u00e0 base de plantes super efficace qui aide \u00e0 augmenter la probabilit\u00e9 d'un orgasme intense pendant les rapports sexuels ! La formule biologique stimule naturellement votre flux sanguin \u00e9rog\u00e8ne, vous rendant sensible et excit\u00e9e. Doucement mais tr\u00e8s profond\u00e9ment, vous g\u00e9mirez de plaisir au fur et \u00e0 mesure que l'excitation monte en vous.<\/p>","protected":false},"excerpt":{"rendered":"<p>Depuis sa cr\u00e9ation, Camagra for Women est l'un des stimulants sexuels naturels les plus populaires aupr\u00e8s des femmes. La formule \u00e0 base de plantes est une fa\u00e7on intelligente et innovante d'obtenir plus de plaisir que jamais lors des rapports sexuels avec votre partenaire ou simplement pendant votre temps libre !<\/p>","protected":false},"featured_media":37149,"template":"","meta":[],"product_brand":[],"product_cat":[395,297,705,384],"product_tag":[],"class_list":{"0":"post-37182","1":"product","2":"type-product","3":"status-publish","4":"has-post-thumbnail","6":"product_cat-aphrodisiacs","7":"product_cat-all-products","8":"product_cat-sex-shop","9":"product_cat-smartshop","11":"first","12":"instock","13":"taxable","14":"shipping-taxable","15":"purchasable","16":"product-type-simple"},"_links":{"self":[{"href":"https:\/\/www.headshop.nl\/fr\/wp-json\/wp\/v2\/product\/37182","targetHints":{"allow":["GET"]}}],"collection":[{"href":"https:\/\/www.headshop.nl\/fr\/wp-json\/wp\/v2\/product"}],"about":[{"href":"https:\/\/www.headshop.nl\/fr\/wp-json\/wp\/v2\/types\/product"}],"wp:featuredmedia":[{"embeddable":true,"href":"https:\/\/www.headshop.nl\/fr\/wp-json\/wp\/v2\/media\/37149"}],"wp:attachment":[{"href":"https:\/\/www.headshop.nl\/fr\/wp-json\/wp\/v2\/media?parent=37182"}],"wp:term":[{"taxonomy":"product_brand","embeddable":true,"href":"https:\/\/www.headshop.nl\/fr\/wp-json\/wp\/v2\/product_brand?post=37182"},{"taxonomy":"product_cat","embeddable":true,"href":"https:\/\/www.headshop.nl\/fr\/wp-json\/wp\/v2\/product_cat?post=37182"},{"taxonomy":"product_tag","embeddable":true,"href":"https:\/\/www.headshop.nl\/fr\/wp-json\/wp\/v2\/product_tag?post=37182"}],"curies":[{"name":"wp","href":"https:\/\/api.w.org\/{rel}","templated":true}]}}