{"id":37180,"date":"2021-09-28T09:52:14","date_gmt":"2021-09-28T09:52:14","guid":{"rendered":"https:\/\/www.headshop.nl\/?post_type=product&#038;p=37180"},"modified":"2023-12-04T07:26:41","modified_gmt":"2023-12-04T07:26:41","slug":"camagra-for-men","status":"publish","type":"product","link":"https:\/\/www.headshop.nl\/fr\/camagra-for-men\/","title":{"rendered":"Camagra pour Men"},"content":{"rendered":"<h2 class=\"product_title entry-title\">Camagra Pilules sexuelles pour Men<\/h2>\n<p>Vous voulez faire passer votre vie amoureuse \u00e0 la vitesse sup\u00e9rieure ? Vous avez peut-\u00eatre l'impression que quelque chose ne va pas, mais cela vous \u00e9chappe. Qu'est-ce qui pourrait vous manquer ? Les \u00e9tudes montrent qu'une bonne libido est essentielle pour les hommes comme pour les femmes - qui voudrait d'une s\u00e9ance au lit peu satisfaisante ? Notre recommandation personnelle : Camagra pour Men !<\/p>\n<p>Il peut vous aider \u00e0 \u00e9viter les troubles de l'\u00e9rection et \u00e0 augmenter votre libido pour que vous profitiez plus que jamais de l'exp\u00e9rience. Gr\u00e2ce \u00e0 l'ingestion prudente de ces ingr\u00e9dients simples, la circulation sanguine dans tout votre corps augmentera, de m\u00eame que la relaxation mentale. R\u00e9sultat : de meilleures performances sexuelles et une satisfaction d\u00e9finitive !<\/p>\n<p>Si vous cherchez \u00e0 am\u00e9liorer votre intimit\u00e9, faites-vous une faveur et commencez \u00e0 utiliser Camagra.<\/p>","protected":false},"excerpt":{"rendered":"<p>Il est temps de prendre les choses en main. Il n'a jamais \u00e9t\u00e9 aussi facile de savoir ce qu'il faut faire pour obtenir les meilleurs r\u00e9sultats ! Ce produit aidera votre corps, votre esprit et votre libido \u00e0 travailler ensemble plus efficacement afin que vous puissiez avoir une exp\u00e9rience incroyable sans aucun probl\u00e8me !<\/p>","protected":false},"featured_media":37155,"template":"","meta":[],"product_brand":[],"product_cat":[395,297,705,384],"product_tag":[],"class_list":{"0":"post-37180","1":"product","2":"type-product","3":"status-publish","4":"has-post-thumbnail","6":"product_cat-aphrodisiacs","7":"product_cat-all-products","8":"product_cat-sex-shop","9":"product_cat-smartshop","11":"first","12":"instock","13":"taxable","14":"shipping-taxable","15":"purchasable","16":"product-type-simple"},"_links":{"self":[{"href":"https:\/\/www.headshop.nl\/fr\/wp-json\/wp\/v2\/product\/37180","targetHints":{"allow":["GET"]}}],"collection":[{"href":"https:\/\/www.headshop.nl\/fr\/wp-json\/wp\/v2\/product"}],"about":[{"href":"https:\/\/www.headshop.nl\/fr\/wp-json\/wp\/v2\/types\/product"}],"wp:featuredmedia":[{"embeddable":true,"href":"https:\/\/www.headshop.nl\/fr\/wp-json\/wp\/v2\/media\/37155"}],"wp:attachment":[{"href":"https:\/\/www.headshop.nl\/fr\/wp-json\/wp\/v2\/media?parent=37180"}],"wp:term":[{"taxonomy":"product_brand","embeddable":true,"href":"https:\/\/www.headshop.nl\/fr\/wp-json\/wp\/v2\/product_brand?post=37180"},{"taxonomy":"product_cat","embeddable":true,"href":"https:\/\/www.headshop.nl\/fr\/wp-json\/wp\/v2\/product_cat?post=37180"},{"taxonomy":"product_tag","embeddable":true,"href":"https:\/\/www.headshop.nl\/fr\/wp-json\/wp\/v2\/product_tag?post=37180"}],"curies":[{"name":"wp","href":"https:\/\/api.w.org\/{rel}","templated":true}]}}