{"id":37178,"date":"2021-09-28T09:23:59","date_gmt":"2021-09-28T09:23:59","guid":{"rendered":"https:\/\/www.headshop.nl\/?post_type=product&#038;p=37178"},"modified":"2022-06-27T08:07:38","modified_gmt":"2022-06-27T08:07:38","slug":"black-stone-spray","status":"publish","type":"product","link":"https:\/\/www.headshop.nl\/fr\/black-stone-spray\/","title":{"rendered":"Black Stone Spray"},"content":{"rendered":"<h2 class=\"product_title entry-title\">Black Stone Spray<\/h2>\n<p>Que vous soyez un jeune homme qui veut s'assurer de durer plus longtemps, un homme plus \u00e2g\u00e9 qui cherche \u00e0 retrouver la jeunesse de ses prouesses sexuelles, ou m\u00eame quelqu'un qui souffre de dysfonctionnement \u00e9rectile, ce spray pourrait \u00eatre exactement ce que vous recherchez. Black Stone Spray est parfait pour les hommes qui veulent l'utiliser uniquement lorsqu'ils en ont besoin et maximiser chaque minute tout en augmentant leur niveau de sensibilit\u00e9 pendant ces minutes.<\/p>\n<p>Les fabricants de Black Stone Spray vous couvrent, quel que soit le temps que vous voulez passer \u00e0 faire le travail. Les gens aiment avoir des relations sexuelles de longue dur\u00e9e et ce spray leur permet de le faire car il les aide \u00e0 retarder leur orgasme. Le spray est 100% naturel et sans danger pour les parties intimes, alors qu'attendez-vous ? Essayez ce produit d\u00e8s aujourd'hui !<\/p>","protected":false},"excerpt":{"rendered":"<p>C'est comme si vous aviez une cl\u00e9 de rechange pour durer aussi longtemps que vous le souhaitez. Avec cette solution hautement efficace et enti\u00e8rement naturelle, vous pouvez ralentir les choses quelle que soit la situation ! Il suffit de l'appliquer sur la hampe ou le monticule avant que les choses ne s'\u00e9chauffent pour que l'orgasme soit encore plus fort au moment voulu !<\/p>","protected":false},"featured_media":37159,"template":"","meta":[],"product_brand":[],"product_cat":[395,297,705,384],"product_tag":[],"class_list":{"0":"post-37178","1":"product","2":"type-product","3":"status-publish","4":"has-post-thumbnail","6":"product_cat-aphrodisiacs","7":"product_cat-all-products","8":"product_cat-sex-shop","9":"product_cat-smartshop","11":"first","12":"instock","13":"taxable","14":"shipping-taxable","15":"purchasable","16":"product-type-simple"},"_links":{"self":[{"href":"https:\/\/www.headshop.nl\/fr\/wp-json\/wp\/v2\/product\/37178","targetHints":{"allow":["GET"]}}],"collection":[{"href":"https:\/\/www.headshop.nl\/fr\/wp-json\/wp\/v2\/product"}],"about":[{"href":"https:\/\/www.headshop.nl\/fr\/wp-json\/wp\/v2\/types\/product"}],"wp:featuredmedia":[{"embeddable":true,"href":"https:\/\/www.headshop.nl\/fr\/wp-json\/wp\/v2\/media\/37159"}],"wp:attachment":[{"href":"https:\/\/www.headshop.nl\/fr\/wp-json\/wp\/v2\/media?parent=37178"}],"wp:term":[{"taxonomy":"product_brand","embeddable":true,"href":"https:\/\/www.headshop.nl\/fr\/wp-json\/wp\/v2\/product_brand?post=37178"},{"taxonomy":"product_cat","embeddable":true,"href":"https:\/\/www.headshop.nl\/fr\/wp-json\/wp\/v2\/product_cat?post=37178"},{"taxonomy":"product_tag","embeddable":true,"href":"https:\/\/www.headshop.nl\/fr\/wp-json\/wp\/v2\/product_tag?post=37178"}],"curies":[{"name":"wp","href":"https:\/\/api.w.org\/{rel}","templated":true}]}}