{"id":37050,"date":"2021-09-28T08:00:49","date_gmt":"2021-09-28T08:00:49","guid":{"rendered":"https:\/\/www.headshop.nl\/?post_type=product&#038;p=37050"},"modified":"2022-06-27T08:07:44","modified_gmt":"2022-06-27T08:07:44","slug":"spanish-fly-passion-intenso","status":"publish","type":"product","link":"https:\/\/www.headshop.nl\/fr\/spanish-fly-passion-intenso\/","title":{"rendered":"Spanish Fly Passion Intenso"},"content":{"rendered":"<h2>Spanish Fly Passion Intenso<\/h2>\n<p>Le Spanish Fly est le philtre d'amour le plus populaire disponible aujourd'hui, et il occupe une place particuli\u00e8re dans l'histoire en tant que l'un des plus anciens aphrodisiaques r\u00e9pertori\u00e9s. Avec le Spanish Fly \u00e0 vos c\u00f4t\u00e9s, vous vous sentirez excit\u00e9, confiant et pr\u00eat \u00e0 affronter tout ce qui se passe sous le soleil.<\/p>\n<p>Il est temps de changer votre statu quo sexuel et de commencer \u00e0 avoir des relations sexuelles plus agr\u00e9ables que vous ne l'auriez jamais imagin\u00e9. Spanish Fly est l'aphrodisiaque naturel alternatif parfait - il transformera votre fa\u00e7on de voir les choses dans la chambre \u00e0 coucher et emp\u00eachera votre relation de s'effondrer avant m\u00eame qu'elle n'ait eu la chance de commencer.<\/p>","protected":false},"excerpt":{"rendered":"<p>La formule de Spanish Fly est simple mais tr\u00e8s efficace. Ajoutez une petite goutte de ce stimulant de la libido \u00e0 votre boisson et \u00e0 celle de votre partenaire et observez leurs r\u00e9actions changer pour le mieux ! Ajoutez un zeste \u00e0 votre boisson pr\u00e9f\u00e9r\u00e9e pour pimenter votre soir\u00e9e !<\/p>","protected":false},"featured_media":37068,"template":"","meta":[],"product_brand":[],"product_cat":[395,297,705,384,718],"product_tag":[],"class_list":{"0":"post-37050","1":"product","2":"type-product","3":"status-publish","4":"has-post-thumbnail","6":"product_cat-aphrodisiacs","7":"product_cat-all-products","8":"product_cat-sex-shop","9":"product_cat-smartshop","10":"product_cat-spanish-fly","12":"first","13":"instock","14":"taxable","15":"shipping-taxable","16":"purchasable","17":"product-type-simple"},"_links":{"self":[{"href":"https:\/\/www.headshop.nl\/fr\/wp-json\/wp\/v2\/product\/37050","targetHints":{"allow":["GET"]}}],"collection":[{"href":"https:\/\/www.headshop.nl\/fr\/wp-json\/wp\/v2\/product"}],"about":[{"href":"https:\/\/www.headshop.nl\/fr\/wp-json\/wp\/v2\/types\/product"}],"wp:featuredmedia":[{"embeddable":true,"href":"https:\/\/www.headshop.nl\/fr\/wp-json\/wp\/v2\/media\/37068"}],"wp:attachment":[{"href":"https:\/\/www.headshop.nl\/fr\/wp-json\/wp\/v2\/media?parent=37050"}],"wp:term":[{"taxonomy":"product_brand","embeddable":true,"href":"https:\/\/www.headshop.nl\/fr\/wp-json\/wp\/v2\/product_brand?post=37050"},{"taxonomy":"product_cat","embeddable":true,"href":"https:\/\/www.headshop.nl\/fr\/wp-json\/wp\/v2\/product_cat?post=37050"},{"taxonomy":"product_tag","embeddable":true,"href":"https:\/\/www.headshop.nl\/fr\/wp-json\/wp\/v2\/product_tag?post=37050"}],"curies":[{"name":"wp","href":"https:\/\/api.w.org\/{rel}","templated":true}]}}