{"id":37038,"date":"2021-09-28T07:38:27","date_gmt":"2021-09-28T07:38:27","guid":{"rendered":"https:\/\/www.headshop.nl\/?post_type=product&#038;p=37038"},"modified":"2022-06-27T08:07:53","modified_gmt":"2022-06-27T08:07:53","slug":"rush-herbal-popper","status":"publish","type":"product","link":"https:\/\/www.headshop.nl\/fr\/rush-herbal-popper\/","title":{"rendered":"Rush Herbal Popper"},"content":{"rendered":"<h2 class=\"product_title entry-title\">Rush Herbal Popper<\/h2>\n<p>Il y a de nombreuses fa\u00e7ons d'utiliser ce popper \u00e0 base de plantes. Si vous d\u00e9couvrez le monde du sexe anal, d\u00e9tendez vos sphincters \u00e0 l'avance pour une exp\u00e9rience plus confortable avec moins de tension dans les muscles. Ce produit vous facilitera la t\u00e2che !<\/p>\n<p>Il est \u00e9galement parfait si vous voulez rester dur pendant les rapports sexuels - il d\u00e9tend rapidement votre p\u00e9nis et veille \u00e0 ce que tout probl\u00e8me d'\u00e9rection puisse \u00eatre r\u00e9solu imm\u00e9diatement avec une gicl\u00e9e rapide ! De plus, la sensation d'excitation est un formidable stimulant de l'humeur, m\u00eame si les choses ne se passent pas bien au lit. Et le meilleur dans tout \u00e7a ? Ce popper est purement \u00e0 base de plantes et sa vente est donc toujours l\u00e9gale !<\/p>","protected":false},"excerpt":{"rendered":"<p>L'amour est partout, il ne demande qu'\u00e0 s'ouvrir. Alors n'h\u00e9sitez plus ! Pr\u00e9cipitez-vous pour vivre une exp\u00e9rience \u00e0 la fois relaxante et explosive. Procurez-vous ce popper aux herbes pour augmenter la dur\u00e9e de votre s\u00e9ance d'amour - pour vous assurer d'avoir un peu plus de temps pour vous explorer l'un l'autre, essayer de nouvelles positions, tester des fantasmes amusants !<\/p>","protected":false},"featured_media":37129,"template":"","meta":[],"product_brand":[],"product_cat":[395,297,705,384],"product_tag":[],"class_list":{"0":"post-37038","1":"product","2":"type-product","3":"status-publish","4":"has-post-thumbnail","6":"product_cat-aphrodisiacs","7":"product_cat-all-products","8":"product_cat-sex-shop","9":"product_cat-smartshop","11":"first","12":"instock","13":"taxable","14":"shipping-taxable","15":"purchasable","16":"product-type-simple"},"_links":{"self":[{"href":"https:\/\/www.headshop.nl\/fr\/wp-json\/wp\/v2\/product\/37038","targetHints":{"allow":["GET"]}}],"collection":[{"href":"https:\/\/www.headshop.nl\/fr\/wp-json\/wp\/v2\/product"}],"about":[{"href":"https:\/\/www.headshop.nl\/fr\/wp-json\/wp\/v2\/types\/product"}],"wp:featuredmedia":[{"embeddable":true,"href":"https:\/\/www.headshop.nl\/fr\/wp-json\/wp\/v2\/media\/37129"}],"wp:attachment":[{"href":"https:\/\/www.headshop.nl\/fr\/wp-json\/wp\/v2\/media?parent=37038"}],"wp:term":[{"taxonomy":"product_brand","embeddable":true,"href":"https:\/\/www.headshop.nl\/fr\/wp-json\/wp\/v2\/product_brand?post=37038"},{"taxonomy":"product_cat","embeddable":true,"href":"https:\/\/www.headshop.nl\/fr\/wp-json\/wp\/v2\/product_cat?post=37038"},{"taxonomy":"product_tag","embeddable":true,"href":"https:\/\/www.headshop.nl\/fr\/wp-json\/wp\/v2\/product_tag?post=37038"}],"curies":[{"name":"wp","href":"https:\/\/api.w.org\/{rel}","templated":true}]}}