{"id":36852,"date":"2021-09-27T07:50:55","date_gmt":"2021-09-27T07:50:55","guid":{"rendered":"https:\/\/www.headshop.nl\/?post_type=product&#038;p=36852"},"modified":"2024-09-23T11:28:48","modified_gmt":"2024-09-23T11:28:48","slug":"mdma-purity-drug-test","status":"publish","type":"product","link":"https:\/\/www.headshop.nl\/fr\/mdma-purity-drug-test\/","title":{"rendered":"MDMA Purity Drug Test"},"content":{"rendered":"<h2><span data-sheets-value=\"{&quot;1&quot;:2,&quot;2&quot;:&quot;MDMA Purity Drug Test&quot;}\" data-sheets-userformat=\"{&quot;2&quot;:4739,&quot;3&quot;:{&quot;1&quot;:0},&quot;4&quot;:{&quot;1&quot;:2,&quot;2&quot;:15389148},&quot;10&quot;:2,&quot;12&quot;:0,&quot;15&quot;:&quot;Arial&quot;}\">MDMA Purity Drug Test<\/span> de EZ Test<\/h2>\n<p>La l\u00e9gitimit\u00e9 de vos drogues suscite toujours de la curiosit\u00e9, mais il ne devrait pas \u00eatre difficile de savoir si vous pouvez faire confiance \u00e0 ce que vous prenez. Surtout si vous utilisez un produit comme le test de puret\u00e9 de MDMA d'EZ Test. Soyez s\u00fbr de vous et ne soyez pas d\u00e9sol\u00e9 !<\/p>\n<p>EZ Test est un kit de d\u00e9pistage de drogues pr\u00e9cis, fiable et s\u00fbr. Dites adieu \u00e0 l'incertitude et dites bonjour \u00e0 la connaissance ! EZ Test vous dira si l'\u00e9chantillon contient ce que vous d\u00e9sirez. Ne vous fiez plus aux mots, faites confiance \u00e0 la chimie et aux faits !<\/p>\n<p>&nbsp;<\/p>","protected":false},"excerpt":{"rendered":"<p>Vous \u00eates-vous d\u00e9j\u00e0 trouv\u00e9 dans une situation o\u00f9 vous deviez trouver la r\u00e9ponse : mon \u00e9chantillon de MDMA contient-il ce que je d\u00e9sire ? Si c'est le cas, ce test de drogue est fait pour vous ! Simple et pr\u00e9cis, il peut vous aider \u00e0 vous d\u00e9tendre car vous serez s\u00fbr de la qualit\u00e9 de la drogue !<\/p>","protected":false},"featured_media":36960,"template":"","meta":[],"product_brand":[],"product_cat":[387,297,384],"product_tag":[],"class_list":{"0":"post-36852","1":"product","2":"type-product","3":"status-publish","4":"has-post-thumbnail","6":"product_cat-drugtests","7":"product_cat-all-products","8":"product_cat-smartshop","9":"product_shipping_class-creditcard-on","11":"first","12":"instock","13":"taxable","14":"shipping-taxable","15":"purchasable","16":"product-type-variable","17":"has-default-attributes"},"_links":{"self":[{"href":"https:\/\/www.headshop.nl\/fr\/wp-json\/wp\/v2\/product\/36852","targetHints":{"allow":["GET"]}}],"collection":[{"href":"https:\/\/www.headshop.nl\/fr\/wp-json\/wp\/v2\/product"}],"about":[{"href":"https:\/\/www.headshop.nl\/fr\/wp-json\/wp\/v2\/types\/product"}],"wp:featuredmedia":[{"embeddable":true,"href":"https:\/\/www.headshop.nl\/fr\/wp-json\/wp\/v2\/media\/36960"}],"wp:attachment":[{"href":"https:\/\/www.headshop.nl\/fr\/wp-json\/wp\/v2\/media?parent=36852"}],"wp:term":[{"taxonomy":"product_brand","embeddable":true,"href":"https:\/\/www.headshop.nl\/fr\/wp-json\/wp\/v2\/product_brand?post=36852"},{"taxonomy":"product_cat","embeddable":true,"href":"https:\/\/www.headshop.nl\/fr\/wp-json\/wp\/v2\/product_cat?post=36852"},{"taxonomy":"product_tag","embeddable":true,"href":"https:\/\/www.headshop.nl\/fr\/wp-json\/wp\/v2\/product_tag?post=36852"}],"curies":[{"name":"wp","href":"https:\/\/api.w.org\/{rel}","templated":true}]}}