{"id":36850,"date":"2021-09-27T07:50:55","date_gmt":"2021-09-27T07:50:55","guid":{"rendered":"https:\/\/www.headshop.nl\/?post_type=product&#038;p=36850"},"modified":"2025-09-08T01:26:17","modified_gmt":"2025-09-08T01:26:17","slug":"synthetic-cannabinoids-k2-spice-drug-test","status":"publish","type":"product","link":"https:\/\/www.headshop.nl\/fr\/synthetic-cannabinoids-k2-spice-drug-test\/","title":{"rendered":"Synthetic Cannabinoids, K2 Spice Drug Test"},"content":{"rendered":"<h2>Synthetic Cannabinoids, K2 Spice Drug Test de EZ Test<\/h2>\n<p>Assurez-vous de toujours savoir ce que vous fumez. Utilisez le test de d\u00e9pistage de drogues EZ Test Synthetic Materials Cannabinoids, K2 Spice pour \u00eatre s\u00fbr que votre \u00e9chantillon contient exactement ce que vous d\u00e9sirez - les r\u00e9sultats pr\u00e9cis vous le garantiront :<br \/>\nexactement ce qu'il contient. C'est simple et s\u00fbr, alors n'h\u00e9sitez pas \u00e0 utiliser tous nos produits d\u00e8s aujourd'hui ! Vous m\u00e9ritez des outils pr\u00e9cis et fiables pour analyser rapidement et facilement les \u00e9chantillons contenant les substances souhait\u00e9es.<\/p>\n<p>Le K2 Spice peut sembler \u00eatre une drogue alternative inoffensive, mais tout cannabino\u00efde synth\u00e9tique peut \u00eatre dangereux. Prenez la d\u00e9cision \u00e9clair\u00e9e d'assurer votre s\u00e9curit\u00e9 avec un kit de d\u00e9pistage de drogues \u00e0 domicile facile \u00e0 utiliser d'EZ Test. C'est le meilleur choix pour des r\u00e9sultats s\u00fbrs et pr\u00e9cis !<\/p>","protected":false},"excerpt":{"rendered":"<p>Parfois, on a besoin d'en avoir le c\u0153ur net.<br \/>\nAvec le Synthetic Cannabinoids, K2 Spice Drug Test d'EZ Test, l'\u00e9quipe d'EZ Tests a fait en sorte qu'il soit facile et s\u00fbr de savoir si ce que vous mettez dans votre corps est vraiment ce que vous voulez qu'il soit. Que vous souhaitiez \u00eatre s\u00fbr d'une chose comme le \"Hash Oil\" ou que vous vouliez avoir la confirmation du \"Hash\", nous pouvons vous aider !<\/p>","protected":false},"featured_media":36951,"template":"","meta":[],"product_brand":[],"product_cat":[387,297,384],"product_tag":[],"class_list":{"0":"post-36850","1":"product","2":"type-product","3":"status-publish","4":"has-post-thumbnail","6":"product_cat-drugtests","7":"product_cat-all-products","8":"product_cat-smartshop","9":"product_shipping_class-creditcard-on","11":"first","12":"instock","13":"taxable","14":"shipping-taxable","15":"purchasable","16":"product-type-variable","17":"has-default-attributes"},"_links":{"self":[{"href":"https:\/\/www.headshop.nl\/fr\/wp-json\/wp\/v2\/product\/36850","targetHints":{"allow":["GET"]}}],"collection":[{"href":"https:\/\/www.headshop.nl\/fr\/wp-json\/wp\/v2\/product"}],"about":[{"href":"https:\/\/www.headshop.nl\/fr\/wp-json\/wp\/v2\/types\/product"}],"wp:featuredmedia":[{"embeddable":true,"href":"https:\/\/www.headshop.nl\/fr\/wp-json\/wp\/v2\/media\/36951"}],"wp:attachment":[{"href":"https:\/\/www.headshop.nl\/fr\/wp-json\/wp\/v2\/media?parent=36850"}],"wp:term":[{"taxonomy":"product_brand","embeddable":true,"href":"https:\/\/www.headshop.nl\/fr\/wp-json\/wp\/v2\/product_brand?post=36850"},{"taxonomy":"product_cat","embeddable":true,"href":"https:\/\/www.headshop.nl\/fr\/wp-json\/wp\/v2\/product_cat?post=36850"},{"taxonomy":"product_tag","embeddable":true,"href":"https:\/\/www.headshop.nl\/fr\/wp-json\/wp\/v2\/product_tag?post=36850"}],"curies":[{"name":"wp","href":"https:\/\/api.w.org\/{rel}","templated":true}]}}