{"id":36847,"date":"2021-09-27T07:50:54","date_gmt":"2021-09-27T07:50:54","guid":{"rendered":"https:\/\/www.headshop.nl\/?post_type=product&#038;p=36847"},"modified":"2024-09-23T11:28:48","modified_gmt":"2024-09-23T11:28:48","slug":"mcpp-drug-test","status":"publish","type":"product","link":"https:\/\/www.headshop.nl\/fr\/mcpp-drug-test\/","title":{"rendered":"MCPP Drug Test"},"content":{"rendered":"<h2><span data-sheets-value=\"{&quot;1&quot;:2,&quot;2&quot;:&quot;MCPP Drug Test&quot;}\" data-sheets-userformat=\"{&quot;2&quot;:4995,&quot;3&quot;:{&quot;1&quot;:0},&quot;4&quot;:{&quot;1&quot;:2,&quot;2&quot;:15120559},&quot;10&quot;:2,&quot;11&quot;:4,&quot;12&quot;:0,&quot;15&quot;:&quot;Arial&quot;}\">MCPP Drug Test<\/span> de EZ Test<\/h2>\n<p>Si vous voulez \u00eatre s\u00fbr de ce que vous prenez, MCPP Drug Test d'EZ Test est fait pour vous !<\/p>\n<p>MCPP Drug Test d'EZ Test est l\u00e0 pour vous aider \u00e0 vous assurer que vous obtenez ce qui est annonc\u00e9. Ne vous fiez pas \u00e0 la foi ou aux rumeurs ; soyez arm\u00e9 de faits. Faites le test et d\u00e9couvrez-le par vous-m\u00eame !<\/p>\n<p>Un kit de test de d\u00e9pistage de drogues \u00e0 domicile est un moyen simple et pr\u00e9cis de s'assurer que votre \u00e9chantillon contient tous les \u00e9l\u00e9ments que vous souhaitez - \u00e0 savoir le MCPP. Nous ne voudrions pas avoir de regrets, n'est-ce pas ?<\/p>","protected":false},"excerpt":{"rendered":"<p>EZ Test est l\u00e0 pour vous aider \u00e0 \u00e9liminer ce que vous ne voulez pas trouver dans votre \u00e9chantillon et \u00e0 confirmer la pr\u00e9sence de ce que vous voulez. Il s'agit d'un kit de test \u00e0 domicile simple et pr\u00e9cis, qui vous permet d'\u00eatre s\u00fbr de la qualit\u00e9 des drogues que vous souhaitez tester !<\/p>","protected":false},"featured_media":36948,"template":"","meta":[],"product_brand":[],"product_cat":[387,297,384],"product_tag":[],"class_list":{"0":"post-36847","1":"product","2":"type-product","3":"status-publish","4":"has-post-thumbnail","6":"product_cat-drugtests","7":"product_cat-all-products","8":"product_cat-smartshop","9":"product_shipping_class-creditcard-on","11":"first","12":"instock","13":"taxable","14":"shipping-taxable","15":"purchasable","16":"product-type-variable","17":"has-default-attributes"},"_links":{"self":[{"href":"https:\/\/www.headshop.nl\/fr\/wp-json\/wp\/v2\/product\/36847","targetHints":{"allow":["GET"]}}],"collection":[{"href":"https:\/\/www.headshop.nl\/fr\/wp-json\/wp\/v2\/product"}],"about":[{"href":"https:\/\/www.headshop.nl\/fr\/wp-json\/wp\/v2\/types\/product"}],"wp:featuredmedia":[{"embeddable":true,"href":"https:\/\/www.headshop.nl\/fr\/wp-json\/wp\/v2\/media\/36948"}],"wp:attachment":[{"href":"https:\/\/www.headshop.nl\/fr\/wp-json\/wp\/v2\/media?parent=36847"}],"wp:term":[{"taxonomy":"product_brand","embeddable":true,"href":"https:\/\/www.headshop.nl\/fr\/wp-json\/wp\/v2\/product_brand?post=36847"},{"taxonomy":"product_cat","embeddable":true,"href":"https:\/\/www.headshop.nl\/fr\/wp-json\/wp\/v2\/product_cat?post=36847"},{"taxonomy":"product_tag","embeddable":true,"href":"https:\/\/www.headshop.nl\/fr\/wp-json\/wp\/v2\/product_tag?post=36847"}],"curies":[{"name":"wp","href":"https:\/\/api.w.org\/{rel}","templated":true}]}}