{"id":36846,"date":"2021-09-27T07:50:53","date_gmt":"2021-09-27T07:50:53","guid":{"rendered":"https:\/\/www.headshop.nl\/?post_type=product&#038;p=36846"},"modified":"2024-09-23T11:28:49","modified_gmt":"2024-09-23T11:28:49","slug":"ketamine-drug-test","status":"publish","type":"product","link":"https:\/\/www.headshop.nl\/fr\/ketamine-drug-test\/","title":{"rendered":"Ketamine Drug Test"},"content":{"rendered":"<h2><span data-sheets-value=\"{&quot;1&quot;:2,&quot;2&quot;:&quot;Ketamine Drug Test&quot;}\" data-sheets-userformat=\"{&quot;2&quot;:4995,&quot;3&quot;:{&quot;1&quot;:0},&quot;4&quot;:{&quot;1&quot;:2,&quot;2&quot;:14281427},&quot;10&quot;:2,&quot;11&quot;:4,&quot;12&quot;:0,&quot;15&quot;:&quot;Arial&quot;}\">Ketamine Drug Test<\/span> de EZ Test<\/h2>\n<p>L'un des plus grands d\u00e9fis auxquels est confront\u00e9 un consommateur r\u00e9cr\u00e9atif est de d\u00e9terminer ce qu'il consomme r\u00e9ellement. Comment s'assurer que son \u00e9chantillon contient ce qu'il d\u00e9sire ? La solution \u00e0 ce probl\u00e8me peut se pr\u00e9senter sous la forme de kits de d\u00e9pistage de drogues simples et fiables comme le Ketamine Drug Test d'EZ Test.<\/p>\n<p>Ce test utilise des r\u00e9actifs s\u00fbrs, de qualit\u00e9 laboratoire, con\u00e7us pour le d\u00e9pistage des drogues. Des r\u00e9sultats simples et fiables presque instantan\u00e9ment !<\/p>","protected":false},"excerpt":{"rendered":"<p>Ketamine Drug Test d'EZ Test est un kit de test \u00e0 domicile pr\u00e9cis qui vous permet de d\u00e9terminer si votre \u00e9chantillon contient ce que vous d\u00e9sirez. Il est simple \u00e0 utiliser et vous saurez imm\u00e9diatement si votre \u00e9chantillon contient ou non de la k\u00e9tamine.<\/p>","protected":false},"featured_media":36944,"template":"","meta":[],"product_brand":[],"product_cat":[387,297,384],"product_tag":[],"class_list":{"0":"post-36846","1":"product","2":"type-product","3":"status-publish","4":"has-post-thumbnail","6":"product_cat-drugtests","7":"product_cat-all-products","8":"product_cat-smartshop","9":"product_shipping_class-creditcard-on","11":"first","12":"instock","13":"taxable","14":"shipping-taxable","15":"purchasable","16":"product-type-variable","17":"has-default-attributes"},"_links":{"self":[{"href":"https:\/\/www.headshop.nl\/fr\/wp-json\/wp\/v2\/product\/36846","targetHints":{"allow":["GET"]}}],"collection":[{"href":"https:\/\/www.headshop.nl\/fr\/wp-json\/wp\/v2\/product"}],"about":[{"href":"https:\/\/www.headshop.nl\/fr\/wp-json\/wp\/v2\/types\/product"}],"wp:featuredmedia":[{"embeddable":true,"href":"https:\/\/www.headshop.nl\/fr\/wp-json\/wp\/v2\/media\/36944"}],"wp:attachment":[{"href":"https:\/\/www.headshop.nl\/fr\/wp-json\/wp\/v2\/media?parent=36846"}],"wp:term":[{"taxonomy":"product_brand","embeddable":true,"href":"https:\/\/www.headshop.nl\/fr\/wp-json\/wp\/v2\/product_brand?post=36846"},{"taxonomy":"product_cat","embeddable":true,"href":"https:\/\/www.headshop.nl\/fr\/wp-json\/wp\/v2\/product_cat?post=36846"},{"taxonomy":"product_tag","embeddable":true,"href":"https:\/\/www.headshop.nl\/fr\/wp-json\/wp\/v2\/product_tag?post=36846"}],"curies":[{"name":"wp","href":"https:\/\/api.w.org\/{rel}","templated":true}]}}