{"id":36844,"date":"2021-09-27T07:50:52","date_gmt":"2021-09-27T07:50:52","guid":{"rendered":"https:\/\/www.headshop.nl\/?post_type=product&#038;p=36844"},"modified":"2024-10-17T09:24:27","modified_gmt":"2024-10-17T09:24:27","slug":"ghb-drug-test","status":"publish","type":"product","link":"https:\/\/www.headshop.nl\/fr\/ghb-drug-test\/","title":{"rendered":"GHB Drug Test"},"content":{"rendered":"<h2>GHB Drug Test de EZ Test<\/h2>\n<p>Sachez que votre \u00e9chantillon est conforme \u00e0 vos attentes gr\u00e2ce \u00e0 ce kit de test de d\u00e9pistage des drogues. Il est s\u00fbr, fiable et pr\u00e9cis.<\/p>\n<p>Des instructions simples sur l'utilisation des kits de test permettent \u00e0 tout le monde de se sentir \u00e0 l'aise. C'est un outil indispensable si vous devez faire confiance \u00e0 votre \u00e9chantillon !<\/p>\n<p>&nbsp;<\/p>","protected":false},"excerpt":{"rendered":"<p>Pour tous ceux qui souhaitent tester ce qu'ils consomment, il existe un kit de test \u00e0 domicile pr\u00e9cis. Le GHB Drug Test d'EZ Test vous permet d'avoir l'esprit tranquille en sachant que votre \u00e9chantillon ne contient que l'\u00e9l\u00e9ment d\u00e9sir\u00e9. Il est assez simple \u00e0 utiliser et pr\u00e9cis, il n'y a rien de mieux que de se sentir plus en s\u00e9curit\u00e9 en sachant exactement ce que l'on met dans son corps !<\/p>","protected":false},"featured_media":36962,"template":"","meta":[],"product_brand":[],"product_cat":[387,297,384],"product_tag":[],"class_list":{"0":"post-36844","1":"product","2":"type-product","3":"status-publish","4":"has-post-thumbnail","6":"product_cat-drugtests","7":"product_cat-all-products","8":"product_cat-smartshop","9":"product_shipping_class-creditcard-on","11":"first","12":"instock","13":"taxable","14":"shipping-taxable","15":"purchasable","16":"product-type-variable","17":"has-default-attributes"},"_links":{"self":[{"href":"https:\/\/www.headshop.nl\/fr\/wp-json\/wp\/v2\/product\/36844","targetHints":{"allow":["GET"]}}],"collection":[{"href":"https:\/\/www.headshop.nl\/fr\/wp-json\/wp\/v2\/product"}],"about":[{"href":"https:\/\/www.headshop.nl\/fr\/wp-json\/wp\/v2\/types\/product"}],"wp:featuredmedia":[{"embeddable":true,"href":"https:\/\/www.headshop.nl\/fr\/wp-json\/wp\/v2\/media\/36962"}],"wp:attachment":[{"href":"https:\/\/www.headshop.nl\/fr\/wp-json\/wp\/v2\/media?parent=36844"}],"wp:term":[{"taxonomy":"product_brand","embeddable":true,"href":"https:\/\/www.headshop.nl\/fr\/wp-json\/wp\/v2\/product_brand?post=36844"},{"taxonomy":"product_cat","embeddable":true,"href":"https:\/\/www.headshop.nl\/fr\/wp-json\/wp\/v2\/product_cat?post=36844"},{"taxonomy":"product_tag","embeddable":true,"href":"https:\/\/www.headshop.nl\/fr\/wp-json\/wp\/v2\/product_tag?post=36844"}],"curies":[{"name":"wp","href":"https:\/\/api.w.org\/{rel}","templated":true}]}}