{"id":36843,"date":"2021-09-27T07:50:51","date_gmt":"2021-09-27T07:50:51","guid":{"rendered":"https:\/\/www.headshop.nl\/?post_type=product&#038;p=36843"},"modified":"2024-09-23T11:28:50","modified_gmt":"2024-09-23T11:28:50","slug":"heroin-purity-drug-test","status":"publish","type":"product","link":"https:\/\/www.headshop.nl\/fr\/heroin-purity-drug-test\/","title":{"rendered":"Heroin Purity Drug Test"},"content":{"rendered":"<h2><span data-sheets-value=\"{&quot;1&quot;:2,&quot;2&quot;:&quot;Heroin Purity Drug Test&quot;}\" data-sheets-userformat=\"{&quot;2&quot;:4995,&quot;3&quot;:{&quot;1&quot;:0},&quot;4&quot;:{&quot;1&quot;:2,&quot;2&quot;:13689059},&quot;10&quot;:2,&quot;11&quot;:4,&quot;12&quot;:0,&quot;15&quot;:&quot;Arial&quot;}\">Heroin Purity Drug Test<\/span> de EZ Test<\/h2>\n<p>Vous m\u00e9ritez d'\u00eatre soulag\u00e9 de savoir si vous vous mettez ou non en danger.<\/p>\n<p>Ce kit est facile \u00e0 utiliser et donne des r\u00e9sultats clairs, ce qui vous permet de savoir ce que vous r\u00e9serve votre journ\u00e9e (et votre avenir) !<\/p>\n<p>&nbsp;<\/p>","protected":false},"excerpt":{"rendered":"<p>Vous voulez vous assurer que votre \u00e9chantillon contient ce que vous recherchez ? Procurez-vous le Heroin Purity Drug Test d'EZ Test, un kit simple de test de drogue \u00e0 domicile pour v\u00e9rifier si la puret\u00e9 de l'h\u00e9ro\u00efne est \u00e0 la hauteur ! C'est s\u00fbr, c'est facile \u00e0 utiliser et c'est un moyen pr\u00e9cis de savoir ce que vous consommez.<\/p>","protected":false},"featured_media":36935,"template":"","meta":[],"product_brand":[],"product_cat":[387,297,384],"product_tag":[],"class_list":{"0":"post-36843","1":"product","2":"type-product","3":"status-publish","4":"has-post-thumbnail","6":"product_cat-drugtests","7":"product_cat-all-products","8":"product_cat-smartshop","9":"product_shipping_class-creditcard-on","11":"first","12":"instock","13":"taxable","14":"shipping-taxable","15":"purchasable","16":"product-type-variable","17":"has-default-attributes"},"_links":{"self":[{"href":"https:\/\/www.headshop.nl\/fr\/wp-json\/wp\/v2\/product\/36843","targetHints":{"allow":["GET"]}}],"collection":[{"href":"https:\/\/www.headshop.nl\/fr\/wp-json\/wp\/v2\/product"}],"about":[{"href":"https:\/\/www.headshop.nl\/fr\/wp-json\/wp\/v2\/types\/product"}],"wp:featuredmedia":[{"embeddable":true,"href":"https:\/\/www.headshop.nl\/fr\/wp-json\/wp\/v2\/media\/36935"}],"wp:attachment":[{"href":"https:\/\/www.headshop.nl\/fr\/wp-json\/wp\/v2\/media?parent=36843"}],"wp:term":[{"taxonomy":"product_brand","embeddable":true,"href":"https:\/\/www.headshop.nl\/fr\/wp-json\/wp\/v2\/product_brand?post=36843"},{"taxonomy":"product_cat","embeddable":true,"href":"https:\/\/www.headshop.nl\/fr\/wp-json\/wp\/v2\/product_cat?post=36843"},{"taxonomy":"product_tag","embeddable":true,"href":"https:\/\/www.headshop.nl\/fr\/wp-json\/wp\/v2\/product_tag?post=36843"}],"curies":[{"name":"wp","href":"https:\/\/api.w.org\/{rel}","templated":true}]}}