{"id":36819,"date":"2021-09-27T07:50:39","date_gmt":"2021-09-27T07:50:39","guid":{"rendered":"https:\/\/www.headshop.nl\/?post_type=product&#038;p=36819"},"modified":"2024-09-23T11:28:52","modified_gmt":"2024-09-23T11:28:52","slug":"cocaine-purity-drug-test","status":"publish","type":"product","link":"https:\/\/www.headshop.nl\/fr\/cocaine-purity-drug-test\/","title":{"rendered":"Cocaine Purity Drug Test"},"content":{"rendered":"<h2><span data-sheets-value=\"{&quot;1&quot;:2,&quot;2&quot;:&quot;Cocaine Purity Drug Test&quot;}\" data-sheets-userformat=\"{&quot;2&quot;:4995,&quot;3&quot;:{&quot;1&quot;:0},&quot;4&quot;:{&quot;1&quot;:2,&quot;2&quot;:16043212},&quot;10&quot;:2,&quot;11&quot;:4,&quot;12&quot;:0,&quot;15&quot;:&quot;Arial&quot;}\">Cocaine Purity Drug Test <\/span>de EZ Test<\/h2>\n<p>On ne peut pas toujours faire confiance aux gens lorsqu'ils nous disent ce que contiennent leurs m\u00e9dicaments. Surtout lorsqu'il s'agit de la puret\u00e9 de leurs m\u00e9dicaments, n'est-ce pas ?<\/p>\n<p>Si vous recherchez quelque chose de plus concret, nous vous recommandons le kit EZ Test Cocaine Purity Drug Test car, au moins avec ce test, vous savez que votre \u00e9chantillon contient ce qu'il dit tout en vous permettant de d\u00e9terminer le degr\u00e9 de puret\u00e9 de l'\u00e9chantillon !<\/p>\n<p>&nbsp;<\/p>","protected":false},"excerpt":{"rendered":"<p>Sachez que vous obtenez le produit le plus pur avec ce Cocaine Purity Drug Test d'EZ Test. L'\u00e9poque o\u00f9 les consommateurs de drogues devaient deviner ce que contenait leur produit est r\u00e9volue ! Ce produit \u00e9tonnant vous permettra d'en \u00eatre s\u00fbr \u00e0 chaque fois. Montrez que la neige est d'une grande puret\u00e9 avec ce kit de test de drogue pr\u00e9cis d'EZ Test !<\/p>","protected":false},"featured_media":36921,"template":"","meta":[],"product_brand":[],"product_cat":[387,297,384],"product_tag":[],"class_list":{"0":"post-36819","1":"product","2":"type-product","3":"status-publish","4":"has-post-thumbnail","6":"product_cat-drugtests","7":"product_cat-all-products","8":"product_cat-smartshop","9":"product_shipping_class-creditcard-on","11":"first","12":"instock","13":"taxable","14":"shipping-taxable","15":"purchasable","16":"product-type-variable","17":"has-default-attributes"},"_links":{"self":[{"href":"https:\/\/www.headshop.nl\/fr\/wp-json\/wp\/v2\/product\/36819","targetHints":{"allow":["GET"]}}],"collection":[{"href":"https:\/\/www.headshop.nl\/fr\/wp-json\/wp\/v2\/product"}],"about":[{"href":"https:\/\/www.headshop.nl\/fr\/wp-json\/wp\/v2\/types\/product"}],"wp:featuredmedia":[{"embeddable":true,"href":"https:\/\/www.headshop.nl\/fr\/wp-json\/wp\/v2\/media\/36921"}],"wp:attachment":[{"href":"https:\/\/www.headshop.nl\/fr\/wp-json\/wp\/v2\/media?parent=36819"}],"wp:term":[{"taxonomy":"product_brand","embeddable":true,"href":"https:\/\/www.headshop.nl\/fr\/wp-json\/wp\/v2\/product_brand?post=36819"},{"taxonomy":"product_cat","embeddable":true,"href":"https:\/\/www.headshop.nl\/fr\/wp-json\/wp\/v2\/product_cat?post=36819"},{"taxonomy":"product_tag","embeddable":true,"href":"https:\/\/www.headshop.nl\/fr\/wp-json\/wp\/v2\/product_tag?post=36819"}],"curies":[{"name":"wp","href":"https:\/\/api.w.org\/{rel}","templated":true}]}}