{"id":36811,"date":"2021-09-27T07:50:36","date_gmt":"2021-09-27T07:50:36","guid":{"rendered":"https:\/\/www.headshop.nl\/?post_type=product&#038;p=36811"},"modified":"2024-11-21T09:09:16","modified_gmt":"2024-11-21T09:09:16","slug":"thc-drug-test","status":"publish","type":"product","link":"https:\/\/www.headshop.nl\/fr\/thc-drug-test\/","title":{"rendered":"THC Drug Test"},"content":{"rendered":"<h2>THC Drug Test de EZ Test<\/h2>\n<p>Lorsque vous avez besoin de savoir si votre \u00e9chantillon contient les ingr\u00e9dients souhait\u00e9s, ce test vous le dira. Si tout se passe bien, il permet de s'assurer d'une chose : votre \u00e9chantillon contient ce que vous souhaitez (ou ne contient pas ?!). Fini les devinettes ! Pr\u00e9venez les m\u00e9saventures en obtenant un simple test de d\u00e9pistage de drogues d'EZ Test avant qu'il ne soit trop tard gr\u00e2ce \u00e0 des kits de test pr\u00e9cis et s\u00fbrs !<\/p>\n<p>&nbsp;<\/p>","protected":false},"excerpt":{"rendered":"<p>La derni\u00e8re chose que vous voulez, c'est fumer du cannabis qui ne contient pas de THC, n'est-ce pas ? Le THC Drug Test d'EZ Test est un moyen rapide et facile de d\u00e9terminer si votre \u00e9chantillon contient ou non l'ingr\u00e9dient d\u00e9sir\u00e9 dans n'importe quel bourgeon ou autre produit de cannabis.<\/p>","protected":false},"featured_media":36913,"template":"","meta":[],"product_brand":[],"product_cat":[387,297,384],"product_tag":[],"class_list":{"0":"post-36811","1":"product","2":"type-product","3":"status-publish","4":"has-post-thumbnail","6":"product_cat-drugtests","7":"product_cat-all-products","8":"product_cat-smartshop","9":"product_shipping_class-creditcard-on","11":"first","12":"instock","13":"taxable","14":"shipping-taxable","15":"purchasable","16":"product-type-variable","17":"has-default-attributes"},"_links":{"self":[{"href":"https:\/\/www.headshop.nl\/fr\/wp-json\/wp\/v2\/product\/36811","targetHints":{"allow":["GET"]}}],"collection":[{"href":"https:\/\/www.headshop.nl\/fr\/wp-json\/wp\/v2\/product"}],"about":[{"href":"https:\/\/www.headshop.nl\/fr\/wp-json\/wp\/v2\/types\/product"}],"wp:featuredmedia":[{"embeddable":true,"href":"https:\/\/www.headshop.nl\/fr\/wp-json\/wp\/v2\/media\/36913"}],"wp:attachment":[{"href":"https:\/\/www.headshop.nl\/fr\/wp-json\/wp\/v2\/media?parent=36811"}],"wp:term":[{"taxonomy":"product_brand","embeddable":true,"href":"https:\/\/www.headshop.nl\/fr\/wp-json\/wp\/v2\/product_brand?post=36811"},{"taxonomy":"product_cat","embeddable":true,"href":"https:\/\/www.headshop.nl\/fr\/wp-json\/wp\/v2\/product_cat?post=36811"},{"taxonomy":"product_tag","embeddable":true,"href":"https:\/\/www.headshop.nl\/fr\/wp-json\/wp\/v2\/product_tag?post=36811"}],"curies":[{"name":"wp","href":"https:\/\/api.w.org\/{rel}","templated":true}]}}