{"id":36787,"date":"2021-09-27T07:50:26","date_gmt":"2021-09-27T07:50:26","guid":{"rendered":"https:\/\/www.headshop.nl\/?post_type=product&#038;p=36787"},"modified":"2024-09-23T11:28:55","modified_gmt":"2024-09-23T11:28:55","slug":"cocaine-cuts-drug-test","status":"publish","type":"product","link":"https:\/\/www.headshop.nl\/fr\/cocaine-cuts-drug-test\/","title":{"rendered":"Cocaine Cuts Drug Test"},"content":{"rendered":"<h2>Cocaine Cuts Drug Test de EZ Test<\/h2>\n<p>Le kit EZ Test Cocaine Cuts Drug Test est l'outil id\u00e9al pour vous aider \u00e0 \u00e9viter les dangers potentiels, quelles que soient vos pr\u00e9f\u00e9rences ou vos convictions. Par exemple, si vous avez des doutes sur les substances contenues dans les m\u00e9dicaments qui ont \u00e9t\u00e9 coup\u00e9s avec des mat\u00e9riaux de remplissage, ce test vous indiquera rapidement s'ils doivent \u00eatre consid\u00e9r\u00e9s comme risqu\u00e9s.<\/p>\n<p>Ce kit comprend un kit \u00e0 utiliser par un individu - n'achetez jamais un m\u00e9dicament sans l'avoir test\u00e9 au pr\u00e9alable ! Nous incluons tous les outils n\u00e9cessaires et bien plus encore pour que vous puissiez toujours \u00eatre s\u00fbr de ce que contient n'importe quel produit avant de l'utiliser ! Les tests sont fiables et s\u00fbrs, donc rien ne vous emp\u00eache d'\u00eatre certain de tous les aspects de votre consommation.<\/p>\n<p>&nbsp;<\/p>","protected":false},"excerpt":{"rendered":"<p>Le Cocaine Cuts Drug Test d'EZ Test vous dira si votre \u00e9chantillon contient ou non ce que vous d\u00e9sirez. Simple d'utilisation et fiable, ce test de d\u00e9pistage de drogues est parfait pour la tranquillit\u00e9 d'esprit ! Pr\u00e9cision et rapidit\u00e9 - ce sont les mots qui comptent le plus lorsqu'il s'agit de tester ses propres \u00e9chantillons de produits. Allez-y et sentez-vous beaucoup plus en s\u00e9curit\u00e9 avec les kits de d\u00e9pistage de drogues pr\u00e9cis et simples d'utilisation d'EZ Test.<\/p>","protected":false},"featured_media":36897,"template":"","meta":[],"product_brand":[],"product_cat":[387,297,384],"product_tag":[],"class_list":{"0":"post-36787","1":"product","2":"type-product","3":"status-publish","4":"has-post-thumbnail","6":"product_cat-drugtests","7":"product_cat-all-products","8":"product_cat-smartshop","9":"product_shipping_class-creditcard-on","11":"first","12":"instock","13":"taxable","14":"shipping-taxable","15":"purchasable","16":"product-type-variable","17":"has-default-attributes"},"_links":{"self":[{"href":"https:\/\/www.headshop.nl\/fr\/wp-json\/wp\/v2\/product\/36787","targetHints":{"allow":["GET"]}}],"collection":[{"href":"https:\/\/www.headshop.nl\/fr\/wp-json\/wp\/v2\/product"}],"about":[{"href":"https:\/\/www.headshop.nl\/fr\/wp-json\/wp\/v2\/types\/product"}],"wp:featuredmedia":[{"embeddable":true,"href":"https:\/\/www.headshop.nl\/fr\/wp-json\/wp\/v2\/media\/36897"}],"wp:attachment":[{"href":"https:\/\/www.headshop.nl\/fr\/wp-json\/wp\/v2\/media?parent=36787"}],"wp:term":[{"taxonomy":"product_brand","embeddable":true,"href":"https:\/\/www.headshop.nl\/fr\/wp-json\/wp\/v2\/product_brand?post=36787"},{"taxonomy":"product_cat","embeddable":true,"href":"https:\/\/www.headshop.nl\/fr\/wp-json\/wp\/v2\/product_cat?post=36787"},{"taxonomy":"product_tag","embeddable":true,"href":"https:\/\/www.headshop.nl\/fr\/wp-json\/wp\/v2\/product_tag?post=36787"}],"curies":[{"name":"wp","href":"https:\/\/api.w.org\/{rel}","templated":true}]}}