{"id":36349,"date":"2020-08-25T08:07:50","date_gmt":"2020-08-25T08:07:50","guid":{"rendered":"https:\/\/www.headshop.nl\/?post_type=product&#038;p=36349"},"modified":"2026-04-17T13:26:15","modified_gmt":"2026-04-17T13:26:15","slug":"pure-cbd-crystals-99-hempcare","status":"publish","type":"product","link":"https:\/\/www.headshop.nl\/fr\/pure-cbd-crystals-99-hempcare\/","title":{"rendered":"Pure CBD Crystals 99% Hempcare"},"content":{"rendered":"<h2>CBD pur cristallis\u00e9 de Hempcare (500mg)<\/h2>\n<p>Si vous recherchez des cristaux de CBD enti\u00e8rement naturels, Hempcare - Pure CBD Crystals 99% est la solution id\u00e9ale. Il n'y a pas lieu de s'inqui\u00e9ter de l'ingestion d'ingr\u00e9dients ind\u00e9sirables, car ce produit ne contient rien d'autre que des cristaux de CBD purs et exempts de THC !<\/p>\n<p>Hempcare Pure CBD Crystals 99% est la nouvelle g\u00e9n\u00e9ration d'une routine de plus en plus populaire. Il suffit d'en ajouter \u00e0 votre nourriture, \u00e0 votre jus de fruit ou \u00e0 votre smoothie. Avec ce produit CBD tout-en-un, vous pouvez prendre votre dose quotidienne de bien des fa\u00e7ons, tout en vous sentant bien !<\/p>\n<p>Les cristaux de Hempcare sont extraits \u00e0 l'aide d'un proc\u00e9d\u00e9 avanc\u00e9 de CO2 supercritique afin de conserver une puret\u00e9 maximale (99%). Les chercheurs holistiques sugg\u00e8rent que le cannabis, ou plus pr\u00e9cis\u00e9ment les cannabino\u00efdes, peuvent \u00eatre b\u00e9n\u00e9fiques pour diverses maladies mentales telles que l'anxi\u00e9t\u00e9 et le SSPT, car ils r\u00e9gulent les niveaux d'humeur, ce qui r\u00e9duit l'anxi\u00e9t\u00e9.<\/p>","protected":false},"excerpt":{"rendered":"<p>Si vous recherchez des cristaux de CBD enti\u00e8rement naturels, Hempcare - Pure CBD Crystals 99% est la solution id\u00e9ale. Hempcare utilise le processus d'extraction le plus pur afin que les utilisateurs puissent profiter des avantages du chanvre et des cannabino\u00efdes sans effets secondaires ni contaminants. La forme de CBD la plus pure qui soit !<\/p>","protected":false},"featured_media":82325,"template":"","meta":[],"product_brand":[],"product_cat":[453,297,451,455,819],"product_tag":[],"class_list":{"0":"post-36349","1":"product","2":"type-product","3":"status-publish","4":"has-post-thumbnail","6":"product_cat-cbd-crystals","7":"product_cat-all-products","8":"product_cat-cbdshop","9":"product_cat-healthshop","10":"product_cat-hempcare","12":"first","13":"instock","14":"taxable","15":"shipping-taxable","16":"purchasable","17":"product-type-simple"},"_links":{"self":[{"href":"https:\/\/www.headshop.nl\/fr\/wp-json\/wp\/v2\/product\/36349","targetHints":{"allow":["GET"]}}],"collection":[{"href":"https:\/\/www.headshop.nl\/fr\/wp-json\/wp\/v2\/product"}],"about":[{"href":"https:\/\/www.headshop.nl\/fr\/wp-json\/wp\/v2\/types\/product"}],"wp:featuredmedia":[{"embeddable":true,"href":"https:\/\/www.headshop.nl\/fr\/wp-json\/wp\/v2\/media\/82325"}],"wp:attachment":[{"href":"https:\/\/www.headshop.nl\/fr\/wp-json\/wp\/v2\/media?parent=36349"}],"wp:term":[{"taxonomy":"product_brand","embeddable":true,"href":"https:\/\/www.headshop.nl\/fr\/wp-json\/wp\/v2\/product_brand?post=36349"},{"taxonomy":"product_cat","embeddable":true,"href":"https:\/\/www.headshop.nl\/fr\/wp-json\/wp\/v2\/product_cat?post=36349"},{"taxonomy":"product_tag","embeddable":true,"href":"https:\/\/www.headshop.nl\/fr\/wp-json\/wp\/v2\/product_tag?post=36349"}],"curies":[{"name":"wp","href":"https:\/\/api.w.org\/{rel}","templated":true}]}}