{"id":36290,"date":"2021-08-25T07:38:24","date_gmt":"2021-08-25T07:38:24","guid":{"rendered":"https:\/\/www.headshop.nl\/?post_type=product&#038;p=36290"},"modified":"2025-02-18T08:55:30","modified_gmt":"2025-02-18T08:55:30","slug":"sport-cbd-oil-10-hempcare","status":"publish","type":"product","link":"https:\/\/www.headshop.nl\/fr\/sport-cbd-oil-10-hempcare\/","title":{"rendered":"Sport CBD Huile (10%) Hempcare"},"content":{"rendered":"<h2>Huile CBD pour Sport par Hempcare<\/h2>\n<h2 data-pm-slice=\"1 1 []\">Qu'est-ce que le Hempcare CBD Sport ?<\/h2>\n<p>Hempcare CBD Sport est un produit CBD 100% naturel, \u00e0 spectre complet, con\u00e7u pour les athl\u00e8tes \u00e0 la recherche d'un soutien optimal pour leurs performances et leur r\u00e9cup\u00e9ration. Ce produit contient tous les compos\u00e9s essentiels de la plante de chanvre, tels que le cannabidiol (CBD), les terp\u00e8nes, les vitamines et les prot\u00e9ines.<\/p>\n<p>Ce qui rend Hempcare CBD Sport unique, c'est l'ajout de terp\u00e8nes sp\u00e9cifiques qui ont des effets b\u00e9n\u00e9fiques suppl\u00e9mentaires sur l'organisme. Les terp\u00e8nes sont des compos\u00e9s naturels d'ar\u00f4mes, de couleurs et de saveurs dot\u00e9s de propri\u00e9t\u00e9s bioactives. La recherche scientifique a montr\u00e9 que ces substances, en combinaison avec le CBD, contribuent \u00e0 une r\u00e9cup\u00e9ration musculaire plus rapide, \u00e0 une r\u00e9duction de l'inflammation et \u00e0 une am\u00e9lioration de la qualit\u00e9 du sommeil. Cela fait de Hempcare CBD Sport un compl\u00e9ment pr\u00e9cieux pour les athl\u00e8tes de tous niveaux.<\/p>\n<h2>Historique de Hempcare CBD Sport<\/h2>\n<p>Le CBD est utilis\u00e9 depuis des si\u00e8cles pour ses propri\u00e9t\u00e9s m\u00e9dicinales et th\u00e9rapeutiques. Le chanvre, dont on extrait le CBD, est l'une des plus anciennes plantes cultiv\u00e9es au monde. Au cours des derni\u00e8res d\u00e9cennies, la recherche scientifique a de plus en plus \u00e9tay\u00e9 les avantages du CBD pour les athl\u00e8tes.<\/p>\n<p>En collaboration avec des athl\u00e8tes et des chercheurs, Hempcare a d\u00e9velopp\u00e9 une formule sp\u00e9ciale qui r\u00e9pond aux besoins sp\u00e9cifiques des sportifs. Gr\u00e2ce \u00e0 l'ajout de terp\u00e8nes s\u00e9lectionn\u00e9s, Hempcare CBD Sport est non seulement un outil puissant pour la r\u00e9cup\u00e9ration musculaire et le soulagement de la douleur, mais aussi un produit qui favorise la relaxation et la concentration mentale. Cela en fait un compl\u00e9ment innovant et efficace dans l'industrie du sport.<\/p>\n<h2>Comment utiliser Hempcare CBD Sport<\/h2>\n<p>Pour une utilisation optimale, il est recommand\u00e9 de prendre Hempcare CBD Sport deux fois par jour. Bien agiter le flacon avant utilisation et d\u00e9poser 1 \u00e0 5 gouttes sous la langue. Laissez l'huile s'absorber pendant quelques secondes avant d'avaler. Cela garantit une absorption rapide et efficace des compos\u00e9s actifs.<\/p>\n<p>Le flacon contient au moins 600 gouttes, ce qui garantit une utilisation \u00e0 long terme. Le dosage exact peut varier d'un individu \u00e0 l'autre et d\u00e9pend des besoins personnels, de l'intensit\u00e9 de l'entra\u00eenement et des effets souhait\u00e9s. Il est recommand\u00e9 de commencer par une dose faible et d'augmenter progressivement jusqu'\u00e0 l'obtention du r\u00e9sultat souhait\u00e9. Si vous avez des questions concernant le dosage et l'utilisation, il est conseill\u00e9 de consulter un sp\u00e9cialiste.<\/p>\n<h2>Ingr\u00e9dients de Hempcare CBD Sport<\/h2>\n<p>Hempcare CBD Sport ne contient que des ingr\u00e9dients naturels et soigneusement s\u00e9lectionn\u00e9s pour garantir une efficacit\u00e9 maximale. Les principaux composants sont les suivants :<\/p>\n<ul data-spread=\"false\">\n<li><strong>Huile de graines de chanvre<\/strong> - une riche source d'acides gras essentiels qui favorisent l'absorption du CBD.<\/li>\n<li><strong>Extrait de chanvre (CBD)<\/strong> - favorise la r\u00e9cup\u00e9ration musculaire, r\u00e9duit la douleur et favorise la relaxation.<\/li>\n<li><strong>Myrc\u00e8ne<\/strong> - un terp\u00e8ne aux propri\u00e9t\u00e9s anti-inflammatoires.<\/li>\n<li><strong>B\u00eata-caryophyll\u00e8ne<\/strong> - aide \u00e0 soulager la douleur et soutient le syst\u00e8me immunitaire.<\/li>\n<li><strong>Eucalyptol<\/strong> - a un effet rafra\u00eechissant et favorise une fonction respiratoire saine.<\/li>\n<li><strong>Linalol<\/strong> - connue pour ses propri\u00e9t\u00e9s calmantes et relaxantes.<\/li>\n<li><strong>A-pin\u00e8ne<\/strong> - favorise la concentration et la vivacit\u00e9 d'esprit.<\/li>\n<li><strong>Humul\u00e8ne<\/strong> - contribue \u00e0 une r\u00e9ponse inflammatoire \u00e9quilibr\u00e9e dans l'organisme.<\/li>\n<\/ul>\n<p>Cette combinaison unique de CBD et de terp\u00e8nes fait de Hempcare CBD Sport un compl\u00e9ment puissant pour les athl\u00e8tes qui cherchent \u00e0 optimiser leurs performances et leur r\u00e9cup\u00e9ration.<\/p>\n<p><strong>Avertissement :<\/strong><br \/>\nNe pas d\u00e9passer le maximum de 32 gouttes par jour. Ce produit ne convient pas aux femmes enceintes ou allaitantes. Consulter un m\u00e9decin ou un pharmacien en cas de prise de m\u00e9dicaments. Ce compl\u00e9ment alimentaire ne se substitue pas \u00e0 un r\u00e9gime alimentaire vari\u00e9. Conserver le produit \u00e0 l'abri de la lumi\u00e8re, \u00e0 temp\u00e9rature ambiante et hors de port\u00e9e des enfants.<\/p>","protected":false},"excerpt":{"rendered":"<p data-pm-slice=\"1 1 []\">Hempcare CBD Sport est un produit CBD \u00e0 spectre complet, sp\u00e9cialement d\u00e9velopp\u00e9 pour les athl\u00e8tes. Enrichi en terp\u00e8nes sp\u00e9cifiques, il favorise la r\u00e9cup\u00e9ration musculaire, r\u00e9duit la douleur et l'inflammation et favorise un sommeil profond et r\u00e9parateur. Id\u00e9al pour les athl\u00e8tes qui cherchent \u00e0 optimiser leurs performances.<\/p>","protected":false},"featured_media":82350,"template":"","meta":[],"product_brand":[],"product_cat":[454,297,451,628,455,630,819,460,463],"product_tag":[],"class_list":{"0":"post-36290","1":"product","2":"type-product","3":"status-publish","4":"has-post-thumbnail","6":"product_cat-cbd-oils","7":"product_cat-all-products","8":"product_cat-cbdshop","9":"product_cat-cbdshop-top-5","10":"product_cat-healthshop","11":"product_cat-healthshop-top-10","12":"product_cat-hempcare","13":"product_cat-recovery","14":"product_cat-sport","16":"first","17":"instock","18":"taxable","19":"shipping-taxable","20":"purchasable","21":"product-type-variable","22":"has-default-attributes"},"_links":{"self":[{"href":"https:\/\/www.headshop.nl\/fr\/wp-json\/wp\/v2\/product\/36290","targetHints":{"allow":["GET"]}}],"collection":[{"href":"https:\/\/www.headshop.nl\/fr\/wp-json\/wp\/v2\/product"}],"about":[{"href":"https:\/\/www.headshop.nl\/fr\/wp-json\/wp\/v2\/types\/product"}],"wp:featuredmedia":[{"embeddable":true,"href":"https:\/\/www.headshop.nl\/fr\/wp-json\/wp\/v2\/media\/82350"}],"wp:attachment":[{"href":"https:\/\/www.headshop.nl\/fr\/wp-json\/wp\/v2\/media?parent=36290"}],"wp:term":[{"taxonomy":"product_brand","embeddable":true,"href":"https:\/\/www.headshop.nl\/fr\/wp-json\/wp\/v2\/product_brand?post=36290"},{"taxonomy":"product_cat","embeddable":true,"href":"https:\/\/www.headshop.nl\/fr\/wp-json\/wp\/v2\/product_cat?post=36290"},{"taxonomy":"product_tag","embeddable":true,"href":"https:\/\/www.headshop.nl\/fr\/wp-json\/wp\/v2\/product_tag?post=36290"}],"curies":[{"name":"wp","href":"https:\/\/api.w.org\/{rel}","templated":true}]}}